{"id":7184,"date":"2025-08-18T12:17:20","date_gmt":"2025-08-18T10:17:20","guid":{"rendered":"https:\/\/www.taybah.tn\/?page_id=7184"},"modified":"2025-08-18T12:17:21","modified_gmt":"2025-08-18T10:17:21","slug":"presentation","status":"publish","type":"page","link":"https:\/\/www.taybah.tn\/ar\/presentation\/","title":{"rendered":"\u062a\u0642\u062f\u064a\u0645"},"content":{"rendered":"<div data-elementor-type=\"wp-page\" data-elementor-id=\"7184\" class=\"elementor elementor-7184\">\n\t\t\t\t\t\t<section class=\"elementor-section elementor-top-section elementor-element elementor-element-e69aaf0 elementor-section-stretched elementor-section-full_width elementor-section-height-default elementor-section-height-default\" data-id=\"e69aaf0\" data-element_type=\"section\" data-settings=\"{&quot;stretch_section&quot;:&quot;section-stretched&quot;}\">\n\t\t\t\t\t\t<div class=\"elementor-container elementor-column-gap-default\">\n\t\t\t\t\t<div class=\"elementor-column elementor-col-100 elementor-top-column elementor-element elementor-element-52c312c\" data-id=\"52c312c\" data-element_type=\"column\">\n\t\t\t<div class=\"elementor-widget-wrap elementor-element-populated\">\n\t\t\t\t\n\n\n\t\t<div class=\"elementor-element elementor-element-888d327 elementor-widget elementor-widget-about_us_four\" data-id=\"888d327\" data-element_type=\"widget\" data-widget_type=\"about_us_four.default\">\n\t\t\t\t<div class=\"elementor-widget-container\">\n\t\t\t\t\t\t<section class=\"about-section style-two\">\n\t\t<div class=\"anim-icon\">\n\t\t\t<div class=\"icon icon-1 float-bob-x\"><\/div>\n\t\t\t<div class=\"icon icon-3\"><\/div>\n\t\t<\/div>\n\t\t<div class=\"container\">\n\t\t\t<div class=\"row\">\n\t\t\t\t<div class=\"col-lg-6 col-md-12 col-sm-12 content-column\">\n\t\t\t\t\t<div class=\"content-box\">\n\t\t\t\t\t\t<div class=\"sec-title style-two\">\n\t\t\t\t\t\t\t<h5><h1 style=\"font-size: 2.5em; color: #00C3A4; font-weight: bold; line-height: 1.5;\">\n    \n  \u0645\u0624\u0633\u0633\u0627\u062a \u0637\u064a\u0628\u0629 \u0627\u0644\u062a\u0631\u0628\u0648\u064a\u0629\u060c \u0627\u0644\u0645\u0631\u0633\u0649 : \u0645\u0624\u0633\u0633\u0629 \u062a\u0639\u0644\u064a\u0645\u064a\u0629 \u0631\u0627\u0626\u062f\u0629 \u0641\u064a \u062a\u0648\u0646\u0633<\/h1>\n<\/h5>\n\t\t\t\t\t\t\t<h1><\/h1>\n\t\t\t\t\t\t<\/div>\n\t\t\t\t\t\t<div class=\"bold-text\"><p  style=\" text-align: justify; color:#000000 \" >\u062a\u0623\u0633\u0633\u062a \u0645\u0624\u0633\u0633\u0627\u062a \u0637\u064a\u0628\u0629 \u0627\u0644\u062a\u0631\u0628\u0648\u064a\u0629 \u0633\u0646\u0629 2013 \u0628\u0647\u062f\u0641 \u0627\u0644\u0627\u0633\u062a\u062c\u0627\u0628\u0629 \u0644\u0627\u062d\u062a\u064a\u0627\u062c\u0627\u062a \u0623\u0637\u0641\u0627\u0644 \u0627\u0644\u0642\u0631\u0646 \u0627\u0644\u062d\u0627\u062f\u064a \u0648\u0627\u0644\u0639\u0634\u0631\u064a\u0646 \u0627\u0644\u0623\u0633\u0627\u0633\u064a\u0629 \u0645\u0646 \u062e\u0644\u0627\u0644 \u0627\u0644\u0633\u0639\u064a \u0625\u0644\u0649 \u062a\u0646\u0645\u064a\u0629 \u0645\u0639\u0627\u0631\u0641 \u0627\u0644\u0645\u062a\u0639\u0644\u0645\u064a\u0646 \u0648\u062a\u0637\u0648\u064a\u0631 \u0645\u0647\u0627\u0631\u0627\u062a\u0647\u0645 \u0628\u062d\u0633\u0628 \u0642\u062f\u0631\u0627\u062a\u0647\u0645 \u0648\u0646\u0633\u0642 \u0627\u0644\u062a\u0639\u0644\u0645 \u0627\u0644\u062e\u0627\u0635\u0651 \u0628\u0647\u0645.<br>\n\u0637\u064a\u0628\u0629 \u0644\u064a\u0633\u062a \u0645\u062c\u0631\u062f \u0628\u064a\u0626\u0629 \u062a\u0639\u0644\u0645 \u064a\u0644\u0642\u0646 \u0641\u064a\u0647\u0627 \u0627\u0644\u062a\u0644\u0627\u0645\u064a\u0630 \u0645\u0639\u0627\u0631\u0641\u0647\u0645 \u0641\u062d\u0633\u0628\u060c \u0628\u0644 \u0647\u064a \u0645\u062f\u0631\u0633\u0629 \u062d\u064a\u0627\u0629 \u062a\u0639\u062f \u0645\u0648\u0627\u0637\u0646\u064a\u0646 \u064a\u0633\u062a\u0634\u0631\u0641\u0648\u0646 \u0627\u0644\u0645\u0633\u062a\u0642\u0628\u0644 \u0645\u0646 \u062e\u0644\u0627\u0644 \u0627\u0646\u0641\u062a\u0627\u062d\u0647\u0645 \u0639\u0644\u0649 \u0627\u0644\u0639\u0627\u0644\u0645 \u0648\u062a\u063a\u064a\u0631\u0627\u062a\u0647. \u0641\u064a \u0637\u064a\u0628\u0629 \u064a\u062a\u0639\u0644\u0645 \u0627\u0644\u062a\u0644\u0627\u0645\u064a\u0630 \u0645\u0646 \u062e\u0644\u0627\u0644 \u0623\u062d\u062f\u062b \u0627\u0644\u0637\u0631\u0642 \u0627\u0644\u062a\u0639\u0644\u064a\u0645\u064a\u0629 \u0645\u0639 \u0627\u0644\u062d\u0631\u0635 \u0639\u0644\u0649 \u0627\u0643\u062a\u0633\u0627\u0628\u0647\u0645 \u0645\u0647\u0627\u0631\u0627\u062a \u0627\u0644\u062a\u0639\u0627\u0645\u0644 \u0645\u0639 \u0627\u0644\u0622\u062e\u0631\u064a\u0646 \u0648\u0627\u0644\u0623\u062e\u0644\u0627\u0642 \u0627\u0644\u062d\u0645\u064a\u062f\u0629.<br>\n\u062a\u0633\u0639\u0649 \u0645\u0624\u0633\u0633\u0627\u062a \u0637\u064a\u0628\u0629 \u0627\u0644\u062a\u0631\u0628\u0648\u064a\u0629 \u0625\u0644\u0649 \u0623\u0646 \u064a\u0643\u0648\u0646 \u0645\u0624\u0633\u0633\u0629 \u062a\u0639\u0644\u064a\u0645\u064a\u0629 \u0631\u0627\u0626\u062f\u0629 \u0644\u0644\u0645\u0633\u062a\u0642\u0628\u0644 \u0645\u0646 \u062d\u064a\u062b \u0645\u0646\u0627\u0647\u062c \u0627\u0644\u062a\u062f\u0631\u064a\u0633 \u0648\u0623\u0633\u0627\u0644\u064a\u0628 \u0627\u0644\u062a\u0639\u0644\u0645.<br>\n\u062a\u0633\u0639\u0649 \u0645\u0624\u0633\u0633\u0627\u062a \u0637\u064a\u0628\u0629 \u0627\u0644\u062a\u0631\u0628\u0648\u064a\u0629  \u0625\u0644\u0649 \u0623\u0646 \u062a\u0643\u0648\u0646 \u0645\u0624\u0633\u0633\u0629 \u062a\u0639\u0644\u064a\u0645\u064a\u0629 \u0631\u0627\u0626\u062f\u0629 \u0644\u0644\u0645\u0633\u062a\u0642\u0628\u0644 \u0645\u0646 \u062d\u064a\u062b \u0645\u0646\u0627\u0647\u062c \u0627\u0644\u062a\u062f\u0631\u064a\u0633 \u0648\u0623\u0633\u0627\u0644\u064a\u0628 \u0627\u0644\u062a\u0639\u0644\u0645.\n\u062a\u0642\u0639 \u0637\u064a\u0628\u0629 \u0641\u064a \u062c\u0647\u0629 \u0627\u0644\u0645\u0631\u0633\u0649\u060c \u0648\u062a\u0636\u0645 \u062d\u0636\u0627\u0646\u0629\u060c \u0645\u062f\u0631\u0633\u0629 \u0627\u0628\u062a\u062f\u0627\u0626\u064a\u0629 \u0648\u0645\u062f\u0631\u0633\u0629 \u0625\u0639\u062f\u0627\u062f\u064a\u0629 \u062b\u0644\u0627\u062b\u064a\u0629 \u0627\u0644\u0644\u063a\u0627\u062a (\u0627\u0644\u0639\u0631\u0628\u064a\u0629 \/ \u0627\u0644\u0625\u0646\u062c\u0644\u064a\u0632\u064a\u0629 \/ \u0627\u0644\u0641\u0631\u0646\u0633\u064a\u0629). \u0643\u0645\u0627 \u064a\u0633\u062a\u0642\u0628\u0644 \u0627\u0644\u0645\u0631\u0643\u0632 \u062d\u0648\u0627\u0644\u064a 800 \u0637\u0641\u0644\u0627 \u0641\u064a \u0645\u0633\u0627\u062d\u0629 \u0645\u0645\u062a\u0639\u0629\n<\/p><\/div>\n\t\t\t\t\t\t<div class=\"text\">\n\t\t\t\t\t\t\t<p><\/p>\n\t\t\t\t\t\t<\/div>\n\t\t\t\t\t\t<div class=\"btn-box\">\n\t\t\t\t\t\t\n\t\t\t\t\t<a href=\"\/ar\/contacter-nous\/\" target=\"_blank\" rel=\"nofollow\" class=\"theme-btn\"> \u062a\u0648\u0627\u0635\u0644 \u0645\u0639\u0646\u0627 <\/a>\t\t\t\t\t\t<\/div>\n\t\t\t\t\t<\/div>\n\t\t\t\t<\/div>\n\t\t\t\t<div class=\"col-lg-6 col-md-12 col-sm-12 image-column\">\n\t\t\t\t\t<div class=\"image-box wow fadeInRight animated\" data-wow-delay=\"0ms\" data-wow-duration=\"1500ms\" style=\"visibility: visible; animation-duration: 1500ms; animation-delay: 0ms; animation-name: fadeInRight;\">\n\t\t\t\t\t\t<figure class=\"image image-1\"><img decoding=\"async\" src=\"https:\/\/www.taybah.tn\/wp-content\/uploads\/2024\/05\/6-01.png\" alt=\"\" loading=\"lazy\"><\/figure>\n\t\t\t\t\t\t<figure class=\"image image-2\"><img decoding=\"async\" src=\"https:\/\/www.taybah.tn\/wp-content\/uploads\/2024\/05\/4.png\" alt=\"\" loading=\"lazy\"><\/figure>\n\t\t\t\t\t<\/div>\n\t\t\t\t<\/div>\n\t\t\t<\/div>\n\t\t<\/div>\n\t<\/section> \n\t\t\t\t\t\t<\/div>\n\t\t\t\t<\/div>\n\t\t\t\t\t<\/div>\n\t\t<\/div>\n\t\t\t\t\t<\/div>\n\t\t<\/section>\n\t\t\t\t<section class=\"elementor-section elementor-top-section elementor-element elementor-element-6cdfcfb elementor-section-boxed elementor-section-height-default elementor-section-height-default\" data-id=\"6cdfcfb\" data-element_type=\"section\">\n\t\t\t\t\t\t<div class=\"elementor-container elementor-column-gap-default\">\n\t\t\t\t\t<div class=\"elementor-column elementor-col-100 elementor-top-column elementor-element elementor-element-5069c34\" data-id=\"5069c34\" data-element_type=\"column\">\n\t\t\t<div class=\"elementor-widget-wrap elementor-element-populated\">\n\t\t\t\t\t\t<div class=\"elementor-element elementor-element-f0f7c5b elementor-widget elementor-widget-video\" data-id=\"f0f7c5b\" data-element_type=\"widget\" data-settings=\"{&quot;youtube_url&quot;:&quot;https:\\\/\\\/www.youtube.com\\\/watch?v=YVNKBxpaCoo&amp;ab_channel=CentreTaybah&quot;,&quot;loop&quot;:&quot;yes&quot;,&quot;video_type&quot;:&quot;youtube&quot;,&quot;controls&quot;:&quot;yes&quot;}\" data-widget_type=\"video.default\">\n\t\t\t\t<div class=\"elementor-widget-container\">\n\t\t\t\t\t\t\t<div class=\"elementor-wrapper elementor-open-inline\">\n\t\t\t<div class=\"elementor-video\"><\/div>\t\t<\/div>\n\t\t\t\t\t\t<\/div>\n\t\t\t\t<\/div>\n\t\t\t\t\t<\/div>\n\t\t<\/div>\n\t\t\t\t\t<\/div>\n\t\t<\/section>\n\t\t\t\t<\/div>","protected":false},"excerpt":{"rendered":"<p>Pr\u00e9sentation de Taybah Education Group, La Marsa: Ecole de [&hellip;]<\/p>","protected":false},"author":18,"featured_media":5534,"parent":0,"menu_order":0,"comment_status":"closed","ping_status":"closed","template":"elementor_header_footer","meta":{"inline_featured_image":false,"footnotes":""},"class_list":["post-7184","page","type-page","status-publish","has-post-thumbnail","hentry"],"yoast_head":"<!-- This site is optimized with the Yoast SEO plugin v26.9 - https:\/\/yoast.com\/product\/yoast-seo-wordpress\/ -->\n<title>Pr\u00e9sentation - Taybah Education Group La Marsa, Tunis<\/title>\n<meta name=\"description\" content=\"D\u00e9couvrez Taybah Education Group bas\u00e9 \u00e0 la Marsa. Notre \u00e9tablissement regroupe une \u00e9cole maternelle, primaire, coll\u00e8ge &amp; Lyc\u00e9e et accueille environ 8OO \u00e9l\u00e8ves\" \/>\n<meta name=\"robots\" content=\"index, follow, max-snippet:-1, max-image-preview:large, max-video-preview:-1\" \/>\n<link rel=\"canonical\" href=\"https:\/\/www.taybah.tn\/ar\/presentation\/\" \/>\n<meta property=\"og:locale\" content=\"ar_AR\" \/>\n<meta property=\"og:type\" content=\"article\" \/>\n<meta property=\"og:title\" content=\"Pr\u00e9sentation - Taybah Education Group La Marsa, Tunis\" \/>\n<meta property=\"og:description\" content=\"D\u00e9couvrez Taybah Education Group bas\u00e9 \u00e0 la Marsa. Notre \u00e9tablissement regroupe une \u00e9cole maternelle, primaire, coll\u00e8ge &amp; Lyc\u00e9e et accueille environ 8OO \u00e9l\u00e8ves\" \/>\n<meta property=\"og:url\" content=\"https:\/\/www.taybah.tn\/ar\/presentation\/\" \/>\n<meta property=\"og:site_name\" content=\"TAYBAH\" \/>\n<meta property=\"article:modified_time\" content=\"2025-08-18T10:17:21+00:00\" \/>\n<meta property=\"og:image\" content=\"https:\/\/www.taybah.tn\/wp-content\/uploads\/2025\/05\/1-pour-inscrivez-vous.jpg\" \/>\n\t<meta property=\"og:image:width\" content=\"1024\" \/>\n\t<meta property=\"og:image:height\" content=\"347\" \/>\n\t<meta property=\"og:image:type\" content=\"image\/jpeg\" \/>\n<meta name=\"twitter:card\" content=\"summary_large_image\" \/>\n<meta name=\"twitter:label1\" content=\"\u0648\u0642\u062a \u0627\u0644\u0642\u0631\u0627\u0621\u0629 \u0627\u0644\u0645\u064f\u0642\u062f\u0651\u0631\" \/>\n\t<meta name=\"twitter:data1\" content=\"\u062f\u0642\u064a\u0642\u062a\u0627\u0646\" \/>\n<script type=\"application\/ld+json\" class=\"yoast-schema-graph\">{\"@context\":\"https:\/\/schema.org\",\"@graph\":[{\"@type\":\"WebPage\",\"@id\":\"https:\/\/www.taybah.tn\/presentation\/\",\"url\":\"https:\/\/www.taybah.tn\/presentation\/\",\"name\":\"Pr\u00e9sentation - Taybah Education Group La Marsa, Tunis\",\"isPartOf\":{\"@id\":\"https:\/\/www.taybah.tn\/#website\"},\"primaryImageOfPage\":{\"@id\":\"https:\/\/www.taybah.tn\/presentation\/#primaryimage\"},\"image\":{\"@id\":\"https:\/\/www.taybah.tn\/presentation\/#primaryimage\"},\"thumbnailUrl\":\"https:\/\/www.taybah.tn\/wp-content\/uploads\/2025\/05\/1-pour-inscrivez-vous.jpg\",\"datePublished\":\"2025-08-18T10:17:20+00:00\",\"dateModified\":\"2025-08-18T10:17:21+00:00\",\"description\":\"D\u00e9couvrez Taybah Education Group bas\u00e9 \u00e0 la Marsa. Notre \u00e9tablissement regroupe une \u00e9cole maternelle, primaire, coll\u00e8ge & Lyc\u00e9e et accueille environ 8OO \u00e9l\u00e8ves\",\"breadcrumb\":{\"@id\":\"https:\/\/www.taybah.tn\/presentation\/#breadcrumb\"},\"inLanguage\":\"ar\",\"potentialAction\":[{\"@type\":\"ReadAction\",\"target\":[\"https:\/\/www.taybah.tn\/presentation\/\"]}]},{\"@type\":\"ImageObject\",\"inLanguage\":\"ar\",\"@id\":\"https:\/\/www.taybah.tn\/presentation\/#primaryimage\",\"url\":\"https:\/\/www.taybah.tn\/wp-content\/uploads\/2025\/05\/1-pour-inscrivez-vous.jpg\",\"contentUrl\":\"https:\/\/www.taybah.tn\/wp-content\/uploads\/2025\/05\/1-pour-inscrivez-vous.jpg\",\"width\":1024,\"height\":347},{\"@type\":\"BreadcrumbList\",\"@id\":\"https:\/\/www.taybah.tn\/presentation\/#breadcrumb\",\"itemListElement\":[{\"@type\":\"ListItem\",\"position\":1,\"name\":\"Accueil\",\"item\":\"https:\/\/www.taybah.tn\/\"},{\"@type\":\"ListItem\",\"position\":2,\"name\":\"Pr\u00e9sentation\"}]},{\"@type\":\"WebSite\",\"@id\":\"https:\/\/www.taybah.tn\/#website\",\"url\":\"https:\/\/www.taybah.tn\/\",\"name\":\"TAYBAH\",\"description\":\"TAYBAH Education Group - \u00c9tablissement scolaire priv\u00e9 \u00e0 La Marsa, Tunis, Tunisie\",\"publisher\":{\"@id\":\"https:\/\/www.taybah.tn\/#organization\"},\"potentialAction\":[{\"@type\":\"SearchAction\",\"target\":{\"@type\":\"EntryPoint\",\"urlTemplate\":\"https:\/\/www.taybah.tn\/?s={search_term_string}\"},\"query-input\":{\"@type\":\"PropertyValueSpecification\",\"valueRequired\":true,\"valueName\":\"search_term_string\"}}],\"inLanguage\":\"ar\"},{\"@type\":\"Organization\",\"@id\":\"https:\/\/www.taybah.tn\/#organization\",\"name\":\"TAYBAH\",\"url\":\"https:\/\/www.taybah.tn\/\",\"logo\":{\"@type\":\"ImageObject\",\"inLanguage\":\"ar\",\"@id\":\"https:\/\/www.taybah.tn\/#\/schema\/logo\/image\/\",\"url\":\"https:\/\/www.taybah.tn\/wp-content\/uploads\/2025\/05\/logo-TYb-for-site.png\",\"contentUrl\":\"https:\/\/www.taybah.tn\/wp-content\/uploads\/2025\/05\/logo-TYb-for-site.png\",\"width\":287,\"height\":300,\"caption\":\"TAYBAH\"},\"image\":{\"@id\":\"https:\/\/www.taybah.tn\/#\/schema\/logo\/image\/\"}}]}<\/script>\n<!-- \/ Yoast SEO plugin. -->","yoast_head_json":{"title":"Pr\u00e9sentation - Taybah Education Group La Marsa, Tunis","description":"D\u00e9couvrez Taybah Education Group bas\u00e9 \u00e0 la Marsa. Notre \u00e9tablissement regroupe une \u00e9cole maternelle, primaire, coll\u00e8ge & Lyc\u00e9e et accueille environ 8OO \u00e9l\u00e8ves","robots":{"index":"index","follow":"follow","max-snippet":"max-snippet:-1","max-image-preview":"max-image-preview:large","max-video-preview":"max-video-preview:-1"},"canonical":"https:\/\/www.taybah.tn\/ar\/presentation\/","og_locale":"ar_AR","og_type":"article","og_title":"Pr\u00e9sentation - Taybah Education Group La Marsa, Tunis","og_description":"D\u00e9couvrez Taybah Education Group bas\u00e9 \u00e0 la Marsa. Notre \u00e9tablissement regroupe une \u00e9cole maternelle, primaire, coll\u00e8ge & Lyc\u00e9e et accueille environ 8OO \u00e9l\u00e8ves","og_url":"https:\/\/www.taybah.tn\/ar\/presentation\/","og_site_name":"TAYBAH","article_modified_time":"2025-08-18T10:17:21+00:00","og_image":[{"width":1024,"height":347,"url":"https:\/\/www.taybah.tn\/wp-content\/uploads\/2025\/05\/1-pour-inscrivez-vous.jpg","type":"image\/jpeg"}],"twitter_card":"summary_large_image","twitter_misc":{"\u0648\u0642\u062a \u0627\u0644\u0642\u0631\u0627\u0621\u0629 \u0627\u0644\u0645\u064f\u0642\u062f\u0651\u0631":"\u062f\u0642\u064a\u0642\u062a\u0627\u0646"},"schema":{"@context":"https:\/\/schema.org","@graph":[{"@type":"WebPage","@id":"https:\/\/www.taybah.tn\/presentation\/","url":"https:\/\/www.taybah.tn\/presentation\/","name":"Pr\u00e9sentation - Taybah Education Group La Marsa, Tunis","isPartOf":{"@id":"https:\/\/www.taybah.tn\/#website"},"primaryImageOfPage":{"@id":"https:\/\/www.taybah.tn\/presentation\/#primaryimage"},"image":{"@id":"https:\/\/www.taybah.tn\/presentation\/#primaryimage"},"thumbnailUrl":"https:\/\/www.taybah.tn\/wp-content\/uploads\/2025\/05\/1-pour-inscrivez-vous.jpg","datePublished":"2025-08-18T10:17:20+00:00","dateModified":"2025-08-18T10:17:21+00:00","description":"D\u00e9couvrez Taybah Education Group bas\u00e9 \u00e0 la Marsa. Notre \u00e9tablissement regroupe une \u00e9cole maternelle, primaire, coll\u00e8ge & Lyc\u00e9e et accueille environ 8OO \u00e9l\u00e8ves","breadcrumb":{"@id":"https:\/\/www.taybah.tn\/presentation\/#breadcrumb"},"inLanguage":"ar","potentialAction":[{"@type":"ReadAction","target":["https:\/\/www.taybah.tn\/presentation\/"]}]},{"@type":"ImageObject","inLanguage":"ar","@id":"https:\/\/www.taybah.tn\/presentation\/#primaryimage","url":"https:\/\/www.taybah.tn\/wp-content\/uploads\/2025\/05\/1-pour-inscrivez-vous.jpg","contentUrl":"https:\/\/www.taybah.tn\/wp-content\/uploads\/2025\/05\/1-pour-inscrivez-vous.jpg","width":1024,"height":347},{"@type":"BreadcrumbList","@id":"https:\/\/www.taybah.tn\/presentation\/#breadcrumb","itemListElement":[{"@type":"ListItem","position":1,"name":"Accueil","item":"https:\/\/www.taybah.tn\/"},{"@type":"ListItem","position":2,"name":"Pr\u00e9sentation"}]},{"@type":"WebSite","@id":"https:\/\/www.taybah.tn\/#website","url":"https:\/\/www.taybah.tn\/","name":"TAYBAH","description":"TAYBAH Education Group - \u00c9tablissement scolaire priv\u00e9 \u00e0 La Marsa, Tunis, Tunisie","publisher":{"@id":"https:\/\/www.taybah.tn\/#organization"},"potentialAction":[{"@type":"SearchAction","target":{"@type":"EntryPoint","urlTemplate":"https:\/\/www.taybah.tn\/?s={search_term_string}"},"query-input":{"@type":"PropertyValueSpecification","valueRequired":true,"valueName":"search_term_string"}}],"inLanguage":"ar"},{"@type":"Organization","@id":"https:\/\/www.taybah.tn\/#organization","name":"TAYBAH","url":"https:\/\/www.taybah.tn\/","logo":{"@type":"ImageObject","inLanguage":"ar","@id":"https:\/\/www.taybah.tn\/#\/schema\/logo\/image\/","url":"https:\/\/www.taybah.tn\/wp-content\/uploads\/2025\/05\/logo-TYb-for-site.png","contentUrl":"https:\/\/www.taybah.tn\/wp-content\/uploads\/2025\/05\/logo-TYb-for-site.png","width":287,"height":300,"caption":"TAYBAH"},"image":{"@id":"https:\/\/www.taybah.tn\/#\/schema\/logo\/image\/"}}]}},"_links":{"self":[{"href":"https:\/\/www.taybah.tn\/ar\/wp-json\/wp\/v2\/pages\/7184","targetHints":{"allow":["GET"]}}],"collection":[{"href":"https:\/\/www.taybah.tn\/ar\/wp-json\/wp\/v2\/pages"}],"about":[{"href":"https:\/\/www.taybah.tn\/ar\/wp-json\/wp\/v2\/types\/page"}],"author":[{"embeddable":true,"href":"https:\/\/www.taybah.tn\/ar\/wp-json\/wp\/v2\/users\/18"}],"replies":[{"embeddable":true,"href":"https:\/\/www.taybah.tn\/ar\/wp-json\/wp\/v2\/comments?post=7184"}],"version-history":[{"count":0,"href":"https:\/\/www.taybah.tn\/ar\/wp-json\/wp\/v2\/pages\/7184\/revisions"}],"wp:featuredmedia":[{"embeddable":true,"href":"https:\/\/www.taybah.tn\/ar\/wp-json\/wp\/v2\/media\/5534"}],"wp:attachment":[{"href":"https:\/\/www.taybah.tn\/ar\/wp-json\/wp\/v2\/media?parent=7184"}],"curies":[{"name":"wp","href":"https:\/\/api.w.org\/{rel}","templated":true}]}}