{"id":7108,"date":"2025-08-14T13:26:40","date_gmt":"2025-08-14T11:26:40","guid":{"rendered":"https:\/\/www.taybah.tn\/?page_id=7108"},"modified":"2025-08-21T16:06:09","modified_gmt":"2025-08-21T14:06:09","slug":"tps","status":"publish","type":"page","link":"https:\/\/www.taybah.tn\/ar\/tps\/","title":{"rendered":"TPS"},"content":{"rendered":"<div data-elementor-type=\"wp-page\" data-elementor-id=\"7108\" class=\"elementor elementor-7108\">\n\t\t\t\t\t\t<section class=\"elementor-section elementor-top-section elementor-element elementor-element-f1dc5a6 elementor-section-boxed elementor-section-height-default elementor-section-height-default\" data-id=\"f1dc5a6\" data-element_type=\"section\">\n\t\t\t\t\t\t<div class=\"elementor-container elementor-column-gap-default\">\n\t\t\t\t\t<div class=\"elementor-column elementor-col-100 elementor-top-column elementor-element elementor-element-0d1b315\" data-id=\"0d1b315\" data-element_type=\"column\">\n\t\t\t<div class=\"elementor-widget-wrap elementor-element-populated\">\n\t\t\t\t\n\n\n\t\t<div class=\"elementor-element elementor-element-760d6e9 elementor-widget elementor-widget-video\" data-id=\"760d6e9\" data-element_type=\"widget\" data-settings=\"{&quot;video_type&quot;:&quot;hosted&quot;,&quot;autoplay&quot;:&quot;yes&quot;,&quot;controls&quot;:&quot;yes&quot;}\" data-widget_type=\"video.default\">\n\t\t\t\t<div class=\"elementor-widget-container\">\n\t\t\t\t\t\t\t<div class=\"e-hosted-video elementor-wrapper elementor-open-inline\">\n\t\t\t\t\t<video class=\"elementor-video\" src=\"https:\/\/www.taybah.tn\/wp-content\/uploads\/2025\/07\/intervention-taybah-sue-mosaique-fm.mp4\" autoplay=\"\" controls=\"\" controlslist=\"nodownload\"><\/video>\n\t\t\t\t<\/div>\n\t\t\t\t\t\t<\/div>\n\t\t\t\t<\/div>\n\t\t\t\t\t<\/div>\n\t\t<\/div>\n\t\t\t\t\t<\/div>\n\t\t<\/section>\n\t\t\t\t<section class=\"elementor-section elementor-top-section elementor-element elementor-element-1d40dee elementor-section-stretched elementor-section-full_width elementor-section-height-default elementor-section-height-default\" data-id=\"1d40dee\" data-element_type=\"section\" data-settings=\"{&quot;stretch_section&quot;:&quot;section-stretched&quot;}\">\n\t\t\t\t\t\t<div class=\"elementor-container elementor-column-gap-default\">\n\t\t\t\t\t<div class=\"elementor-column elementor-col-100 elementor-top-column elementor-element elementor-element-a09f9cc\" data-id=\"a09f9cc\" data-element_type=\"column\">\n\t\t\t<div class=\"elementor-widget-wrap elementor-element-populated\">\n\t\t\t\t\t\t<div class=\"elementor-element elementor-element-8cfd726 elementor-widget elementor-widget-about_us_four\" data-id=\"8cfd726\" data-element_type=\"widget\" data-widget_type=\"about_us_four.default\">\n\t\t\t\t<div class=\"elementor-widget-container\">\n\t\t\t\t\t\t<section class=\"about-section style-two\">\n\t\t<div class=\"anim-icon\">\n\t\t\t<div class=\"icon icon-1 float-bob-x\"><\/div>\n\t\t\t<div class=\"icon icon-3\"><\/div>\n\t\t<\/div>\n\t\t<div class=\"container\">\n\t\t\t<div class=\"row\">\n\t\t\t\t<div class=\"col-lg-6 col-md-12 col-sm-12 content-column\">\n\t\t\t\t\t<div class=\"content-box\">\n\t\t\t\t\t\t<div class=\"sec-title style-two\">\n\t\t\t\t\t\t\t<h5><h1 style=\"font-size: 2.5em; color: #00C3A4; font-weight: bold; line-height: 1.5;\">\n    \t\u062a\u0639\u0631\u0641\u0648\u0627 \u0639\u0644\u0649 \u0627\u0644\u0645\u062f\u0631\u0633\u0629 \u0627\u0644\u0625\u0639\u062f\u0627\u062f\u064a\u0629 \u0637\u064a\u0628\u0629\u060c \u0627\u0644\u0645\u0631\u0633\u0649\u060c \u062a\u0648\u0646\u0633<\/h2>\n<\/h5>\n\t\t\t\t\t\t\t<h1><\/h1>\n\t\t\t\t\t\t<\/div>\n\t\t\t\t\t\t<div class=\"bold-text\"> <p  style=\" color: #000; text-align:justify;\" >\u0645\u0644\u062a\u0632\u0645\u0648\u0646 \u0641\u064a \u0645\u062f\u0631\u0633\u0629 \u0631\u0648\u0651\u062f \u0637\u064a\u0628\u0629 \u0628\u062a\u0648\u0641\u064a\u0631 \u062a\u0639\u0644\u064a\u0645 \u0639\u0627\u0644\u064a \u0627\u0644\u062c\u0648\u062f\u0629 \u0648\u062a\u0639\u0632\u064a\u0632 \u0627\u0644\u0641\u0636\u0648\u0644 \u0627\u0644\u0641\u0643\u0631\u064a \u0648\u062a\u0634\u062c\u064a\u0639 \u0627\u0644\u062a\u0637\u0648\u064a\u0631 \u0627\u0644\u0634\u0627\u0645\u0644 \u0644\u0643\u0644 \u062a\u0644\u0645\u064a\u0630. \u0645\u0647\u0645\u062a\u0646\u0627 \u0647\u064a \u0627\u0646\u0634\u0627\u0621 \u0645\u0648\u0627\u0637\u0646\u064a\u0646 \u0645\u0633\u0624\u0648\u0644\u064a\u0646\u060c \u0645\u0628\u062f\u0639\u064a\u0646 \u0648\u0623\u0643\u0641\u0627\u0621\u060c \u0642\u0627\u062f\u0631\u064a\u0646 \u0639\u0644\u0649 \u0645\u0648\u0627\u062c\u0647\u0629 \u062a\u062d\u062f\u064a\u0627\u062a \u0639\u0627\u0644\u0645 \u0645\u062a\u063a\u064a\u0631 \u0628\u0627\u0633\u062a\u0645\u0631\u0627\u0631.<\/p><\/div>\n\t\t\t\t\t\t<div class=\"text\">\n\t\t\t\t\t\t\t<p><\/p>\n\t\t\t\t\t\t<\/div>\n\t\t\t\t\t\t<div class=\"btn-box\">\n\t\t\t\t\t\t\n\t\t\t\t\t<a href=\"\" target=\"_blank\" rel=\"nofollow\" class=\"theme-btn\"> \u062a\u0648\u0627\u0635\u0644 \u0645\u0639\u0646\u0627 <\/a>\t\t\t\t\t\t<\/div>\n\t\t\t\t\t<\/div>\n\t\t\t\t<\/div>\n\t\t\t\t<div class=\"col-lg-6 col-md-12 col-sm-12 image-column\">\n\t\t\t\t\t<div class=\"image-box wow fadeInRight animated\" data-wow-delay=\"0ms\" data-wow-duration=\"1500ms\" style=\"visibility: visible; animation-duration: 1500ms; animation-delay: 0ms; animation-name: fadeInRight;\">\n\t\t\t\t\t\t<figure class=\"image image-1\"><img decoding=\"async\" src=\"https:\/\/www.taybah.tn\/wp-content\/uploads\/2023\/12\/college-1-min1-1-scaled.jpg\" alt=\"\" loading=\"lazy\"><\/figure>\n\t\t\t\t\t\t<figure class=\"image image-2\"><img decoding=\"async\" src=\"\" alt=\"\"><\/figure>\n\t\t\t\t\t<\/div>\n\t\t\t\t<\/div>\n\t\t\t<\/div>\n\t\t<\/div>\n\t<\/section> \n\t\t\t\t\t\t<\/div>\n\t\t\t\t<\/div>\n\t\t\t\t\t<\/div>\n\t\t<\/div>\n\t\t\t\t\t<\/div>\n\t\t<\/section>\n\t\t\t\t<section class=\"elementor-section elementor-top-section elementor-element elementor-element-0c029c4 elementor-section-full_width elementor-section-height-default elementor-section-height-default\" data-id=\"0c029c4\" data-element_type=\"section\">\n\t\t\t\t\t\t<div class=\"elementor-container elementor-column-gap-default\">\n\t\t\t\t\t<div class=\"elementor-column elementor-col-100 elementor-top-column elementor-element elementor-element-e06a95e\" data-id=\"e06a95e\" data-element_type=\"column\">\n\t\t\t<div class=\"elementor-widget-wrap elementor-element-populated\">\n\t\t\t\t\t\t<div class=\"elementor-element elementor-element-2af5238 con-p elementor-widget elementor-widget-about_us_one\" data-id=\"2af5238\" data-element_type=\"widget\" data-widget_type=\"about_us_one.default\">\n\t\t\t\t<div class=\"elementor-widget-container\">\n\t\t\t\t\t\t\t<section class=\"about-section\">\n\t\t\t\t\t<div class=\"container\">\n\t\t\t\t<div class=\"row\">\n\t\t\t\t\t<div class=\"col-lg-6 col-md-12 col-sm-12 image-column\">\n\t\t\t\t\t\t<div class=\"image-box wow fadeInLeft\" data-wow-delay=\"0ms\" data-wow-duration=\"1500ms\">\n\t\t\t\t\t\t\t<figure class=\"image image-1\"><img decoding=\"async\" src=\"https:\/\/www.taybah.tn\/wp-content\/uploads\/2023\/12\/college-3-min1.jpg\" alt=\"\" loading=\"lazy\"><\/figure>\n\t\t\t\t\t\t\t<figure class=\"image image-2\"><img decoding=\"async\" src=\"https:\/\/www.taybah.tn\/wp-content\/uploads\/2023\/12\/college-4-min-scaled.jpg\" alt=\"\" loading=\"lazy\"><\/figure>\n\t\t\t\t\t\t<\/div>\n\t\t\t\t\t<\/div>\n\t\t\t\t\t<div class=\"col-lg-6 col-md-12 col-sm-12 content-column\">\n\t\t\t\t\t\t<div class=\"content-box\">\n\t\t\t\t\t\t\t<div class=\"sec-title style-two\">\n\t\t\t\t\t\t\t\t<h5><\/h5>\n\t\t\t\t\t\t\t\t<p class=\"about_us\">\n<b><h2 style=\"font-size: 2.5em; color: #E23B5A; line-height: 1.5;\">\n    \t\u0645\u062f\u0631\u0633\u0629 \u0637\u064a\u0628\u0629 \u0627\u0644\u0625\u0639\u062f\u0627\u062f\u064a\u0629\u060c \u062a\u0648\u0646\u0633 : \u0627\u0644\u062a\u0635\u0645\u064a\u0645 \u0627\u0644\u0628\u064a\u062f\u0627\u063a\u0648\u062c\u064a \u0644\u0644\u0628\u0631\u0646\u0627\u0645\u062c \u0627\u0644\u062f\u0631\u0627\u0633\u064a<\/h2><\/b>\n<\/p>\n\t\t\t\t\t\t\t<\/div>\n\t\t\t\t\t\t\t<div class=\"bold-text\"> <p  style=\" color: #000; text-align:justify;\" >\u0646\u0637\u0645\u062d \u0623\u0646 \u062a\u0643\u0648\u0646 \u0645\u0631\u0643\u0632\u064b\u0627 \u062a\u0639\u0644\u064a\u0645\u064a\u0627 \u0646\u0645\u0648\u0630\u062c\u064a\u0627\u060c \u0644\u062a\u0643\u0648\u064a\u0646 \u0642\u0627\u062f\u0629 \u0627\u0644\u0645\u0633\u062a\u0641\u0628\u0644 \u0630\u0648\u064a \u0623\u062e\u0644\u0627\u0642 \u0648\u0643\u0641\u0627\u0621\u0629 \u0645\u0646 \u0623\u062c\u0644 \u0645\u0633\u0627\u0647\u0645\u0629 \u0625\u064a\u062c\u0627\u0628\u064a\u0629 \u0641\u064a \u0627\u0644\u0645\u062c\u062a\u0645\u0639.\n<\/p>\n<\/div>\n\t\t\t\t\t\t\t<div class=\"text\">\n\t\t\t\t\t\t\t\t<p><ul>\n<li>  <span  style=\" color: #000; text-align:justify;\" >\u062a\u0648\u0641\u064a\u0631 \u062a\u0639\u0644\u064a\u0645 \u0630\u064a \u062c\u0648\u062f\u0629 \u0639\u0627\u0644\u064a\u0629 \u0645\u0628\u0646\u064a \u0639\u0644\u0649 \u0627\u0644\u0623\u062e\u0644\u0627\u0642 \u0648\u0627\u0644\u0642\u064a\u0645.<\/span><\/li> \n<li>  <span  style=\" color: #000; text-align:justify;\" >\u062a\u0634\u062c\u064a\u0639 \u0627\u0644\u062a\u0641\u0648\u0642 \u0627\u0644\u0623\u0643\u0627\u062f\u064a\u0645\u064a \u0648\u0627\u0644\u062a\u0641\u0643\u064a\u0631 \u0627\u0644\u0646\u0642\u062f\u064a.<\/span><\/li> \n<li> <span  style=\" color: #000; text-align:justify;\" >\u062a\u0639\u0632\u064a\u0632 \u0627\u0644\u0627\u062d\u062a\u0631\u0627\u0645 \u0648\u0627\u0644\u062a\u0633\u0627\u0645\u062d \u0648\u0627\u0644\u062a\u0646\u0648\u0639 \u0627\u0644\u062b\u0642\u0627\u0641\u064a.<\/span><\/li>\n<li> <span  style=\" color: #000; text-align:justify;\" >\u062a\u0637\u0648\u064a\u0631 \u0627\u0644\u0645\u0647\u0627\u0631\u0627\u062a \u0627\u0644\u0639\u0645\u0644\u064a\u0629 \u0648\u0627\u0644\u0641\u0647\u0645 \u0627\u0644\u0645\u062a\u0639\u0645\u0642 \u0644\u0644\u0645\u0648\u0636\u0648\u0639\u0627\u062a<\/span><\/li>\n<li> <span  style=\" color: #000; text-align:justify;\" >\u062a\u0639\u0632\u064a\u0632 \u0627\u0644\u0627\u0633\u062a\u0642\u0644\u0627\u0644\u064a\u0629 \u0648\u0627\u0644\u0645\u0633\u0624\u0648\u0644\u064a\u0629 \u0648\u0627\u0644\u0642\u064a\u0627\u062f\u0629 \u0628\u064a\u0646 \u0627\u0644\u062a\u0644\u0627\u0645\u064a\u0630. <\/span><\/li>\n<li> <span  style=\" color: #000; text-align:justify;\" >\u062f\u0645\u062c \u0627\u0644\u062a\u0643\u0646\u0648\u0644\u0648\u062c\u064a\u0627 \u0628\u062d\u0643\u0645\u0629 \u0641\u064a \u0627\u0644\u062a\u0639\u0644\u0645.\n<\/span><\/li>\n<li> <span  style=\" color: #000; text-align:justify;\" >\u062a\u0634\u062c\u064a\u0639 \u0627\u0644\u0625\u0628\u062f\u0627\u0639 \u0648\u0627\u0644\u0627\u0628\u062a\u0643\u0627\u0631 \u0648\u0631\u064a\u0627\u062f\u0629 \u0627\u0644\u0623\u0639\u0645\u0627\u0644.<\/span><\/li>\n<li> <span  style=\" color: #000; text-align:justify;\" >\u062e\u0644\u0642 \u0628\u064a\u0626\u0629 \u062a\u0639\u0644\u064a\u0645\u064a\u0629 \u0645\u0633\u062a\u062f\u0627\u0645\u0629 \u0648\u0635\u062f\u064a\u0642\u0629 \u0644\u0644\u0628\u064a\u0626\u0629.<\/span><\/li>\n<\/ul><\/p>\n\t\t\t\t\t\t\t<\/div>\n\t\t\t\t\t\t\t<div class=\"btn-box\"><a href=\"\" class=\"theme-btn\"><\/a><\/div>\n\t\t\t\t\t\t<\/div>\n\t\t\t\t\t<\/div>\n\t\t\t\t<\/div>\n\t\t\t<\/div>\n\t\t<\/section>\n\t\t\t\t\t\t<\/div>\n\t\t\t\t<\/div>\n\t\t\t\t\t<\/div>\n\t\t<\/div>\n\t\t\t\t\t<\/div>\n\t\t<\/section>\n\t\t\t\t<section class=\"elementor-section elementor-top-section elementor-element elementor-element-e69aaf0 elementor-section-stretched elementor-section-full_width elementor-section-height-default elementor-section-height-default\" data-id=\"e69aaf0\" data-element_type=\"section\" data-settings=\"{&quot;stretch_section&quot;:&quot;section-stretched&quot;}\">\n\t\t\t\t\t\t<div class=\"elementor-container elementor-column-gap-default\">\n\t\t\t\t\t<div class=\"elementor-column elementor-col-100 elementor-top-column elementor-element elementor-element-52c312c\" data-id=\"52c312c\" data-element_type=\"column\">\n\t\t\t<div class=\"elementor-widget-wrap elementor-element-populated\">\n\t\t\t\t\t\t<div class=\"elementor-element elementor-element-888d327 elementor-widget elementor-widget-about_us_four\" data-id=\"888d327\" data-element_type=\"widget\" data-widget_type=\"about_us_four.default\">\n\t\t\t\t<div class=\"elementor-widget-container\">\n\t\t\t\t\t\t<section class=\"about-section style-two\">\n\t\t<div class=\"anim-icon\">\n\t\t\t<div class=\"icon icon-1 float-bob-x\"><\/div>\n\t\t\t<div class=\"icon icon-3\"><\/div>\n\t\t<\/div>\n\t\t<div class=\"container\">\n\t\t\t<div class=\"row\">\n\t\t\t\t<div class=\"col-lg-6 col-md-12 col-sm-12 content-column\">\n\t\t\t\t\t<div class=\"content-box\">\n\t\t\t\t\t\t<div class=\"sec-title style-two\">\n\t\t\t\t\t\t\t<h5><h1 style=\"font-size: 2.5em; color: #00C3A4; font-weight: bold; line-height: 1.5;\">\n     \u0627\u0644\u0645\u062f\u0631\u0633\u0629 \u0627\u0644\u062b\u0627\u0646\u0648\u064a\u0629 \u0637\u064a\u0628\u0629\u060c \u0627\u0644\u0645\u0631\u0633\u0649 - TPS \u0645\u0633\u0627\u0631\u0643 \u0646\u062d\u0648 \u0627\u0644\u062a\u0645\u064a\u0632\t\t\t\t<\/h1>\n<\/h5>\n\t\t\t\t\t\t\t<h1>\t\n<\/h1>\n\t\t\t\t\t\t<\/div>\n\t\t\t\t\t\t<div class=\"bold-text\"><p  style=\" color: #000; text-align:justify;\" >\u064a\u0633\u0639\u062f\u0646\u0627 \u0623\u0646 \u0646\u0631\u062d\u0628 \u0628\u0643\u0645 \u0641\u064a \u0627\u0644\u0645\u0648\u0642\u0639 \u0627\u0644\u0625\u0644\u0643\u062a\u0631\u0648\u0646\u064a \u0644\u0645\u0624\u0633\u0633\u0627\u062a \u0637\u064a\u0628\u0629 \u0627\u0644\u062a\u0631\u0628\u0648\u064a\u0629.\n<\/br>\n<\/br>\n\u0646\u062d\u0646 \u0645\u0644\u062a\u0632\u0645\u0648\u0646 \u0628\u0625\u0639\u062f\u0627\u062f \u062a\u0644\u0627\u0645\u064a\u0630\u0646\u0627 \u0644\u064a\u0643\u0648\u0646\u0648\u0627 \u0645\u0648\u0627\u0637\u0646\u064a\u0646 \u0645\u0646\u0641\u062a\u062d\u064a\u0646 \u0639\u0644\u0649 \u0627\u0644\u0639\u0627\u0644\u0645 \u0648\u0645\u0633\u062a\u0639\u062f\u064a\u0646 \u0644\u0645\u0648\u0627\u062c\u0647\u0629 \u062a\u062d\u062f\u064a\u0627\u062a \u0627\u0644\u0645\u0633\u062a\u0642\u0628\u0644. \u0625\u0646\u0646\u0627 \u0646\u0624\u0645\u0646 \u0625\u064a\u0645\u0627\u0646\u0627 \u0631\u0627\u0633\u062e\u0627 \u0628\u0623\u0646 \u0627\u0644\u062a\u0639\u0644\u064a\u0645 \u064a\u062a\u062c\u0627\u0648\u0632 \u0627\u0644\u0643\u062a\u0628 \u0627\u0644\u0645\u062f\u0631\u0633\u064a\u0629\u060c \u0648\u0644\u0647\u0630\u0627 \u0627\u0644\u0633\u0628\u0628 \u0641\u0625\u0646\u0646\u0627 \u0646\u0624\u0643\u062f \u0639\u0644\u0649 \u062a\u0623\u062b\u064a\u062b \u0627\u0644\u062f\u0631\u0648\u0633 \u0628\u0627\u0644\u0623\u0646\u0634\u0637\u0629 \u0627\u0644\u062a\u0641\u0627\u0639\u0644\u064a\u0629\u060c \u0648\u062a\u0639\u0632\u064a\u0632 \u0627\u0643\u062a\u0633\u0627\u0628 \u0645\u0647\u0627\u0631\u0627\u062a \u0627\u0644\u062a\u0639\u0627\u0645\u0644 \u0645\u0639 \u0627\u0644\u0622\u062e\u0631\u064a\u0646 \u0648\u0627\u0644\u0623\u062e\u0644\u0627\u0642 \u0627\u0644\u062d\u0645\u064a\u062f\u0629.\n<\/p>\n<\/div>\n\t\t\t\t\t\t<div class=\"text\">\n\t\t\t\t\t\t\t<p><\/p>\n\t\t\t\t\t\t<\/div>\n\t\t\t\t\t\t<div class=\"btn-box\">\n\t\t\t\t\t\t\n\t\t\t\t\t<a href=\"\" target=\"_blank\" rel=\"nofollow\" class=\"theme-btn\">  <\/a>\t\t\t\t\t\t<\/div>\n\t\t\t\t\t<\/div>\n\t\t\t\t<\/div>\n\t\t\t\t<div class=\"col-lg-6 col-md-12 col-sm-12 image-column\">\n\t\t\t\t\t<div class=\"image-box wow fadeInRight animated\" data-wow-delay=\"0ms\" data-wow-duration=\"1500ms\" style=\"visibility: visible; animation-duration: 1500ms; animation-delay: 0ms; animation-name: fadeInRight;\">\n\t\t\t\t\t\t<figure class=\"image image-1\"><img decoding=\"async\" src=\"https:\/\/www.taybah.tn\/wp-content\/uploads\/2025\/07\/00.png\" alt=\"\" loading=\"lazy\"><\/figure>\n\t\t\t\t\t\t<figure class=\"image image-2\"><img decoding=\"async\" src=\"https:\/\/www.taybah.tn\/wp-content\/uploads\/2025\/06\/IMG_9387-1-1-scaled.jpg\" alt=\"\" loading=\"lazy\"><\/figure>\n\t\t\t\t\t<\/div>\n\t\t\t\t<\/div>\n\t\t\t<\/div>\n\t\t<\/div>\n\t<\/section> \n\t\t\t\t\t\t<\/div>\n\t\t\t\t<\/div>\n\t\t\t\t\t<\/div>\n\t\t<\/div>\n\t\t\t\t\t<\/div>\n\t\t<\/section>\n\t\t\t\t<\/div>","protected":false},"excerpt":{"rendered":"<p>https:\/\/www.taybah.tn\/wp-content\/uploads\/2025\/07\/intervention-taybah-sue-mosaique-fm.mp4 D\u00e9couvrez notre Coll\u00e8ge Taybah, La Marsa, Tunisie Le [&hellip;]<\/p>","protected":false},"author":18,"featured_media":6364,"parent":0,"menu_order":0,"comment_status":"closed","ping_status":"closed","template":"elementor_header_footer","meta":{"inline_featured_image":false,"footnotes":""},"class_list":["post-7108","page","type-page","status-publish","has-post-thumbnail","hentry"],"yoast_head":"<!-- This site is optimized with the Yoast SEO plugin v26.9 - https:\/\/yoast.com\/product\/yoast-seo-wordpress\/ -->\n<title>Coll\u00e8ge | Lyc\u00e9e Taybah La Marsa, Tunisie - Excellence acad\u00e9mique<\/title>\n<meta name=\"description\" content=\"Coll\u00e8ge &amp; Lyc\u00e9e Taybah \u00e0 La Marsa, Tunisie : un cadre \u00e9ducatif d\u2019excellence avec programmes renforc\u00e9s et enseignement de qualit\u00e9.\" \/>\n<meta name=\"robots\" content=\"index, follow, max-snippet:-1, max-image-preview:large, max-video-preview:-1\" \/>\n<link rel=\"canonical\" href=\"https:\/\/www.taybah.tn\/ar\/tps\/\" \/>\n<meta property=\"og:locale\" content=\"ar_AR\" \/>\n<meta property=\"og:type\" content=\"article\" \/>\n<meta property=\"og:title\" content=\"Coll\u00e8ge | Lyc\u00e9e Taybah La Marsa, Tunisie - Excellence acad\u00e9mique\" \/>\n<meta property=\"og:description\" content=\"Coll\u00e8ge &amp; Lyc\u00e9e Taybah \u00e0 La Marsa, Tunisie : un cadre \u00e9ducatif d\u2019excellence avec programmes renforc\u00e9s et enseignement de qualit\u00e9.\" \/>\n<meta property=\"og:url\" content=\"https:\/\/www.taybah.tn\/ar\/tps\/\" \/>\n<meta property=\"og:site_name\" content=\"TAYBAH\" \/>\n<meta property=\"article:modified_time\" content=\"2025-08-21T14:06:09+00:00\" \/>\n<meta property=\"og:image\" content=\"https:\/\/www.taybah.tn\/wp-content\/uploads\/2025\/06\/TPS-1.png\" \/>\n\t<meta property=\"og:image:width\" content=\"1024\" \/>\n\t<meta property=\"og:image:height\" content=\"347\" \/>\n\t<meta property=\"og:image:type\" content=\"image\/png\" \/>\n<meta name=\"twitter:card\" content=\"summary_large_image\" \/>\n<meta name=\"twitter:label1\" content=\"\u0648\u0642\u062a \u0627\u0644\u0642\u0631\u0627\u0621\u0629 \u0627\u0644\u0645\u064f\u0642\u062f\u0651\u0631\" \/>\n\t<meta name=\"twitter:data1\" content=\"3 \u062f\u0642\u0627\u0626\u0642\" \/>\n<script type=\"application\/ld+json\" class=\"yoast-schema-graph\">{\"@context\":\"https:\/\/schema.org\",\"@graph\":[{\"@type\":\"WebPage\",\"@id\":\"https:\/\/www.taybah.tn\/tps\/\",\"url\":\"https:\/\/www.taybah.tn\/tps\/\",\"name\":\"Coll\u00e8ge | Lyc\u00e9e Taybah La Marsa, Tunisie - Excellence acad\u00e9mique\",\"isPartOf\":{\"@id\":\"https:\/\/www.taybah.tn\/#website\"},\"primaryImageOfPage\":{\"@id\":\"https:\/\/www.taybah.tn\/tps\/#primaryimage\"},\"image\":{\"@id\":\"https:\/\/www.taybah.tn\/tps\/#primaryimage\"},\"thumbnailUrl\":\"https:\/\/www.taybah.tn\/wp-content\/uploads\/2025\/06\/TPS-1.png\",\"datePublished\":\"2025-08-14T11:26:40+00:00\",\"dateModified\":\"2025-08-21T14:06:09+00:00\",\"description\":\"Coll\u00e8ge & Lyc\u00e9e Taybah \u00e0 La Marsa, Tunisie : un cadre \u00e9ducatif d\u2019excellence avec programmes renforc\u00e9s et enseignement de qualit\u00e9.\",\"breadcrumb\":{\"@id\":\"https:\/\/www.taybah.tn\/tps\/#breadcrumb\"},\"inLanguage\":\"ar\",\"potentialAction\":[{\"@type\":\"ReadAction\",\"target\":[\"https:\/\/www.taybah.tn\/tps\/\"]}]},{\"@type\":\"ImageObject\",\"inLanguage\":\"ar\",\"@id\":\"https:\/\/www.taybah.tn\/tps\/#primaryimage\",\"url\":\"https:\/\/www.taybah.tn\/wp-content\/uploads\/2025\/06\/TPS-1.png\",\"contentUrl\":\"https:\/\/www.taybah.tn\/wp-content\/uploads\/2025\/06\/TPS-1.png\",\"width\":1024,\"height\":347},{\"@type\":\"BreadcrumbList\",\"@id\":\"https:\/\/www.taybah.tn\/tps\/#breadcrumb\",\"itemListElement\":[{\"@type\":\"ListItem\",\"position\":1,\"name\":\"Accueil\",\"item\":\"https:\/\/www.taybah.tn\/\"},{\"@type\":\"ListItem\",\"position\":2,\"name\":\"TPS\"}]},{\"@type\":\"WebSite\",\"@id\":\"https:\/\/www.taybah.tn\/#website\",\"url\":\"https:\/\/www.taybah.tn\/\",\"name\":\"TAYBAH\",\"description\":\"TAYBAH Education Group - \u00c9tablissement scolaire priv\u00e9 \u00e0 La Marsa, Tunis, Tunisie\",\"publisher\":{\"@id\":\"https:\/\/www.taybah.tn\/#organization\"},\"potentialAction\":[{\"@type\":\"SearchAction\",\"target\":{\"@type\":\"EntryPoint\",\"urlTemplate\":\"https:\/\/www.taybah.tn\/?s={search_term_string}\"},\"query-input\":{\"@type\":\"PropertyValueSpecification\",\"valueRequired\":true,\"valueName\":\"search_term_string\"}}],\"inLanguage\":\"ar\"},{\"@type\":\"Organization\",\"@id\":\"https:\/\/www.taybah.tn\/#organization\",\"name\":\"TAYBAH\",\"url\":\"https:\/\/www.taybah.tn\/\",\"logo\":{\"@type\":\"ImageObject\",\"inLanguage\":\"ar\",\"@id\":\"https:\/\/www.taybah.tn\/#\/schema\/logo\/image\/\",\"url\":\"https:\/\/www.taybah.tn\/wp-content\/uploads\/2025\/05\/logo-TYb-for-site.png\",\"contentUrl\":\"https:\/\/www.taybah.tn\/wp-content\/uploads\/2025\/05\/logo-TYb-for-site.png\",\"width\":287,\"height\":300,\"caption\":\"TAYBAH\"},\"image\":{\"@id\":\"https:\/\/www.taybah.tn\/#\/schema\/logo\/image\/\"}}]}<\/script>\n<!-- \/ Yoast SEO plugin. -->","yoast_head_json":{"title":"Coll\u00e8ge | Lyc\u00e9e Taybah La Marsa, Tunisie - Excellence acad\u00e9mique","description":"Coll\u00e8ge & Lyc\u00e9e Taybah \u00e0 La Marsa, Tunisie : un cadre \u00e9ducatif d\u2019excellence avec programmes renforc\u00e9s et enseignement de qualit\u00e9.","robots":{"index":"index","follow":"follow","max-snippet":"max-snippet:-1","max-image-preview":"max-image-preview:large","max-video-preview":"max-video-preview:-1"},"canonical":"https:\/\/www.taybah.tn\/ar\/tps\/","og_locale":"ar_AR","og_type":"article","og_title":"Coll\u00e8ge | Lyc\u00e9e Taybah La Marsa, Tunisie - Excellence acad\u00e9mique","og_description":"Coll\u00e8ge & Lyc\u00e9e Taybah \u00e0 La Marsa, Tunisie : un cadre \u00e9ducatif d\u2019excellence avec programmes renforc\u00e9s et enseignement de qualit\u00e9.","og_url":"https:\/\/www.taybah.tn\/ar\/tps\/","og_site_name":"TAYBAH","article_modified_time":"2025-08-21T14:06:09+00:00","og_image":[{"width":1024,"height":347,"url":"https:\/\/www.taybah.tn\/wp-content\/uploads\/2025\/06\/TPS-1.png","type":"image\/png"}],"twitter_card":"summary_large_image","twitter_misc":{"\u0648\u0642\u062a \u0627\u0644\u0642\u0631\u0627\u0621\u0629 \u0627\u0644\u0645\u064f\u0642\u062f\u0651\u0631":"3 \u062f\u0642\u0627\u0626\u0642"},"schema":{"@context":"https:\/\/schema.org","@graph":[{"@type":"WebPage","@id":"https:\/\/www.taybah.tn\/tps\/","url":"https:\/\/www.taybah.tn\/tps\/","name":"Coll\u00e8ge | Lyc\u00e9e Taybah La Marsa, Tunisie - Excellence acad\u00e9mique","isPartOf":{"@id":"https:\/\/www.taybah.tn\/#website"},"primaryImageOfPage":{"@id":"https:\/\/www.taybah.tn\/tps\/#primaryimage"},"image":{"@id":"https:\/\/www.taybah.tn\/tps\/#primaryimage"},"thumbnailUrl":"https:\/\/www.taybah.tn\/wp-content\/uploads\/2025\/06\/TPS-1.png","datePublished":"2025-08-14T11:26:40+00:00","dateModified":"2025-08-21T14:06:09+00:00","description":"Coll\u00e8ge & Lyc\u00e9e Taybah \u00e0 La Marsa, Tunisie : un cadre \u00e9ducatif d\u2019excellence avec programmes renforc\u00e9s et enseignement de qualit\u00e9.","breadcrumb":{"@id":"https:\/\/www.taybah.tn\/tps\/#breadcrumb"},"inLanguage":"ar","potentialAction":[{"@type":"ReadAction","target":["https:\/\/www.taybah.tn\/tps\/"]}]},{"@type":"ImageObject","inLanguage":"ar","@id":"https:\/\/www.taybah.tn\/tps\/#primaryimage","url":"https:\/\/www.taybah.tn\/wp-content\/uploads\/2025\/06\/TPS-1.png","contentUrl":"https:\/\/www.taybah.tn\/wp-content\/uploads\/2025\/06\/TPS-1.png","width":1024,"height":347},{"@type":"BreadcrumbList","@id":"https:\/\/www.taybah.tn\/tps\/#breadcrumb","itemListElement":[{"@type":"ListItem","position":1,"name":"Accueil","item":"https:\/\/www.taybah.tn\/"},{"@type":"ListItem","position":2,"name":"TPS"}]},{"@type":"WebSite","@id":"https:\/\/www.taybah.tn\/#website","url":"https:\/\/www.taybah.tn\/","name":"TAYBAH","description":"TAYBAH Education Group - \u00c9tablissement scolaire priv\u00e9 \u00e0 La Marsa, Tunis, Tunisie","publisher":{"@id":"https:\/\/www.taybah.tn\/#organization"},"potentialAction":[{"@type":"SearchAction","target":{"@type":"EntryPoint","urlTemplate":"https:\/\/www.taybah.tn\/?s={search_term_string}"},"query-input":{"@type":"PropertyValueSpecification","valueRequired":true,"valueName":"search_term_string"}}],"inLanguage":"ar"},{"@type":"Organization","@id":"https:\/\/www.taybah.tn\/#organization","name":"TAYBAH","url":"https:\/\/www.taybah.tn\/","logo":{"@type":"ImageObject","inLanguage":"ar","@id":"https:\/\/www.taybah.tn\/#\/schema\/logo\/image\/","url":"https:\/\/www.taybah.tn\/wp-content\/uploads\/2025\/05\/logo-TYb-for-site.png","contentUrl":"https:\/\/www.taybah.tn\/wp-content\/uploads\/2025\/05\/logo-TYb-for-site.png","width":287,"height":300,"caption":"TAYBAH"},"image":{"@id":"https:\/\/www.taybah.tn\/#\/schema\/logo\/image\/"}}]}},"_links":{"self":[{"href":"https:\/\/www.taybah.tn\/ar\/wp-json\/wp\/v2\/pages\/7108","targetHints":{"allow":["GET"]}}],"collection":[{"href":"https:\/\/www.taybah.tn\/ar\/wp-json\/wp\/v2\/pages"}],"about":[{"href":"https:\/\/www.taybah.tn\/ar\/wp-json\/wp\/v2\/types\/page"}],"author":[{"embeddable":true,"href":"https:\/\/www.taybah.tn\/ar\/wp-json\/wp\/v2\/users\/18"}],"replies":[{"embeddable":true,"href":"https:\/\/www.taybah.tn\/ar\/wp-json\/wp\/v2\/comments?post=7108"}],"version-history":[{"count":0,"href":"https:\/\/www.taybah.tn\/ar\/wp-json\/wp\/v2\/pages\/7108\/revisions"}],"wp:featuredmedia":[{"embeddable":true,"href":"https:\/\/www.taybah.tn\/ar\/wp-json\/wp\/v2\/media\/6364"}],"wp:attachment":[{"href":"https:\/\/www.taybah.tn\/ar\/wp-json\/wp\/v2\/media?parent=7108"}],"curies":[{"name":"wp","href":"https:\/\/api.w.org\/{rel}","templated":true}]}}