{"id":4891,"date":"2024-04-23T11:32:43","date_gmt":"2024-04-23T09:32:43","guid":{"rendered":"https:\/\/www.taybah.tn\/?page_id=4891"},"modified":"2025-06-25T16:29:48","modified_gmt":"2025-06-25T14:29:48","slug":"candidature-spontannee","status":"publish","type":"page","link":"https:\/\/www.taybah.tn\/ar\/\u0645\u0637\u0644\u0628-\u062a\u0631\u0634\u062d-2\/","title":{"rendered":"\u0645\u0637\u0644\u0628 \u062a\u0631\u0634\u062d"},"content":{"rendered":"<div data-elementor-type=\"wp-page\" data-elementor-id=\"4891\" class=\"elementor elementor-4891\">\n\t\t\t\t\t\t<section class=\"elementor-section elementor-top-section elementor-element elementor-element-1c5d2cc elementor-section-stretched elementor-section-full_width elementor-section-height-default elementor-section-height-default\" data-id=\"1c5d2cc\" data-element_type=\"section\" data-settings=\"{&quot;stretch_section&quot;:&quot;section-stretched&quot;}\">\n\t\t\t\t\t\t<div class=\"elementor-container elementor-column-gap-default\">\n\t\t\t\t\t<div class=\"elementor-column elementor-col-100 elementor-top-column elementor-element elementor-element-6ffcb47\" data-id=\"6ffcb47\" data-element_type=\"column\">\n\t\t\t<div class=\"elementor-widget-wrap elementor-element-populated\">\n\t\t\t\t\n\n\n\t\t<div class=\"elementor-element elementor-element-a331381 elementor-widget elementor-widget-contact_single_form\" data-id=\"a331381\" data-element_type=\"widget\" data-widget_type=\"contact_single_form.default\">\n\t\t\t\t<div class=\"elementor-widget-container\">\n\t\t\t\t\t \n\t\t<section class=\"contact-form-section sec-pad\">\n\t\t\t<div class=\"container\">\n\t\t\t\t<div class=\"sec-title centred\">\n\t\t\t\t\t<h5><h1 style=\"font-size: 2em; color: #00C3A4; font-weight: bold; line-height: 1.5;\">\u0637\u0644\u0628 \u062a\u0648\u0638\u064a\u0641 \u0639\u0641\u0648\u064a | \u0645\u0624\u0633\u0633\u0627\u062a \u0637\u064a\u0628\u0629 \u0627\u0644\u062a\u0631\u0628\u0648\u064a\u0629\u060c \u062a\u0648\u0646\u0633<\/h1><br><br>\n<\/h5>\n\t\t\t\t\t<h1><h2 style=\"font-size: 2em; color: #E23B5A; font-weight: bold; line-height: 1.5;\">\n    \t\u062a\u0642\u062f\u064a\u0645 \u0627\u0644\u0637\u0644\u0628 \n<\/h2>\n<\/h1>\n\t\t\t\t<\/div>\n\t\t\t\t<div class=\"row\">\n\t\t\t\t\t<div class=\"col-lg-8 col-md-12 col-sm-12 offset-lg-2 form-column\">\n\t\t\t\t\t\t<div class=\"forminator-ui forminator-custom-form forminator-custom-form-4081 forminator-design--flat  forminator_ajax\" data-forminator-render=\"0\" data-form=\"forminator-module-4081\" data-uid=\"69f21b1da6d6f\"><br\/><\/div><form\n\t\t\t\tid=\"forminator-module-4081\"\n\t\t\t\tclass=\"forminator-ui forminator-custom-form forminator-custom-form-4081 forminator-design--flat  forminator_ajax\"\n\t\t\t\tmethod=\"post\"\n\t\t\t\tdata-forminator-render=\"0\"\n\t\t\t\tdata-form-id=\"4081\"\n\t\t\t\t\n\t\t\t\tdata-design=\"flat\"\n\t\t\t\t\n\t\t\t\t\n\t\t\t\t\n\t\t\t\tdata-grid=\"open\"\n\t\t\t\tenctype=\"multipart\/form-data\"\n\t\t\t\t\n\t\t\t\tstyle=\"display: none;\"\n\t\t\t\t\n\t\t\t\tdata-uid=\"69f21b1da6d6f\" action=\"\"\n\t\t\t><div role=\"alert\" aria-live=\"polite\" class=\"forminator-response-message forminator-error\" aria-hidden=\"true\"><\/div><div class=\"forminator-row\"><div id=\"name-1\" class=\"forminator-field-name forminator-col forminator-col-12\"><div class=\"forminator-field\"><input type=\"text\" name=\"name-1\" value=\"\" placeholder=\"\u0627\u0644\u0625\u0633\u0645 \u0648 \u0627\u0644\u0644\u0642\u0628\" id=\"forminator-field-name-1_69f21b1da6d6f\" class=\"forminator-input forminator-name--field\" aria-required=\"true\" \/><\/div><\/div><\/div><div class=\"forminator-row\"><div id=\"email-1\" class=\"forminator-field-email forminator-col forminator-col-12\"><div class=\"forminator-field\"><input type=\"email\" name=\"email-1\" value=\"\" placeholder=\"\u0628\u0631\u064a\u062f\u0643 \u0627\u0644\u0627\u0644\u0643\u062a\u0631\u0648\u0646\u064a\" id=\"forminator-field-email-1_69f21b1da6d6f\" class=\"forminator-input forminator-email--field\" data-required=\"true\" aria-required=\"true\" \/><\/div><\/div><\/div><div class=\"forminator-row\"><div id=\"phone-1\" class=\"forminator-field-phone forminator-col forminator-col-12  tel-contact\"><div class=\"forminator-field\"><input type=\"text\" name=\"phone-1\" value=\"\" placeholder=\"\u0631\u0642\u0645 \u0627\u0644\u0647\u0627\u062a\u0641\" id=\"forminator-field-phone-1_69f21b1da6d6f\" class=\"forminator-input forminator-field--phone\" data-required=\"1\" aria-required=\"true\" autocomplete=\"off\" data-national_mode=\"enabled\" data-country=\"tn\" data-validation=\"standard\" \/><\/div><\/div><\/div><div class=\"forminator-row\"><div id=\"textarea-1\" class=\"forminator-field-textarea forminator-col forminator-col-12\"><div class=\"forminator-field\"><textarea name=\"textarea-1\" placeholder=\"\u0623\u062f\u062e\u0644 \u0631\u0633\u0627\u0644\u062a\u0643\u2026\" id=\"forminator-field-textarea-1_69f21b1da6d6f\" class=\"forminator-textarea\" rows=\"6\" style=\"min-height:140px;\" maxlength=\"180\" ><\/textarea><span id=\"forminator-field-textarea-1_69f21b1da6d6f-description\" class=\"forminator-description\"><span data-limit=\"180\" data-type=\"characters\" data-editor=\"\">0 \/ 180<\/span><\/span><\/div><\/div><\/div><div class=\"forminator-row\"><div id=\"upload-1\" class=\"forminator-field-upload forminator-col forminator-col-12\"><div class=\"forminator-field\"><div class=\"forminator-file-upload\" data-element=\"upload-1_69f21b1da6d6f\" aria-describedby=\"forminator-field-upload-1_69f21b1da6d6f-description\"><input type=\"file\" name=\"upload-1\" id=\"forminator-field-upload-1_69f21b1da6d6f\" class=\"forminator-input-file-required do-validate\" accept=\".webp,.pdf,.doc,.pot,.pps,.ppt,.wri,.mdb,.mpp,.docx,.docm,.dotx,.dotm,.onetoc,.onetoc2,.onetmp,.onepkg,.oxps,.xps,.odt,.odp,.odg,.odc,.odb,.odf,.wp,.wpd,.pages,.ttf,.otf,.eot,.woff,.woff2,.redux,.svgz\"><button id=\"forminator-field-upload-1_69f21b1da6d6f_button\" class=\"forminator-button forminator-button-upload\" data-id=\"forminator-field-upload-1_69f21b1da6d6f\">Choose File<\/button><span data-empty-text=\"No file chosen\">No file chosen<\/span><button class=\"forminator-button-delete\" style=\"display: none;\"><i class=\"forminator-icon-close\" aria-hidden=\"true\"><\/i><span class=\"forminator-screen-reader-only\">Delete uploaded file<\/span><\/button><\/div><span id=\"forminator-field-upload-1_69f21b1da6d6f-description\" class=\"forminator-description\">\u062d\u0645\u0644 \u0633\u064a\u0631\u062a\u0643 \u0627\u0644\u0630\u0627\u062a\u064a\u0629<\/span><\/div><\/div><\/div><div class=\"forminator-row\"><div id=\"captcha-1\" class=\"forminator-field-captcha forminator-col forminator-col-12\"><div class=\"forminator-captcha-left forminator-g-recaptcha\" data-theme=\"light\"  data-sitekey=\"6Ld6rMopAAAAADCYsWVQsrrYiGgHpw1QRqYg9hVO\" data-size=\"normal\"><\/div> <\/div><\/div><input type=\"hidden\" name=\"referer_url\" value=\"\" \/><div class=\"forminator-row forminator-row-last\"><div class=\"forminator-col\"><div class=\"forminator-field\"><button class=\"forminator-button forminator-button-submit\">\u0625\u0631\u0633\u0627\u0644<\/button><\/div><\/div><\/div><input type=\"hidden\" id=\"forminator_nonce\" name=\"forminator_nonce\" value=\"6bbaedb381\" \/><input type=\"hidden\" name=\"_wp_http_referer\" value=\"\/ar\/wp-json\/wp\/v2\/pages\/4891\" \/><input type=\"hidden\" name=\"form_id\" value=\"4081\"><input type=\"hidden\" name=\"page_id\" value=\"4891\"><input type=\"hidden\" name=\"form_type\" value=\"default\"><input type=\"hidden\" name=\"current_url\" value=\"https:\/\/www.taybah.tn\/ar\/\u0645\u0637\u0644\u0628-\u062a\u0631\u0634\u062d-2\/\"><input type=\"hidden\" name=\"render_id\" value=\"0\"><input type=\"hidden\" name=\"action\" value=\"forminator_submit_form_custom-forms\"><input type=\"hidden\" name=\"trp-form-language\" value=\"ar\"\/><\/form>\t\t\t\t\t<\/div>\n\t\t\t\t<\/div>\n\t\t\t<\/div>\n\t\t<\/section> \n\t\t\t\t\t\t<\/div>\n\t\t\t\t<\/div>\n\t\t\t\t\t<\/div>\n\t\t<\/div>\n\t\t\t\t\t<\/div>\n\t\t<\/section>\n\t\t\t\t<\/div>","protected":false},"excerpt":{"rendered":"<p>Candidature spontan\u00e9e | Taybah Education Group, Tunisie Postuler<\/p>","protected":false},"author":9,"featured_media":5534,"parent":0,"menu_order":0,"comment_status":"closed","ping_status":"closed","template":"elementor_header_footer","meta":{"inline_featured_image":false,"footnotes":""},"class_list":["post-4891","page","type-page","status-publish","has-post-thumbnail","hentry"],"yoast_head":"<!-- This site is optimized with the Yoast SEO plugin v26.9 - https:\/\/yoast.com\/product\/yoast-seo-wordpress\/ -->\n<title>\u00c9cole Taybah La Marsa, Tunisie - candidature spontan\u00e9e<\/title>\n<meta name=\"description\" content=\"Envoyez votre candidature spontan\u00e9e pour rejoindre l&#039;\u00e9quipe \u00e9ducative de Taybah la Marsa. Meilleure \u00e9cole priv\u00e9e trilingue en Tunisie de maternelle au lyc\u00e9e.\" \/>\n<meta name=\"robots\" content=\"index, follow, max-snippet:-1, max-image-preview:large, max-video-preview:-1\" \/>\n<link rel=\"canonical\" href=\"https:\/\/www.taybah.tn\/ar\/\u0645\u0637\u0644\u0628-\u062a\u0631\u0634\u062d-2\/\" \/>\n<meta property=\"og:locale\" content=\"ar_AR\" \/>\n<meta property=\"og:type\" content=\"article\" \/>\n<meta property=\"og:title\" content=\"\u00c9cole Taybah La Marsa, Tunisie - candidature spontan\u00e9e\" \/>\n<meta property=\"og:description\" content=\"Envoyez votre candidature spontan\u00e9e pour rejoindre l&#039;\u00e9quipe \u00e9ducative de Taybah la Marsa. Meilleure \u00e9cole priv\u00e9e trilingue en Tunisie de maternelle au lyc\u00e9e.\" \/>\n<meta property=\"og:url\" content=\"https:\/\/www.taybah.tn\/ar\/\u0645\u0637\u0644\u0628-\u062a\u0631\u0634\u062d-2\/\" \/>\n<meta property=\"og:site_name\" content=\"TAYBAH\" \/>\n<meta property=\"article:modified_time\" content=\"2025-06-25T14:29:48+00:00\" \/>\n<meta property=\"og:image\" content=\"https:\/\/www.taybah.tn\/wp-content\/uploads\/2025\/05\/1-pour-inscrivez-vous.jpg\" \/>\n\t<meta property=\"og:image:width\" content=\"1024\" \/>\n\t<meta property=\"og:image:height\" content=\"347\" \/>\n\t<meta property=\"og:image:type\" content=\"image\/jpeg\" \/>\n<meta name=\"twitter:card\" content=\"summary_large_image\" \/>\n<meta name=\"twitter:label1\" content=\"\u0648\u0642\u062a \u0627\u0644\u0642\u0631\u0627\u0621\u0629 \u0627\u0644\u0645\u064f\u0642\u062f\u0651\u0631\" \/>\n\t<meta name=\"twitter:data1\" content=\"\u062f\u0642\u064a\u0642\u0629 \u0648\u0627\u062d\u062f\u0629\" \/>\n<script type=\"application\/ld+json\" class=\"yoast-schema-graph\">{\"@context\":\"https:\/\/schema.org\",\"@graph\":[{\"@type\":\"WebPage\",\"@id\":\"https:\/\/www.taybah.tn\/candidature-spontannee\/\",\"url\":\"https:\/\/www.taybah.tn\/candidature-spontannee\/\",\"name\":\"\u00c9cole Taybah La Marsa, Tunisie - candidature spontan\u00e9e\",\"isPartOf\":{\"@id\":\"https:\/\/www.taybah.tn\/#website\"},\"primaryImageOfPage\":{\"@id\":\"https:\/\/www.taybah.tn\/candidature-spontannee\/#primaryimage\"},\"image\":{\"@id\":\"https:\/\/www.taybah.tn\/candidature-spontannee\/#primaryimage\"},\"thumbnailUrl\":\"https:\/\/www.taybah.tn\/wp-content\/uploads\/2025\/05\/1-pour-inscrivez-vous.jpg\",\"datePublished\":\"2024-04-23T09:32:43+00:00\",\"dateModified\":\"2025-06-25T14:29:48+00:00\",\"description\":\"Envoyez votre candidature spontan\u00e9e pour rejoindre l'\u00e9quipe \u00e9ducative de Taybah la Marsa. Meilleure \u00e9cole priv\u00e9e trilingue en Tunisie de maternelle au lyc\u00e9e.\",\"breadcrumb\":{\"@id\":\"https:\/\/www.taybah.tn\/candidature-spontannee\/#breadcrumb\"},\"inLanguage\":\"ar\",\"potentialAction\":[{\"@type\":\"ReadAction\",\"target\":[\"https:\/\/www.taybah.tn\/candidature-spontannee\/\"]}]},{\"@type\":\"ImageObject\",\"inLanguage\":\"ar\",\"@id\":\"https:\/\/www.taybah.tn\/candidature-spontannee\/#primaryimage\",\"url\":\"https:\/\/www.taybah.tn\/wp-content\/uploads\/2025\/05\/1-pour-inscrivez-vous.jpg\",\"contentUrl\":\"https:\/\/www.taybah.tn\/wp-content\/uploads\/2025\/05\/1-pour-inscrivez-vous.jpg\",\"width\":1024,\"height\":347},{\"@type\":\"BreadcrumbList\",\"@id\":\"https:\/\/www.taybah.tn\/candidature-spontannee\/#breadcrumb\",\"itemListElement\":[{\"@type\":\"ListItem\",\"position\":1,\"name\":\"Accueil\",\"item\":\"https:\/\/www.taybah.tn\/\"},{\"@type\":\"ListItem\",\"position\":2,\"name\":\"Candidature spontann\u00e9e\"}]},{\"@type\":\"WebSite\",\"@id\":\"https:\/\/www.taybah.tn\/#website\",\"url\":\"https:\/\/www.taybah.tn\/\",\"name\":\"TAYBAH\",\"description\":\"TAYBAH Education Group - \u00c9tablissement scolaire priv\u00e9 \u00e0 La Marsa, Tunis, Tunisie\",\"publisher\":{\"@id\":\"https:\/\/www.taybah.tn\/#organization\"},\"potentialAction\":[{\"@type\":\"SearchAction\",\"target\":{\"@type\":\"EntryPoint\",\"urlTemplate\":\"https:\/\/www.taybah.tn\/?s={search_term_string}\"},\"query-input\":{\"@type\":\"PropertyValueSpecification\",\"valueRequired\":true,\"valueName\":\"search_term_string\"}}],\"inLanguage\":\"ar\"},{\"@type\":\"Organization\",\"@id\":\"https:\/\/www.taybah.tn\/#organization\",\"name\":\"TAYBAH\",\"url\":\"https:\/\/www.taybah.tn\/\",\"logo\":{\"@type\":\"ImageObject\",\"inLanguage\":\"ar\",\"@id\":\"https:\/\/www.taybah.tn\/#\/schema\/logo\/image\/\",\"url\":\"https:\/\/www.taybah.tn\/wp-content\/uploads\/2025\/05\/logo-TYb-for-site.png\",\"contentUrl\":\"https:\/\/www.taybah.tn\/wp-content\/uploads\/2025\/05\/logo-TYb-for-site.png\",\"width\":287,\"height\":300,\"caption\":\"TAYBAH\"},\"image\":{\"@id\":\"https:\/\/www.taybah.tn\/#\/schema\/logo\/image\/\"}}]}<\/script>\n<!-- \/ Yoast SEO plugin. -->","yoast_head_json":{"title":"\u00c9cole Taybah La Marsa, Tunisie - candidature spontan\u00e9e","description":"Envoyez votre candidature spontan\u00e9e pour rejoindre l'\u00e9quipe \u00e9ducative de Taybah la Marsa. Meilleure \u00e9cole priv\u00e9e trilingue en Tunisie de maternelle au lyc\u00e9e.","robots":{"index":"index","follow":"follow","max-snippet":"max-snippet:-1","max-image-preview":"max-image-preview:large","max-video-preview":"max-video-preview:-1"},"canonical":"https:\/\/www.taybah.tn\/ar\/\u0645\u0637\u0644\u0628-\u062a\u0631\u0634\u062d-2\/","og_locale":"ar_AR","og_type":"article","og_title":"\u00c9cole Taybah La Marsa, Tunisie - candidature spontan\u00e9e","og_description":"Envoyez votre candidature spontan\u00e9e pour rejoindre l'\u00e9quipe \u00e9ducative de Taybah la Marsa. Meilleure \u00e9cole priv\u00e9e trilingue en Tunisie de maternelle au lyc\u00e9e.","og_url":"https:\/\/www.taybah.tn\/ar\/\u0645\u0637\u0644\u0628-\u062a\u0631\u0634\u062d-2\/","og_site_name":"TAYBAH","article_modified_time":"2025-06-25T14:29:48+00:00","og_image":[{"width":1024,"height":347,"url":"https:\/\/www.taybah.tn\/wp-content\/uploads\/2025\/05\/1-pour-inscrivez-vous.jpg","type":"image\/jpeg"}],"twitter_card":"summary_large_image","twitter_misc":{"\u0648\u0642\u062a \u0627\u0644\u0642\u0631\u0627\u0621\u0629 \u0627\u0644\u0645\u064f\u0642\u062f\u0651\u0631":"\u062f\u0642\u064a\u0642\u0629 \u0648\u0627\u062d\u062f\u0629"},"schema":{"@context":"https:\/\/schema.org","@graph":[{"@type":"WebPage","@id":"https:\/\/www.taybah.tn\/candidature-spontannee\/","url":"https:\/\/www.taybah.tn\/candidature-spontannee\/","name":"\u00c9cole Taybah La Marsa, Tunisie - candidature spontan\u00e9e","isPartOf":{"@id":"https:\/\/www.taybah.tn\/#website"},"primaryImageOfPage":{"@id":"https:\/\/www.taybah.tn\/candidature-spontannee\/#primaryimage"},"image":{"@id":"https:\/\/www.taybah.tn\/candidature-spontannee\/#primaryimage"},"thumbnailUrl":"https:\/\/www.taybah.tn\/wp-content\/uploads\/2025\/05\/1-pour-inscrivez-vous.jpg","datePublished":"2024-04-23T09:32:43+00:00","dateModified":"2025-06-25T14:29:48+00:00","description":"Envoyez votre candidature spontan\u00e9e pour rejoindre l'\u00e9quipe \u00e9ducative de Taybah la Marsa. Meilleure \u00e9cole priv\u00e9e trilingue en Tunisie de maternelle au lyc\u00e9e.","breadcrumb":{"@id":"https:\/\/www.taybah.tn\/candidature-spontannee\/#breadcrumb"},"inLanguage":"ar","potentialAction":[{"@type":"ReadAction","target":["https:\/\/www.taybah.tn\/candidature-spontannee\/"]}]},{"@type":"ImageObject","inLanguage":"ar","@id":"https:\/\/www.taybah.tn\/candidature-spontannee\/#primaryimage","url":"https:\/\/www.taybah.tn\/wp-content\/uploads\/2025\/05\/1-pour-inscrivez-vous.jpg","contentUrl":"https:\/\/www.taybah.tn\/wp-content\/uploads\/2025\/05\/1-pour-inscrivez-vous.jpg","width":1024,"height":347},{"@type":"BreadcrumbList","@id":"https:\/\/www.taybah.tn\/candidature-spontannee\/#breadcrumb","itemListElement":[{"@type":"ListItem","position":1,"name":"Accueil","item":"https:\/\/www.taybah.tn\/"},{"@type":"ListItem","position":2,"name":"Candidature spontann\u00e9e"}]},{"@type":"WebSite","@id":"https:\/\/www.taybah.tn\/#website","url":"https:\/\/www.taybah.tn\/","name":"TAYBAH","description":"TAYBAH Education Group - \u00c9tablissement scolaire priv\u00e9 \u00e0 La Marsa, Tunis, Tunisie","publisher":{"@id":"https:\/\/www.taybah.tn\/#organization"},"potentialAction":[{"@type":"SearchAction","target":{"@type":"EntryPoint","urlTemplate":"https:\/\/www.taybah.tn\/?s={search_term_string}"},"query-input":{"@type":"PropertyValueSpecification","valueRequired":true,"valueName":"search_term_string"}}],"inLanguage":"ar"},{"@type":"Organization","@id":"https:\/\/www.taybah.tn\/#organization","name":"TAYBAH","url":"https:\/\/www.taybah.tn\/","logo":{"@type":"ImageObject","inLanguage":"ar","@id":"https:\/\/www.taybah.tn\/#\/schema\/logo\/image\/","url":"https:\/\/www.taybah.tn\/wp-content\/uploads\/2025\/05\/logo-TYb-for-site.png","contentUrl":"https:\/\/www.taybah.tn\/wp-content\/uploads\/2025\/05\/logo-TYb-for-site.png","width":287,"height":300,"caption":"TAYBAH"},"image":{"@id":"https:\/\/www.taybah.tn\/#\/schema\/logo\/image\/"}}]}},"_links":{"self":[{"href":"https:\/\/www.taybah.tn\/ar\/wp-json\/wp\/v2\/pages\/4891","targetHints":{"allow":["GET"]}}],"collection":[{"href":"https:\/\/www.taybah.tn\/ar\/wp-json\/wp\/v2\/pages"}],"about":[{"href":"https:\/\/www.taybah.tn\/ar\/wp-json\/wp\/v2\/types\/page"}],"author":[{"embeddable":true,"href":"https:\/\/www.taybah.tn\/ar\/wp-json\/wp\/v2\/users\/9"}],"replies":[{"embeddable":true,"href":"https:\/\/www.taybah.tn\/ar\/wp-json\/wp\/v2\/comments?post=4891"}],"version-history":[{"count":0,"href":"https:\/\/www.taybah.tn\/ar\/wp-json\/wp\/v2\/pages\/4891\/revisions"}],"wp:featuredmedia":[{"embeddable":true,"href":"https:\/\/www.taybah.tn\/ar\/wp-json\/wp\/v2\/media\/5534"}],"wp:attachment":[{"href":"https:\/\/www.taybah.tn\/ar\/wp-json\/wp\/v2\/media?parent=4891"}],"curies":[{"name":"wp","href":"https:\/\/api.w.org\/{rel}","templated":true}]}}