{"id":3866,"date":"2024-01-08T09:24:57","date_gmt":"2024-01-08T08:24:57","guid":{"rendered":"https:\/\/taybahdev.digit-dev.com\/?page_id=3866"},"modified":"2025-07-04T18:43:58","modified_gmt":"2025-07-04T16:43:58","slug":"taybah-engineers","status":"publish","type":"page","link":"https:\/\/www.taybah.tn\/ar\/\u0637\u064a\u0628\u0629-\u0627\u0646\u062c\u0646\u064a\u0631\u0632\/","title":{"rendered":"\u0637\u064a\u0628\u0629 \u0627\u0646\u062c\u0646\u064a\u0631\u0632"},"content":{"rendered":"<div data-elementor-type=\"wp-page\" data-elementor-id=\"3866\" class=\"elementor elementor-3866\">\n\t\t\t\t\t\t<section class=\"elementor-section elementor-top-section elementor-element elementor-element-1768d92 elementor-section-full_width elementor-section-height-default elementor-section-height-default\" data-id=\"1768d92\" data-element_type=\"section\">\n\t\t\t\t\t\t<div class=\"elementor-container elementor-column-gap-default\">\n\t\t\t\t\t<div class=\"elementor-column elementor-col-100 elementor-top-column elementor-element elementor-element-4acdef6\" data-id=\"4acdef6\" data-element_type=\"column\">\n\t\t\t<div class=\"elementor-widget-wrap elementor-element-populated\">\n\t\t\t\t\n\n\n\t\t<div class=\"elementor-element elementor-element-12e6075 elementor-widget elementor-widget-about_us_four\" data-id=\"12e6075\" data-element_type=\"widget\" data-widget_type=\"about_us_four.default\">\n\t\t\t\t<div class=\"elementor-widget-container\">\n\t\t\t\t\t\t<section class=\"about-section style-two\">\n\t\t<div class=\"anim-icon\">\n\t\t\t<div class=\"icon icon-1 float-bob-x\"><\/div>\n\t\t\t<div class=\"icon icon-3\"><\/div>\n\t\t<\/div>\n\t\t<div class=\"container\">\n\t\t\t<div class=\"row\">\n\t\t\t\t<div class=\"col-lg-6 col-md-12 col-sm-12 content-column\">\n\t\t\t\t\t<div class=\"content-box\">\n\t\t\t\t\t\t<div class=\"sec-title style-two\">\n\t\t\t\t\t\t\t<h5><h1 style=\"font-size: 2.5em; color: #00C3A4; font-weight: bold; line-height: 1.5;\">\n    \n\u0637\u064a\u0628\u0629 \u0623\u0646\u062c\u064a\u0646\u064a\u0631\u0632\u060c \u062a\u0648\u0646\u0633: \u0628\u0631\u0646\u0627\u0645\u062c \u0627\u0644\u0631\u0648\u0628\u0648\u062a\u064a\u0643 \u0645\u0646 \u0627\u0644\u0645\u0631\u062d\u0644\u0629 \u0627\u0644\u0627\u0628\u062a\u062f\u0627\u0626\u064a\u0629 \u0625\u0644\u0649 \u0627\u0644\u0645\u0631\u062d\u0644\u0629 \u0627\u0644\u062b\u0627\u0646\u0648\u064a\u0629\n<\/h1>\n<br><br><\/h5>\n\t\t\t\t\t\t\t<h1><h2 style=\"font-size: 2em; color: #E23B5A; font-weight: bold; line-height: 1.5;\">\n\u0627\u0644\u0645\u0633\u0627\u0631 \u0627\u0644\u062a\u0631\u0628\u0648\u064a \u0627\u0644\u0645\u0628\u062a\u0643\u0631: \u062a\u0643\u0648\u064a\u0646 \u0645\u0647\u0646\u062f\u0633\u064a \u0627\u0644\u063a\u062f \u0641\u064a \u0645\u062c\u0627\u0644 \u0627\u0644\u0631\u0648\u0628\u0648\u062a\u064a\u0643\n<\/h2>\n<\/h1>\n\t\t\t\t\t\t<\/div>\n\t\t\t\t\t\t<div class=\"bold-text\"><p  style=\" color: #000; text-align:justify;\" >\u0641\u064a \u0627\u0644\u0641\u0635\u0648\u0644 \u0627\u0644\u062f\u0631\u0627\u0633\u064a\u0629 \u0644\u0645\u0647\u0646\u062f\u0633\u064a \u0637\u064a\u0628\u0629 \u0648\u0627\u0644\u062e\u0627\u0635\u0629 \u0628\u0627\u0644\u0631\u0648\u0628\u0648\u062a \u0627\u0644\u062a\u0639\u0644\u064a\u0645\u064a\u060c \u064a\u0635\u0628\u062d \u0627\u0644\u062a\u0639\u0644\u0645 \u0645\u063a\u0627\u0645\u0631\u0629 \u0625\u0628\u062f\u0627\u0639\u064a\u0629 \u0644\u0644\u0639\u0642\u0648\u0644 \u0627\u0644\u0641\u0636\u0648\u0644\u064a\u0629 \u0644\u0644\u062a\u0644\u0627\u0645\u064a\u0630. \u0641\u064a \u0647\u0630\u0647 \u0627\u0644\u0628\u064a\u0626\u0629 \u0627\u0644\u0646\u0634\u0637\u0629\u060c \u064a\u0635\u0628\u062d \u0643\u0644 \u0637\u0641\u0644 \u0645\u0647\u0646\u062f\u0633\u064b\u0627 \u0646\u0627\u0634\u0626\u064b\u0627\u060c \u064a\u0643\u062a\u0634\u0641 \u0639\u0627\u0644\u0645 \u0627\u0644\u0631\u0648\u0628\u0648\u062a\u0627\u062a \u0627\u0644\u0631\u0627\u0626\u0639 \u0645\u0646 \u062e\u0644\u0627\u0644 \u0627\u0644\u062a\u062c\u0627\u0631\u0628 \u0627\u0644\u0639\u0645\u0644\u064a\u0629 \u0648\u0627\u0644\u0645\u062d\u0641\u0632\u0629. \u064a\u0643\u062a\u0634\u0641 \u062a\u0644\u0627\u0645\u064a\u0630\u0646\u0627\u060c \u0628\u0627\u0633\u062a\u0639\u0645\u0627\u0644 \u0631\u0648\u0628\u0648\u062a\u0627\u062a \u0645\u0646\u0627\u0633\u0628\u0629 \u0644\u0623\u0639\u0645\u0627\u0631\u0647\u0645\u060c \u0627\u0644\u0639\u0645\u0644\u064a\u0629 \u0627\u0644\u062c\u0630\u0627\u0628\u0629 \u0644\u0628\u0646\u0627\u0621 \u0647\u0630\u0647 \u0627\u0644\u0623\u062c\u0647\u0632\u0629\u060c \u0628\u062f\u0621\u064b\u0627 \u0645\u0646 \u0627\u0644\u062a\u0631\u062a\u064a\u0628 \u0627\u0644\u062f\u0642\u064a\u0642 \u0644\u0644\u0623\u062c\u0632\u0627\u0621 \u0648\u062d\u062a\u0649 \u0627\u0644\u062a\u062c\u0633\u064a\u062f \u0627\u0644\u0639\u0645\u0644\u064a \u0644\u062e\u064a\u0627\u0644\u0627\u062a\u0647\u0645 \u0627\u0644\u0625\u0628\u062f\u0627\u0639\u064a\u0629. \n\u064a\u062a\u0631\u062f\u062f \u0641\u064a \u0623\u0631\u062c\u0627\u0621 \u063a\u0631\u0641\u0629  \u0627\u0644\u0635\u0641 \u0623\u0635\u0648\u0627\u062a \u0636\u062d\u0643\u0627\u062a \u0627\u0644\u062a\u0644\u0627\u0645\u064a\u0630 \u0648\u0646\u0642\u0627\u0634\u0627\u062a\u0647\u0645 \u062d\u064a\u062b \u064a\u062a\u0639\u0627\u0648\u0646\u0648\u0646 \u0644\u062d\u0644 \u0627\u0644\u062a\u062d\u062f\u064a\u0627\u062a \u0645\u0646 \u062e\u0644\u0627\u0644 \u0635\u0646\u0627\u0639\u0629 \u0627\u0644\u0631\u0648\u0628\u0648\u062a\u0627\u062a. \u0645\u0627 \u0645\u0646 \u0634\u0623\u0646\u0647 \u0623\u0646 \u064a\u062d\u0641\u0632 \u0631\u0648\u062d \u0627\u0644\u0641\u0631\u064a\u0642 \u0644\u062f\u064a\u0647\u0645 \u0648\u0627\u0644\u0642\u062f\u0631\u0629 \u0639\u0644\u0649 \u0645\u0648\u0627\u062c\u0647\u0629 \u0627\u0644\u0635\u0639\u0627\u0628. \n\u0628\u062a\u0648\u062c\u064a\u0647  \u0645\u0646 \u0645\u062f\u0631\u0633\u064a\u0646\u0627 \u0627\u0644\u0634\u063a\u0648\u0641\u064a\u0646\u060c \u064a\u062a\u0639\u0644\u0645 \u0627\u0644\u062a\u0644\u0627\u0645\u064a\u0630 \u0623\u064a\u0636\u064b\u0627 \u0639\u0646 \u0627\u0644\u0628\u0631\u0645\u062c\u0629\u060c \u0648\u064a\u062d\u0648\u0644\u0648\u0646 \u0627\u0644\u0631\u0648\u0628\u0648\u062a\u0627\u062a \u0627\u0644\u062e\u0627\u0635\u0629 \u0628\u0647\u0645 \u0625\u0644\u0649 \u0631\u0641\u0627\u0642 \u0645\u0637\u064a\u0639\u064a\u0646 \u0645\u0646 \u062e\u0644\u0627\u0644 \u0633\u0637\u0648\u0631 \u0628\u0633\u064a\u0637\u0629 \u0648\u0628\u062f\u064a\u0647\u064a\u0629 \u0645\u0646 \u0627\u0644\u062a\u0639\u0644\u064a\u0645\u0627\u062a \u0627\u0644\u0628\u0631\u0645\u062c\u064a\u0629. \n\u0625\u0646 \u0643\u0644 \u064a\u0648\u0645 \u0641\u064a \u0641\u0635\u0644\u0646\u0627 \u0627\u0644\u062f\u0631\u0627\u0633\u064a \u0627\u0644\u062e\u0627\u0635 \u0628\u0627\u0644\u0631\u0648\u0628\u0648\u062a\u0627\u062a \u0647\u0648 \u0639\u0628\u0627\u0631\u0629 \u0639\u0646  \u0645\u063a\u0627\u0645\u0631\u0629 \u062a\u0639\u0644\u064a\u0645\u064a\u0629 \u062a\u0643\u0648\u0646 \u0641\u064a\u0647\u0627 \u0627\u0644\u0625\u0628\u062f\u0627\u0639 \u0648\u0627\u0644\u062a\u0639\u0627\u0648\u0646 \u0648\u0627\u0644\u0627\u0643\u062a\u0634\u0627\u0641 \u0645\u062d\u0631\u0643\u0627\u062a \u0644\u0644\u0634\u063a\u0641 \u0627\u0644\u062f\u0627\u0626\u0645 \u0628\u0627\u0644\u0639\u0644\u0645 \u0648\u0627\u0644\u062a\u0643\u0646\u0648\u0644\u0648\u062c\u064a\u0627. \u0645\u0631\u062d\u0628\u064b\u0627 \u0628\u0643\u0645 \u0641\u064a \u0627\u0644\u0645\u0633\u062a\u0642\u0628\u0644\u060c \u062d\u064a\u062b \u064a\u0635\u0628\u062d \u062a\u0644\u0627\u0645\u064a\u0630\u0646\u0627 \u0645\u0647\u0646\u062f\u0633\u064a \u0627\u0644\u0645\u0633\u062a\u0642\u0628\u0644.<\/p><\/div>\n\t\t\t\t\t\t<div class=\"text\">\n\t\t\t\t\t\t\t<p><\/p>\n\t\t\t\t\t\t<\/div>\n\t\t\t\t\t\t<div class=\"btn-box\">\n\t\t\t\t\t\t\n\t\t\t\t\t<a href=\"\" target=\"_blank\" rel=\"nofollow\" class=\"theme-btn\">  <\/a>\t\t\t\t\t\t<\/div>\n\t\t\t\t\t<\/div>\n\t\t\t\t<\/div>\n\t\t\t\t<div class=\"col-lg-6 col-md-12 col-sm-12 image-column\">\n\t\t\t\t\t<div class=\"image-box wow fadeInRight animated\" data-wow-delay=\"0ms\" data-wow-duration=\"1500ms\" style=\"visibility: visible; animation-duration: 1500ms; animation-delay: 0ms; animation-name: fadeInRight;\">\n\t\t\t\t\t\t<figure class=\"image image-1\"><img decoding=\"async\" src=\"https:\/\/www.taybah.tn\/wp-content\/uploads\/2024\/01\/eng-taybah.jpg\" alt=\"\" loading=\"lazy\"><\/figure>\n\t\t\t\t\t\t<figure class=\"image image-2\"><img decoding=\"async\" src=\"https:\/\/www.taybah.tn\/wp-content\/uploads\/2023\/11\/eng17.jpg\" alt=\"\" loading=\"lazy\"><\/figure>\n\t\t\t\t\t<\/div>\n\t\t\t\t<\/div>\n\t\t\t<\/div>\n\t\t<\/div>\n\t<\/section> \n\t\t\t\t\t\t<\/div>\n\t\t\t\t<\/div>\n\t\t\t\t\t<\/div>\n\t\t<\/div>\n\t\t\t\t\t<\/div>\n\t\t<\/section>\n\t\t\t\t<section class=\"elementor-section elementor-top-section elementor-element elementor-element-d52899d elementor-section-full_width elementor-section-height-default elementor-section-height-default\" data-id=\"d52899d\" data-element_type=\"section\">\n\t\t\t\t\t\t<div class=\"elementor-container elementor-column-gap-default\">\n\t\t\t\t\t<div class=\"elementor-column elementor-col-100 elementor-top-column elementor-element elementor-element-957b42a\" data-id=\"957b42a\" data-element_type=\"column\">\n\t\t\t<div class=\"elementor-widget-wrap elementor-element-populated\">\n\t\t\t\t\t\t<div class=\"elementor-element elementor-element-5f12cb9 objectif-t-eng elementor-widget elementor-widget-about_us_one\" data-id=\"5f12cb9\" data-element_type=\"widget\" data-widget_type=\"about_us_one.default\">\n\t\t\t\t<div class=\"elementor-widget-container\">\n\t\t\t\t\t\t\t<section class=\"about-section\">\n\t\t\t\t\t\t<div class=\"anim-icon\">\n\t\t\t\t\t<div class=\"icon icon-1 float-bob-x\"><\/div>\n\t\t\t\t\t<div class=\"icon icon-2 wow zoomIn\" data-wow-delay=\"00ms\" data-wow-duration=\"1500ms\"><\/div>\n\t\t\t\t\t<div class=\"icon icon-3\"><\/div>\n\t\t\t\t<\/div>\n\t\t\t\t\t<div class=\"container\">\n\t\t\t\t<div class=\"row\">\n\t\t\t\t\t<div class=\"col-lg-6 col-md-12 col-sm-12 image-column\">\n\t\t\t\t\t\t<div class=\"image-box wow fadeInLeft\" data-wow-delay=\"0ms\" data-wow-duration=\"1500ms\">\n\t\t\t\t\t\t\t<figure class=\"image image-1\"><img decoding=\"async\" src=\"https:\/\/www.taybah.tn\/wp-content\/uploads\/2024\/01\/eng11-min-fotor-202401089498.jpg\" alt=\"\" loading=\"lazy\"><\/figure>\n\t\t\t\t\t\t\t<figure class=\"image image-2\"><img decoding=\"async\" src=\"https:\/\/www.taybah.tn\/wp-content\/uploads\/2023\/11\/eng9-min-scaled.jpg\" alt=\"\" loading=\"lazy\"><\/figure>\n\t\t\t\t\t\t<\/div>\n\t\t\t\t\t<\/div>\n\t\t\t\t\t<div class=\"col-lg-6 col-md-12 col-sm-12 content-column\">\n\t\t\t\t\t\t<div class=\"content-box\">\n\t\t\t\t\t\t\t<div class=\"sec-title style-two\">\n\t\t\t\t\t\t\t\t<h5><h2 style=\"font-size: 2em; color: #E23B5A; font-weight: bold; line-height: 1.5;\">\n\u0627\u0644\u0645\u0647\u0627\u0631\u0627\u062a \u0627\u0644\u0645\u0643\u062a\u0633\u0628\u0629 \u0644\u0625\u0639\u062f\u0627\u062f \u0627\u0644\u0623\u0637\u0641\u0627\u0644 \u0644\u0645\u0647\u0646 \u0627\u0644\u0645\u0633\u062a\u0642\u0628\u0644\n<\/h2>\n<\/h5>\n\t\t\t\t\t\t\t\t<p class=\"about_us\"><\/p>\n\t\t\t\t\t\t\t<\/div>\n\t\t\t\t\t\t\t<div class=\"bold-text\"><ul>\n<li>\u0627\u0644\u062a\u0639\u0631\u064a\u0641 \u0628\u0627\u0644\u0645\u0641\u0627\u0647\u064a\u0645 \u0627\u0644\u0623\u0633\u0627\u0633\u064a\u0629 \u0644\u0644\u0631\u0648\u0628\u0648\u062a\u0627\u062a \u0648\u0639\u0644\u0648\u0645 \u0627\u0644\u0643\u0645\u0628\u064a\u0648\u062a\u0631.<\/li>\n<li>\u0641\u0647\u0645 \u0627\u0644\u0645\u0628\u0627\u062f\u0626 \u0627\u0644\u0623\u0633\u0627\u0633\u064a\u0629 \u0644\u0644\u0628\u0631\u0645\u062c\u0629 \u0648\u0627\u0644\u0627\u0644\u0643\u062a\u0631\u0648\u0646\u064a\u0627\u062a \u0648\u0627\u0644\u0645\u064a\u0643\u0627\u0646\u064a\u0643\u0627 \u0627\u0644\u0645\u062a\u0639\u0644\u0642\u0629 \u0628\u0627\u0644\u0631\u0648\u0628\u0648\u062a\u0627\u062a.<\/li>\n<li>\u062a\u0639\u0631\u064a\u0641 \u0648\u062a\u0639\u0632\u064a\u0632 \u0645\u0647\u0627\u0631\u0627\u062a \u0627\u0644\u0628\u0631\u0645\u062c\u0629 \u0628\u0627\u0633\u062a\u062e\u062f\u0627\u0645 \u0644\u063a\u0627\u062a \u0628\u0631\u0645\u062c\u0629 \u062a\u062a\u0643\u064a\u0641 \u0645\u0639 \u0645\u0633\u062a\u0648\u0649 \u0627\u0644\u0645\u0634\u0627\u0631\u0643\u064a\u0646.<\/li>\n<li>\u0641\u0647\u0645 \u0647\u064a\u0627\u0643\u0644 \u0627\u0644\u062a\u062d\u0643\u0645 \u0648\u0627\u0644\u0645\u062a\u063a\u064a\u0631\u0627\u062a \u0648\u0627\u0644\u062d\u0644\u0642\u0627\u062a \u0648\u0627\u0644\u0648\u0638\u0627\u0626\u0641.<\/li>\n<li>\u0627\u0644\u0633\u0645\u0627\u062d \u0644\u0644\u0645\u0634\u0627\u0631\u0643\u064a\u0646 \u0628\u0628\u0646\u0627\u0621 \u0627\u0644\u0631\u0648\u0628\u0648\u062a\u0627\u062a \u0641\u0639\u0644\u064a\u064b\u0627 \u0628\u0627\u0633\u062a\u062e\u062f\u0627\u0645 \u0645\u062c\u0645\u0648\u0639\u0627\u062a \u0627\u0644\u0631\u0648\u0628\u0648\u062a\u0627\u062a \u0623\u0648 \u0627\u0644\u0645\u0643\u0648\u0646\u0627\u062a \u0627\u0644\u0625\u0644\u0643\u062a\u0631\u0648\u0646\u064a\u0629.<\/li>\n<li>\u062a\u0639\u0632\u064a\u0632 \u0627\u0644\u0641\u0647\u0645 \u0627\u0644\u0639\u0645\u0644\u064a \u0644\u0645\u0643\u0648\u0646\u0627\u062a \u0627\u0644\u0623\u062c\u0647\u0632\u0629 \u0648\u062a\u0641\u0627\u0639\u0644\u0647\u0627.<\/li>\n<li>\u0627\u0628\u062a\u0643\u0627\u0631 \u062a\u062d\u062f\u064a\u0627\u062a \u0648\u0645\u0634\u0643\u0644\u0627\u062a \u064a\u0642\u0639 \u062d\u0644\u0647\u0627 \u0645\u0646 \u062e\u0644\u0627\u0644 \u062a\u0637\u0628\u064a\u0642 \u0645\u0647\u0627\u0631\u0627\u062a \u0627\u0644\u0628\u0631\u0645\u062c\u0629 \u0648\u0627\u0644\u0631\u0648\u0628\u0648\u062a\u0627\u062a.<\/li>\n<li>\u0627\u0644\u062a\u0634\u062c\u064a\u0639 \u0639\u0644\u0649  \u062d\u0644 \u0627\u0644\u0645\u0634\u0643\u0644\u0627\u062a \u0628\u0634\u0643\u0644 \u0625\u0628\u062f\u0627\u0639\u064a \u0643\u0641\u0631\u064a\u0642 \u0648\u0627\u062d\u062f.<\/li>\n<li>\u062a\u0634\u062c\u064a\u0639 \u0627\u0644\u062a\u0639\u0627\u0648\u0646 \u0628\u064a\u0646 \u0627\u0644\u0645\u0634\u0627\u0631\u0643\u064a\u0646 \u0641\u064a \u062d\u0644 \u0627\u0644\u062a\u062d\u062f\u064a\u0627\u062a \u0648\u0625\u0646\u0634\u0627\u0621 \u0627\u0644\u0645\u0634\u0627\u0631\u064a\u0639.<\/li>\n<li>\u062a\u0639\u0632\u064a\u0632 \u0628\u064a\u0626\u0629 \u064a\u062a\u0645 \u0641\u064a\u0647\u0627 \u062a\u062b\u0645\u064a\u0646 \u0645\u0634\u0627\u0631\u0643\u0629 \u0627\u0644\u0623\u0641\u0643\u0627\u0631 \u0648\u0627\u0644\u0639\u0645\u0644 \u0627\u0644\u062c\u0645\u0627\u0639\u064a.<\/li>\n<ul><\/div>\n\t\t\t\t\t\t\t<div class=\"text\">\n\t\t\t\t\t\t\t\t<p><\/p>\n\t\t\t\t\t\t\t<\/div>\n\t\t\t\t\t\t\t<div class=\"btn-box\"><a href=\"\" class=\"theme-btn\"><\/a><\/div>\n\t\t\t\t\t\t<\/div>\n\t\t\t\t\t<\/div>\n\t\t\t\t<\/div>\n\t\t\t<\/div>\n\t\t<\/section>\n\t\t\t\t\t\t<\/div>\n\t\t\t\t<\/div>\n\t\t\t\t\t<\/div>\n\t\t<\/div>\n\t\t\t\t\t<\/div>\n\t\t<\/section>\n\t\t\t\t<\/div>","protected":false},"excerpt":{"rendered":"<p>Taybah Engineers, Tunisie : Programme Robotique du Primaire au [&hellip;]<\/p>","protected":false},"author":1,"featured_media":5534,"parent":0,"menu_order":0,"comment_status":"closed","ping_status":"closed","template":"elementor_header_footer","meta":{"inline_featured_image":false,"footnotes":""},"class_list":["post-3866","page","type-page","status-publish","has-post-thumbnail","hentry"],"yoast_head":"<!-- This site is optimized with the Yoast SEO plugin v26.9 - https:\/\/yoast.com\/product\/yoast-seo-wordpress\/ -->\n<title>Taybah engineers | Classe Robotique \u00e0 l&#039;\u00e9cole, coll\u00e8ge &amp; Lyc\u00e9e<\/title>\n<meta name=\"description\" content=\"Initiez vos enfants aux nouvelles technologies gr\u00e2ce \u00e0 la section Taybah Engineers. D\u00e9couvrez les ateliers STEM pour les 6-18 ans dans les classes robotique\" \/>\n<meta name=\"robots\" content=\"index, follow, max-snippet:-1, max-image-preview:large, max-video-preview:-1\" \/>\n<link rel=\"canonical\" href=\"https:\/\/www.taybah.tn\/ar\/\u0637\u064a\u0628\u0629-\u0627\u0646\u062c\u0646\u064a\u0631\u0632\/\" \/>\n<meta property=\"og:locale\" content=\"ar_AR\" \/>\n<meta property=\"og:type\" content=\"article\" \/>\n<meta property=\"og:title\" content=\"Taybah engineers | Classe Robotique \u00e0 l&#039;\u00e9cole, coll\u00e8ge &amp; Lyc\u00e9e\" \/>\n<meta property=\"og:description\" content=\"Initiez vos enfants aux nouvelles technologies gr\u00e2ce \u00e0 la section Taybah Engineers. D\u00e9couvrez les ateliers STEM pour les 6-18 ans dans les classes robotique\" \/>\n<meta property=\"og:url\" content=\"https:\/\/www.taybah.tn\/ar\/\u0637\u064a\u0628\u0629-\u0627\u0646\u062c\u0646\u064a\u0631\u0632\/\" \/>\n<meta property=\"og:site_name\" content=\"TAYBAH\" \/>\n<meta property=\"article:modified_time\" content=\"2025-07-04T16:43:58+00:00\" \/>\n<meta property=\"og:image\" content=\"https:\/\/www.taybah.tn\/wp-content\/uploads\/2025\/05\/1-pour-inscrivez-vous.jpg\" \/>\n\t<meta property=\"og:image:width\" content=\"1024\" \/>\n\t<meta property=\"og:image:height\" content=\"347\" \/>\n\t<meta property=\"og:image:type\" content=\"image\/jpeg\" \/>\n<meta name=\"twitter:card\" content=\"summary_large_image\" \/>\n<meta name=\"twitter:label1\" content=\"\u0648\u0642\u062a \u0627\u0644\u0642\u0631\u0627\u0621\u0629 \u0627\u0644\u0645\u064f\u0642\u062f\u0651\u0631\" \/>\n\t<meta name=\"twitter:data1\" content=\"3 \u062f\u0642\u0627\u0626\u0642\" \/>\n<script type=\"application\/ld+json\" class=\"yoast-schema-graph\">{\"@context\":\"https:\/\/schema.org\",\"@graph\":[{\"@type\":\"WebPage\",\"@id\":\"https:\/\/www.taybah.tn\/taybah-engineers\/\",\"url\":\"https:\/\/www.taybah.tn\/taybah-engineers\/\",\"name\":\"Taybah engineers | Classe Robotique \u00e0 l'\u00e9cole, coll\u00e8ge & Lyc\u00e9e\",\"isPartOf\":{\"@id\":\"https:\/\/www.taybah.tn\/#website\"},\"primaryImageOfPage\":{\"@id\":\"https:\/\/www.taybah.tn\/taybah-engineers\/#primaryimage\"},\"image\":{\"@id\":\"https:\/\/www.taybah.tn\/taybah-engineers\/#primaryimage\"},\"thumbnailUrl\":\"https:\/\/www.taybah.tn\/wp-content\/uploads\/2025\/05\/1-pour-inscrivez-vous.jpg\",\"datePublished\":\"2024-01-08T08:24:57+00:00\",\"dateModified\":\"2025-07-04T16:43:58+00:00\",\"description\":\"Initiez vos enfants aux nouvelles technologies gr\u00e2ce \u00e0 la section Taybah Engineers. D\u00e9couvrez les ateliers STEM pour les 6-18 ans dans les classes robotique\",\"breadcrumb\":{\"@id\":\"https:\/\/www.taybah.tn\/taybah-engineers\/#breadcrumb\"},\"inLanguage\":\"ar\",\"potentialAction\":[{\"@type\":\"ReadAction\",\"target\":[\"https:\/\/www.taybah.tn\/taybah-engineers\/\"]}]},{\"@type\":\"ImageObject\",\"inLanguage\":\"ar\",\"@id\":\"https:\/\/www.taybah.tn\/taybah-engineers\/#primaryimage\",\"url\":\"https:\/\/www.taybah.tn\/wp-content\/uploads\/2025\/05\/1-pour-inscrivez-vous.jpg\",\"contentUrl\":\"https:\/\/www.taybah.tn\/wp-content\/uploads\/2025\/05\/1-pour-inscrivez-vous.jpg\",\"width\":1024,\"height\":347},{\"@type\":\"BreadcrumbList\",\"@id\":\"https:\/\/www.taybah.tn\/taybah-engineers\/#breadcrumb\",\"itemListElement\":[{\"@type\":\"ListItem\",\"position\":1,\"name\":\"Accueil\",\"item\":\"https:\/\/www.taybah.tn\/\"},{\"@type\":\"ListItem\",\"position\":2,\"name\":\"Taybah Engineers\"}]},{\"@type\":\"WebSite\",\"@id\":\"https:\/\/www.taybah.tn\/#website\",\"url\":\"https:\/\/www.taybah.tn\/\",\"name\":\"TAYBAH\",\"description\":\"TAYBAH Education Group - \u00c9tablissement scolaire priv\u00e9 \u00e0 La Marsa, Tunis, Tunisie\",\"publisher\":{\"@id\":\"https:\/\/www.taybah.tn\/#organization\"},\"potentialAction\":[{\"@type\":\"SearchAction\",\"target\":{\"@type\":\"EntryPoint\",\"urlTemplate\":\"https:\/\/www.taybah.tn\/?s={search_term_string}\"},\"query-input\":{\"@type\":\"PropertyValueSpecification\",\"valueRequired\":true,\"valueName\":\"search_term_string\"}}],\"inLanguage\":\"ar\"},{\"@type\":\"Organization\",\"@id\":\"https:\/\/www.taybah.tn\/#organization\",\"name\":\"TAYBAH\",\"url\":\"https:\/\/www.taybah.tn\/\",\"logo\":{\"@type\":\"ImageObject\",\"inLanguage\":\"ar\",\"@id\":\"https:\/\/www.taybah.tn\/#\/schema\/logo\/image\/\",\"url\":\"https:\/\/www.taybah.tn\/wp-content\/uploads\/2025\/05\/logo-TYb-for-site.png\",\"contentUrl\":\"https:\/\/www.taybah.tn\/wp-content\/uploads\/2025\/05\/logo-TYb-for-site.png\",\"width\":287,\"height\":300,\"caption\":\"TAYBAH\"},\"image\":{\"@id\":\"https:\/\/www.taybah.tn\/#\/schema\/logo\/image\/\"}}]}<\/script>\n<!-- \/ Yoast SEO plugin. -->","yoast_head_json":{"title":"Taybah engineers | Classe Robotique \u00e0 l'\u00e9cole, coll\u00e8ge & Lyc\u00e9e","description":"Initiez vos enfants aux nouvelles technologies gr\u00e2ce \u00e0 la section Taybah Engineers. D\u00e9couvrez les ateliers STEM pour les 6-18 ans dans les classes robotique","robots":{"index":"index","follow":"follow","max-snippet":"max-snippet:-1","max-image-preview":"max-image-preview:large","max-video-preview":"max-video-preview:-1"},"canonical":"https:\/\/www.taybah.tn\/ar\/\u0637\u064a\u0628\u0629-\u0627\u0646\u062c\u0646\u064a\u0631\u0632\/","og_locale":"ar_AR","og_type":"article","og_title":"Taybah engineers | Classe Robotique \u00e0 l'\u00e9cole, coll\u00e8ge & Lyc\u00e9e","og_description":"Initiez vos enfants aux nouvelles technologies gr\u00e2ce \u00e0 la section Taybah Engineers. D\u00e9couvrez les ateliers STEM pour les 6-18 ans dans les classes robotique","og_url":"https:\/\/www.taybah.tn\/ar\/\u0637\u064a\u0628\u0629-\u0627\u0646\u062c\u0646\u064a\u0631\u0632\/","og_site_name":"TAYBAH","article_modified_time":"2025-07-04T16:43:58+00:00","og_image":[{"width":1024,"height":347,"url":"https:\/\/www.taybah.tn\/wp-content\/uploads\/2025\/05\/1-pour-inscrivez-vous.jpg","type":"image\/jpeg"}],"twitter_card":"summary_large_image","twitter_misc":{"\u0648\u0642\u062a \u0627\u0644\u0642\u0631\u0627\u0621\u0629 \u0627\u0644\u0645\u064f\u0642\u062f\u0651\u0631":"3 \u062f\u0642\u0627\u0626\u0642"},"schema":{"@context":"https:\/\/schema.org","@graph":[{"@type":"WebPage","@id":"https:\/\/www.taybah.tn\/taybah-engineers\/","url":"https:\/\/www.taybah.tn\/taybah-engineers\/","name":"Taybah engineers | Classe Robotique \u00e0 l'\u00e9cole, coll\u00e8ge & Lyc\u00e9e","isPartOf":{"@id":"https:\/\/www.taybah.tn\/#website"},"primaryImageOfPage":{"@id":"https:\/\/www.taybah.tn\/taybah-engineers\/#primaryimage"},"image":{"@id":"https:\/\/www.taybah.tn\/taybah-engineers\/#primaryimage"},"thumbnailUrl":"https:\/\/www.taybah.tn\/wp-content\/uploads\/2025\/05\/1-pour-inscrivez-vous.jpg","datePublished":"2024-01-08T08:24:57+00:00","dateModified":"2025-07-04T16:43:58+00:00","description":"Initiez vos enfants aux nouvelles technologies gr\u00e2ce \u00e0 la section Taybah Engineers. D\u00e9couvrez les ateliers STEM pour les 6-18 ans dans les classes robotique","breadcrumb":{"@id":"https:\/\/www.taybah.tn\/taybah-engineers\/#breadcrumb"},"inLanguage":"ar","potentialAction":[{"@type":"ReadAction","target":["https:\/\/www.taybah.tn\/taybah-engineers\/"]}]},{"@type":"ImageObject","inLanguage":"ar","@id":"https:\/\/www.taybah.tn\/taybah-engineers\/#primaryimage","url":"https:\/\/www.taybah.tn\/wp-content\/uploads\/2025\/05\/1-pour-inscrivez-vous.jpg","contentUrl":"https:\/\/www.taybah.tn\/wp-content\/uploads\/2025\/05\/1-pour-inscrivez-vous.jpg","width":1024,"height":347},{"@type":"BreadcrumbList","@id":"https:\/\/www.taybah.tn\/taybah-engineers\/#breadcrumb","itemListElement":[{"@type":"ListItem","position":1,"name":"Accueil","item":"https:\/\/www.taybah.tn\/"},{"@type":"ListItem","position":2,"name":"Taybah Engineers"}]},{"@type":"WebSite","@id":"https:\/\/www.taybah.tn\/#website","url":"https:\/\/www.taybah.tn\/","name":"TAYBAH","description":"TAYBAH Education Group - \u00c9tablissement scolaire priv\u00e9 \u00e0 La Marsa, Tunis, Tunisie","publisher":{"@id":"https:\/\/www.taybah.tn\/#organization"},"potentialAction":[{"@type":"SearchAction","target":{"@type":"EntryPoint","urlTemplate":"https:\/\/www.taybah.tn\/?s={search_term_string}"},"query-input":{"@type":"PropertyValueSpecification","valueRequired":true,"valueName":"search_term_string"}}],"inLanguage":"ar"},{"@type":"Organization","@id":"https:\/\/www.taybah.tn\/#organization","name":"TAYBAH","url":"https:\/\/www.taybah.tn\/","logo":{"@type":"ImageObject","inLanguage":"ar","@id":"https:\/\/www.taybah.tn\/#\/schema\/logo\/image\/","url":"https:\/\/www.taybah.tn\/wp-content\/uploads\/2025\/05\/logo-TYb-for-site.png","contentUrl":"https:\/\/www.taybah.tn\/wp-content\/uploads\/2025\/05\/logo-TYb-for-site.png","width":287,"height":300,"caption":"TAYBAH"},"image":{"@id":"https:\/\/www.taybah.tn\/#\/schema\/logo\/image\/"}}]}},"_links":{"self":[{"href":"https:\/\/www.taybah.tn\/ar\/wp-json\/wp\/v2\/pages\/3866","targetHints":{"allow":["GET"]}}],"collection":[{"href":"https:\/\/www.taybah.tn\/ar\/wp-json\/wp\/v2\/pages"}],"about":[{"href":"https:\/\/www.taybah.tn\/ar\/wp-json\/wp\/v2\/types\/page"}],"author":[{"embeddable":true,"href":"https:\/\/www.taybah.tn\/ar\/wp-json\/wp\/v2\/users\/1"}],"replies":[{"embeddable":true,"href":"https:\/\/www.taybah.tn\/ar\/wp-json\/wp\/v2\/comments?post=3866"}],"version-history":[{"count":0,"href":"https:\/\/www.taybah.tn\/ar\/wp-json\/wp\/v2\/pages\/3866\/revisions"}],"wp:featuredmedia":[{"embeddable":true,"href":"https:\/\/www.taybah.tn\/ar\/wp-json\/wp\/v2\/media\/5534"}],"wp:attachment":[{"href":"https:\/\/www.taybah.tn\/ar\/wp-json\/wp\/v2\/media?parent=3866"}],"curies":[{"name":"wp","href":"https:\/\/api.w.org\/{rel}","templated":true}]}}