{"id":3801,"date":"2024-01-04T14:46:39","date_gmt":"2024-01-04T13:46:39","guid":{"rendered":"https:\/\/taybahdev.digit-dev.com\/?page_id=3801"},"modified":"2025-07-04T18:37:24","modified_gmt":"2025-07-04T16:37:24","slug":"disciplines-sportives","status":"publish","type":"page","link":"https:\/\/www.taybah.tn\/ar\/\u0627\u0644\u0623\u0642\u0633\u0627\u0645-\u0627\u0644\u0631\u064a\u0627\u0636\u064a\u0629\/","title":{"rendered":"\u0627\u0644\u0623\u0642\u0633\u0627\u0645 \u0627\u0644\u0631\u064a\u0627\u0636\u064a\u0629"},"content":{"rendered":"<div data-elementor-type=\"wp-page\" data-elementor-id=\"3801\" class=\"elementor elementor-3801\">\n\t\t\t\t\t\t<section class=\"elementor-section elementor-top-section elementor-element elementor-element-38e7065 elementor-section-full_width elementor-section-height-default elementor-section-height-default\" data-id=\"38e7065\" data-element_type=\"section\">\n\t\t\t\t\t\t<div class=\"elementor-container elementor-column-gap-default\">\n\t\t\t\t\t<div class=\"elementor-column elementor-col-100 elementor-top-column elementor-element elementor-element-2bdda3f\" data-id=\"2bdda3f\" data-element_type=\"column\">\n\t\t\t<div class=\"elementor-widget-wrap elementor-element-populated\">\n\t\t\t\t\n\n\n\t\t<div class=\"elementor-element elementor-element-0a25f6a p-desc elementor-widget elementor-widget-about_us_four\" data-id=\"0a25f6a\" data-element_type=\"widget\" data-widget_type=\"about_us_four.default\">\n\t\t\t\t<div class=\"elementor-widget-container\">\n\t\t\t\t\t\t<section class=\"about-section style-two\">\n\t\t<div class=\"anim-icon\">\n\t\t\t<div class=\"icon icon-1 float-bob-x\"><\/div>\n\t\t\t<div class=\"icon icon-3\"><\/div>\n\t\t<\/div>\n\t\t<div class=\"container\">\n\t\t\t<div class=\"row\">\n\t\t\t\t<div class=\"col-lg-6 col-md-12 col-sm-12 content-column\">\n\t\t\t\t\t<div class=\"content-box\">\n\t\t\t\t\t\t<div class=\"sec-title style-two\">\n\t\t\t\t\t\t\t<h5><h1 style=\"font-size: 2.5em; color: #00C3A4; font-weight: bold; line-height: 1.5;\">\n \u0627\u0644\u0623\u0642\u0633\u0627\u0645 \u0627\u0644\u0631\u064a\u0627\u0636\u064a\u0629 \u0641\u064a \u0637\u064a\u0628\u0629 \u0627\u0644\u0645\u0631\u0633\u0649\u060c \u062a\u0648\u0646\u0633 : \u062a\u0646\u0648\u0639 \u0627\u0644\u0623\u0646\u0634\u0637\u0629\n<\/h1>\n<\/h5>\n\t\t\t\t\t\t\t<h1><\/h1>\n\t\t\t\t\t\t<\/div>\n\t\t\t\t\t\t<div class=\"bold-text\"><p  style=\" color: #000; text-align:justify;\" >\u0646\u0642\u062f\u0645 \u0644\u062a\u0644\u0627\u0645\u064a\u0630\u0646\u0627 \u0645\u062c\u0645\u0648\u0639\u0629 \u0645\u062a\u0646\u0648\u0639\u0629 \u0645\u0646 \u0627\u0644\u0631\u064a\u0627\u0636\u0627\u062a \u0648\u0627\u0644\u0623\u0646\u0634\u0637\u0629 \u0627\u0644\u062a\u064a \u062a\u0633\u0645\u062d \u0628\u062a\u062d\u0648\u064a\u0644 \u0634\u063a\u0641\u0647\u0645 \u0625\u0644\u0649 \u062a\u062e\u0635\u0635 \u0641\u064a \u0645\u062c\u0627\u0644 \u0627\u0644\u0631\u064a\u0627\u0636\u0629.<br><br>\u0645\u0646 \u0647\u0630\u0647 \u0627\u0644\u0631\u064a\u0627\u0636\u0627\u062a: \u0643\u0631\u0629 \u0627\u0644\u0642\u062f\u0645 \u0648\u0627\u0644\u062c\u0645\u0628\u0627\u0632 \u0648\u0627\u0644\u0633\u0628\u0627\u062d\u0629 \u0648\u0647\u064a \u0631\u064a\u0627\u0636\u0627\u062a \u062a\u062a\u064a\u062d \u0644\u0644\u062a\u0644\u0627\u0645\u064a\u0630 \u062a\u0637\u0648\u064a\u0631 \u0644\u064a\u0627\u0642\u062a\u0647\u0645 \u0627\u0644\u0628\u062f\u0646\u064a\u0629 \u0648\u0627\u0644\u0639\u0645\u0644 \u0627\u0644\u062c\u0645\u0627\u0639\u064a \u0648\u0627\u0644\u0645\u0647\u0627\u0631\u0627\u062a \u0627\u0644\u0631\u064a\u0627\u0636\u064a\u0629.<\/p><\/div>\n\t\t\t\t\t\t<div class=\"text\">\n\t\t\t\t\t\t\t<p><\/p>\n\t\t\t\t\t\t<\/div>\n\t\t\t\t\t\t<div class=\"btn-box\">\n\t\t\t\t\t\t\n\t\t\t\t\t<a href=\"\" target=\"_blank\" rel=\"nofollow\" class=\"theme-btn\">  <\/a>\t\t\t\t\t\t<\/div>\n\t\t\t\t\t<\/div>\n\t\t\t\t<\/div>\n\t\t\t\t<div class=\"col-lg-6 col-md-12 col-sm-12 image-column\">\n\t\t\t\t\t<div class=\"image-box wow fadeInRight animated\" data-wow-delay=\"0ms\" data-wow-duration=\"1500ms\" style=\"visibility: visible; animation-duration: 1500ms; animation-delay: 0ms; animation-name: fadeInRight;\">\n\t\t\t\t\t\t<figure class=\"image image-1\"><img decoding=\"async\" src=\"https:\/\/www.taybah.tn\/wp-content\/uploads\/2024\/01\/despline-sportif.jpg\" alt=\"\" loading=\"lazy\"><\/figure>\n\t\t\t\t\t\t<figure class=\"image image-2\"><img decoding=\"async\" src=\"\" alt=\"\"><\/figure>\n\t\t\t\t\t<\/div>\n\t\t\t\t<\/div>\n\t\t\t<\/div>\n\t\t<\/div>\n\t<\/section> \n\t\t\t\t\t\t<\/div>\n\t\t\t\t<\/div>\n\t\t\t\t\t<\/div>\n\t\t<\/div>\n\t\t\t\t\t<\/div>\n\t\t<\/section>\n\t\t\t\t<section class=\"elementor-section elementor-top-section elementor-element elementor-element-05a0caa elementor-section-full_width elementor-section-height-default elementor-section-height-default\" data-id=\"05a0caa\" data-element_type=\"section\">\n\t\t\t\t\t\t<div class=\"elementor-container elementor-column-gap-default\">\n\t\t\t\t\t<div class=\"elementor-column elementor-col-100 elementor-top-column elementor-element elementor-element-78c4b73\" data-id=\"78c4b73\" data-element_type=\"column\">\n\t\t\t<div class=\"elementor-widget-wrap elementor-element-populated\">\n\t\t\t\t\t\t<div class=\"elementor-element elementor-element-d7fb6b6 displine-spotif elementor-widget elementor-widget-about_us_one\" data-id=\"d7fb6b6\" data-element_type=\"widget\" data-widget_type=\"about_us_one.default\">\n\t\t\t\t<div class=\"elementor-widget-container\">\n\t\t\t\t\t\t\t<section class=\"about-section\">\n\t\t\t\t\t<div class=\"container\">\n\t\t\t\t<div class=\"row\">\n\t\t\t\t\t<div class=\"col-lg-6 col-md-12 col-sm-12 image-column\">\n\t\t\t\t\t\t<div class=\"image-box wow fadeInLeft\" data-wow-delay=\"0ms\" data-wow-duration=\"1500ms\">\n\t\t\t\t\t\t\t<figure class=\"image image-1\"><img decoding=\"async\" src=\"https:\/\/www.taybah.tn\/wp-content\/uploads\/2024\/01\/20191118_151435-fotor-20240108154637.jpg\" alt=\"\" loading=\"lazy\"><\/figure>\n\t\t\t\t\t\t\t<figure class=\"image image-2\"><img decoding=\"async\" src=\"https:\/\/www.taybah.tn\/wp-content\/uploads\/2020\/04\/1X0A0038-min-scaled.jpg\" alt=\"\" loading=\"lazy\"><\/figure>\n\t\t\t\t\t\t<\/div>\n\t\t\t\t\t<\/div>\n\t\t\t\t\t<div class=\"col-lg-6 col-md-12 col-sm-12 content-column\">\n\t\t\t\t\t\t<div class=\"content-box\">\n\t\t\t\t\t\t\t<div class=\"sec-title style-two\">\n\t\t\t\t\t\t\t\t<h5><h2 style=\"font-size: 2em; color: #E23B5A; font-weight: bold; line-height: 1.5;\">\n\u0623\u0647\u062f\u0627\u0641 \u0645\u062e\u062a\u0644\u0641 \u0627\u0644\u0625\u062e\u062a\u0635\u0627\u0635\u0627\u062a \u0627\u0644\u0631\u064a\u0627\u0636\u064a\u0629 \u0641\u064a \u0645\u0624\u0633\u0633\u0627\u062a \u0637\u064a\u0628\u0629 \u0627\u0644\u062a\u0631\u0628\u0648\u064a\u0629\n<\/h2>\n<\/h5>\n\t\t\t\t\t\t\t\t<p class=\"about_us\"><\/p>\n\t\t\t\t\t\t\t<\/div>\n\t\t\t\t\t\t\t<div class=\"bold-text\"><\/div>\n\t\t\t\t\t\t\t<div class=\"text\">\n\t\t\t\t\t\t\t\t<p><ul>\n<li> <span  style=\" color: #000; text-align:justify;\" >\u062a\u0639\u0632\u064a\u0632 \u0627\u0644\u0635\u062d\u0629 \u0627\u0644\u0628\u062f\u0646\u064a\u0629 \u0644\u0644\u062a\u0644\u0627\u0645\u064a\u0630 \u0648\u062a\u0646\u0645\u064a\u0629 \u0645\u0647\u0627\u0631\u0627\u062a\u0647\u0645 \u0627\u0644\u062d\u0631\u0643\u064a\u0629 \u0648\u063a\u0631\u0633 \u0639\u0627\u062f\u0627\u062a \u0627\u0644\u062d\u064a\u0627\u0629 \u0627\u0644\u0635\u062d\u064a\u0629 \u0641\u064a \u0646\u0641\u0648\u0633\u0647\u0645 \u0645\u0646\u0630 \u0633\u0646 \u0645\u0628\u0643\u0631\u0629.<\/span><\/li> \n<li> <p  style=\" color: #000; text-align:justify;\" >\u063a\u0631\u0633 \u0627\u0644\u0642\u064a\u0645 \u0627\u0644\u0623\u0648\u0644\u0645\u0628\u064a\u0629 \u0641\u064a \u0646\u0641\u0648\u0633 \u0627\u0644\u062a\u0644\u0627\u0645\u064a\u0630\u060c \u0645\u062b\u0644 \u0627\u0644\u0644\u0639\u0628 \u0627\u0644\u0646\u0632\u064a\u0647 \u0648\u0631\u0648\u062d \u0627\u0644\u0641\u0631\u064a\u0642 \u0648\u0627\u0644\u0627\u0646\u0636\u0628\u0627\u0637 \u0648\u0627\u0644\u062c\u0647\u062f \u0648\u0627\u0644\u0627\u062d\u062a\u0631\u0627\u0645 \u0627\u0644\u0645\u062a\u0628\u0627\u062f\u0644.<\/span> <\/li> \n<li> <p  style=\" color: #000; text-align:justify;\" >\u062a\u0646\u0645\u064a\u0629 \u0627\u0644\u0645\u0647\u0627\u0631\u0627\u062a \u0627\u0644\u0627\u062c\u062a\u0645\u0627\u0639\u064a\u0629 \u0648\u0645\u0647\u0627\u0631\u0627\u062a \u0627\u0644\u062a\u0648\u0627\u0635\u0644 \u0644\u062f\u0649 \u0627\u0644\u062a\u0644\u0627\u0645\u064a\u0630.<\/span><\/li>\n<li> <p  style=\" color: #000; text-align:justify;\" >\u062a\u0639\u0632\u064a\u0632 \u0627\u0644\u062a\u0646\u0645\u064a\u0629 \u0627\u0644\u0634\u062e\u0635\u064a\u0629 \u0644\u0644\u062a\u0644\u0627\u0645\u064a\u0630 \u0645\u0646 \u062e\u0644\u0627\u0644 \u0627\u0644\u0633\u0645\u0627\u062d \u0644\u0647\u0645 \u0628\u0627\u0644\u0645\u0634\u0627\u0631\u0643\u0629 \u0641\u064a \u0627\u0644\u0623\u0646\u0634\u0637\u0629 \u0627\u0644\u062a\u064a \u064a\u0633\u062a\u0645\u062a\u0639\u0648\u0646 \u0628\u0647\u0627 \u0648\u062a\u0633\u0627\u0647\u0645 \u0641\u064a \u062a\u0637\u0648\u0631\u0647\u0645 \u0627\u0644\u0634\u0627\u0645\u0644.<\/span><\/li>\n\n<li><p  style=\" color: #000; text-align:justify;\" >\u0636\u0645\u0627\u0646 \u0627\u0644\u062a\u0648\u0627\u0632\u0646 \u0628\u064a\u0646 \u0627\u0644\u0646\u0634\u0627\u0637 \u0627\u0644\u0628\u062f\u0646\u064a \u0648\u0627\u0644\u0645\u062a\u0637\u0644\u0628\u0627\u062a \u0627\u0644\u0623\u0643\u0627\u062f\u064a\u0645\u064a\u0629. <\/span><\/li>\n<li><p  style=\" color: #000; text-align:justify;\" >\u062a\u0642\u0644\u064a\u0644 \u0636\u063a\u0637 \u0627\u0644\u062f\u0631\u0627\u0633\u0629 \u0648\u0645\u0646\u0639 \u0627\u0644\u0625\u062c\u0647\u0627\u062f \u0627\u0644\u0645\u0641\u0631\u0637 \u0645\u0646 \u062e\u0644\u0627\u0644 \u062a\u0639\u0632\u064a\u0632 \u0628\u064a\u0626\u0629 \u062a\u0639\u0644\u064a\u0645\u064a\u0629 \u0623\u0643\u062b\u0631 \u062a\u0648\u0627\u0632\u0646\u0627\u064b \u0648\u0635\u062d\u0629.<\/span><\/li><\/ul><\/p>\n\t\t\t\t\t\t\t<\/div>\n\t\t\t\t\t\t\t<div class=\"btn-box\"><a href=\"\" class=\"theme-btn\"><\/a><\/div>\n\t\t\t\t\t\t<\/div>\n\t\t\t\t\t<\/div>\n\t\t\t\t<\/div>\n\t\t\t<\/div>\n\t\t<\/section>\n\t\t\t\t\t\t<\/div>\n\t\t\t\t<\/div>\n\t\t\t\t\t<\/div>\n\t\t<\/div>\n\t\t\t\t\t<\/div>\n\t\t<\/section>\n\t\t\t\t<section class=\"elementor-section elementor-top-section elementor-element elementor-element-87cb270 elementor-section-boxed elementor-section-height-default elementor-section-height-default\" data-id=\"87cb270\" data-element_type=\"section\">\n\t\t\t\t\t\t<div class=\"elementor-container elementor-column-gap-default\">\n\t\t\t\t\t<div class=\"elementor-column elementor-col-100 elementor-top-column elementor-element elementor-element-344d39c\" data-id=\"344d39c\" data-element_type=\"column\">\n\t\t\t<div class=\"elementor-widget-wrap elementor-element-populated\">\n\t\t\t\t\t\t<div class=\"elementor-element elementor-element-f5ae840 elementor-widget elementor-widget-text-editor\" data-id=\"f5ae840\" data-element_type=\"widget\" data-widget_type=\"text-editor.default\">\n\t\t\t\t<div class=\"elementor-widget-container\">\n\t\t\t\t\t\t\t\t\t<p  style=\" color: #000; text-align:justify;\" >\u0646\u0633\u0639\u0649 \u0641\u064a \u0637\u064a\u0628\u0629 \u0644\u062a\u0648\u0633\u064a\u0639 \u0646\u0637\u0627\u0642 \u062a\u062c\u0631\u0628\u062a\u0646\u0627 \u0628\u0625\u0636\u0627\u0641\u0629 \u062a\u062e\u0635\u0635\u0627\u062a \u0623\u062e\u0631\u0649\u060c \u0645\u0645\u0627 \u064a\u062a\u064a\u062d \u0644\u0644\u062a\u0644\u0627\u0645\u064a\u0630 \u0627\u0643\u062a\u0634\u0627\u0641 \u0645\u0648\u0627\u0647\u0628\u0647\u0645 \u0648\u062a\u0637\u0648\u064a\u0631\u0647\u0627 \u0641\u064a \u0639\u062f\u064a\u062f \u0627\u0644\u0645\u062c\u0627\u0644\u0627\u062a. \u064a\u0645\u0643\u0646 \u0623\u0646 \u064a\u0634\u0645\u0644 \u0630\u0644\u0643 \u0639\u062f\u0629 \u062a\u062e\u0635\u0635\u0627\u062a \u0645\u062b\u0644 \u0623\u0644\u0639\u0627\u0628 \u0627\u0644\u0642\u0648\u0649\u060c \u0641\u0646\u0648\u0646 \u0627\u0644\u062f\u0641\u0627\u0639 \u0639\u0646 \u0627\u0644\u0646\u0641\u0633\u060c \u0627\u0644\u0631\u064a\u0627\u0636\u0627\u062a \u0627\u0644\u062c\u0645\u0627\u0639\u064a\u0629\u060c \u0627\u0644\u0645\u0648\u0633\u064a\u0642\u0649\u060c \u0627\u0644\u0641\u0646\u0648\u0646 \u0627\u0644\u0628\u0635\u0631\u064a\u0629\u060c \u0648\u0645\u0627 \u0625\u0644\u0649 \u0630\u0644\u0643.\n\n\u0648\u0646\u062d\u0646 \u0646\u0637\u0645\u062d \u0625\u0644\u0649 \u062a\u0648\u0633\u064a\u0639 \u0645\u062c\u0627\u0644\u0627\u062a \u0627\u0644\u0623\u0642\u0633\u0627\u0645 \u0627\u0644\u0623\u0648\u0644\u0645\u0628\u064a\u0629 \u0645\u0646 \u062e\u0644\u0627\u0644 \u0625\u0636\u0627\u0641\u0629 \u062a\u062e\u0635\u0635\u0627\u062a \u0623\u062e\u0631\u0649\u060c \u0645\u0645\u0627 \u064a\u0633\u0645\u062d \u0644\u0644\u062a\u0644\u0627\u0645\u064a\u0630 \u0628\u0627\u0643\u062a\u0634\u0627\u0641 \u0645\u0648\u0627\u0647\u0628\u0647\u0645 \u0648\u062a\u0637\u0648\u064a\u0631\u0647\u0627.<\/p>\t\t\t\t\t\t\t\t<\/div>\n\t\t\t\t<\/div>\n\t\t\t\t\t<\/div>\n\t\t<\/div>\n\t\t\t\t\t<\/div>\n\t\t<\/section>\n\t\t\t\t<\/div>","protected":false},"excerpt":{"rendered":"<p>Disciplines sportives \u00e0 Taybah: Diversit\u00e9 des activit\u00e9s Nous offrons [&hellip;]<\/p>","protected":false},"author":1,"featured_media":5534,"parent":0,"menu_order":0,"comment_status":"closed","ping_status":"closed","template":"elementor_header_footer","meta":{"inline_featured_image":false,"footnotes":""},"class_list":["post-3801","page","type-page","status-publish","has-post-thumbnail","hentry"],"yoast_head":"<!-- This site is optimized with the Yoast SEO plugin v26.9 - https:\/\/yoast.com\/product\/yoast-seo-wordpress\/ -->\n<title>Taybah La Marsa, Tunisie - disciplines sportives<\/title>\n<meta name=\"description\" content=\"N&#039;h\u00e9sitez pas \u00e0 inscrire votre enfant au Taybah Education Group, La Marsa, Tunisie. B\u00e9n\u00e9ficiez des diff\u00e9rentes disciplines sportives de la maternelle au lyc\u00e9e.\" \/>\n<meta name=\"robots\" content=\"index, follow, max-snippet:-1, max-image-preview:large, max-video-preview:-1\" \/>\n<link rel=\"canonical\" href=\"https:\/\/www.taybah.tn\/ar\/\u0627\u0644\u0623\u0642\u0633\u0627\u0645-\u0627\u0644\u0631\u064a\u0627\u0636\u064a\u0629\/\" \/>\n<meta property=\"og:locale\" content=\"ar_AR\" \/>\n<meta property=\"og:type\" content=\"article\" \/>\n<meta property=\"og:title\" content=\"Taybah La Marsa, Tunisie - disciplines sportives\" \/>\n<meta property=\"og:description\" content=\"N&#039;h\u00e9sitez pas \u00e0 inscrire votre enfant au Taybah Education Group, La Marsa, Tunisie. B\u00e9n\u00e9ficiez des diff\u00e9rentes disciplines sportives de la maternelle au lyc\u00e9e.\" \/>\n<meta property=\"og:url\" content=\"https:\/\/www.taybah.tn\/ar\/\u0627\u0644\u0623\u0642\u0633\u0627\u0645-\u0627\u0644\u0631\u064a\u0627\u0636\u064a\u0629\/\" \/>\n<meta property=\"og:site_name\" content=\"TAYBAH\" \/>\n<meta property=\"article:modified_time\" content=\"2025-07-04T16:37:24+00:00\" \/>\n<meta property=\"og:image\" content=\"https:\/\/www.taybah.tn\/wp-content\/uploads\/2025\/05\/1-pour-inscrivez-vous.jpg\" \/>\n\t<meta property=\"og:image:width\" content=\"1024\" \/>\n\t<meta property=\"og:image:height\" content=\"347\" \/>\n\t<meta property=\"og:image:type\" content=\"image\/jpeg\" \/>\n<meta name=\"twitter:card\" content=\"summary_large_image\" \/>\n<meta name=\"twitter:label1\" content=\"\u0648\u0642\u062a \u0627\u0644\u0642\u0631\u0627\u0621\u0629 \u0627\u0644\u0645\u064f\u0642\u062f\u0651\u0631\" \/>\n\t<meta name=\"twitter:data1\" content=\"3 \u062f\u0642\u0627\u0626\u0642\" \/>\n<script type=\"application\/ld+json\" class=\"yoast-schema-graph\">{\"@context\":\"https:\/\/schema.org\",\"@graph\":[{\"@type\":\"WebPage\",\"@id\":\"https:\/\/www.taybah.tn\/disciplines-sportives\/\",\"url\":\"https:\/\/www.taybah.tn\/disciplines-sportives\/\",\"name\":\"Taybah La Marsa, Tunisie - disciplines sportives\",\"isPartOf\":{\"@id\":\"https:\/\/www.taybah.tn\/#website\"},\"primaryImageOfPage\":{\"@id\":\"https:\/\/www.taybah.tn\/disciplines-sportives\/#primaryimage\"},\"image\":{\"@id\":\"https:\/\/www.taybah.tn\/disciplines-sportives\/#primaryimage\"},\"thumbnailUrl\":\"https:\/\/www.taybah.tn\/wp-content\/uploads\/2025\/05\/1-pour-inscrivez-vous.jpg\",\"datePublished\":\"2024-01-04T13:46:39+00:00\",\"dateModified\":\"2025-07-04T16:37:24+00:00\",\"description\":\"N'h\u00e9sitez pas \u00e0 inscrire votre enfant au Taybah Education Group, La Marsa, Tunisie. B\u00e9n\u00e9ficiez des diff\u00e9rentes disciplines sportives de la maternelle au lyc\u00e9e.\",\"breadcrumb\":{\"@id\":\"https:\/\/www.taybah.tn\/disciplines-sportives\/#breadcrumb\"},\"inLanguage\":\"ar\",\"potentialAction\":[{\"@type\":\"ReadAction\",\"target\":[\"https:\/\/www.taybah.tn\/disciplines-sportives\/\"]}]},{\"@type\":\"ImageObject\",\"inLanguage\":\"ar\",\"@id\":\"https:\/\/www.taybah.tn\/disciplines-sportives\/#primaryimage\",\"url\":\"https:\/\/www.taybah.tn\/wp-content\/uploads\/2025\/05\/1-pour-inscrivez-vous.jpg\",\"contentUrl\":\"https:\/\/www.taybah.tn\/wp-content\/uploads\/2025\/05\/1-pour-inscrivez-vous.jpg\",\"width\":1024,\"height\":347},{\"@type\":\"BreadcrumbList\",\"@id\":\"https:\/\/www.taybah.tn\/disciplines-sportives\/#breadcrumb\",\"itemListElement\":[{\"@type\":\"ListItem\",\"position\":1,\"name\":\"Accueil\",\"item\":\"https:\/\/www.taybah.tn\/\"},{\"@type\":\"ListItem\",\"position\":2,\"name\":\"Disciplines sportives\"}]},{\"@type\":\"WebSite\",\"@id\":\"https:\/\/www.taybah.tn\/#website\",\"url\":\"https:\/\/www.taybah.tn\/\",\"name\":\"TAYBAH\",\"description\":\"TAYBAH Education Group - \u00c9tablissement scolaire priv\u00e9 \u00e0 La Marsa, Tunis, Tunisie\",\"publisher\":{\"@id\":\"https:\/\/www.taybah.tn\/#organization\"},\"potentialAction\":[{\"@type\":\"SearchAction\",\"target\":{\"@type\":\"EntryPoint\",\"urlTemplate\":\"https:\/\/www.taybah.tn\/?s={search_term_string}\"},\"query-input\":{\"@type\":\"PropertyValueSpecification\",\"valueRequired\":true,\"valueName\":\"search_term_string\"}}],\"inLanguage\":\"ar\"},{\"@type\":\"Organization\",\"@id\":\"https:\/\/www.taybah.tn\/#organization\",\"name\":\"TAYBAH\",\"url\":\"https:\/\/www.taybah.tn\/\",\"logo\":{\"@type\":\"ImageObject\",\"inLanguage\":\"ar\",\"@id\":\"https:\/\/www.taybah.tn\/#\/schema\/logo\/image\/\",\"url\":\"https:\/\/www.taybah.tn\/wp-content\/uploads\/2025\/05\/logo-TYb-for-site.png\",\"contentUrl\":\"https:\/\/www.taybah.tn\/wp-content\/uploads\/2025\/05\/logo-TYb-for-site.png\",\"width\":287,\"height\":300,\"caption\":\"TAYBAH\"},\"image\":{\"@id\":\"https:\/\/www.taybah.tn\/#\/schema\/logo\/image\/\"}}]}<\/script>\n<!-- \/ Yoast SEO plugin. -->","yoast_head_json":{"title":"Taybah La Marsa, Tunisie - disciplines sportives","description":"N'h\u00e9sitez pas \u00e0 inscrire votre enfant au Taybah Education Group, La Marsa, Tunisie. B\u00e9n\u00e9ficiez des diff\u00e9rentes disciplines sportives de la maternelle au lyc\u00e9e.","robots":{"index":"index","follow":"follow","max-snippet":"max-snippet:-1","max-image-preview":"max-image-preview:large","max-video-preview":"max-video-preview:-1"},"canonical":"https:\/\/www.taybah.tn\/ar\/\u0627\u0644\u0623\u0642\u0633\u0627\u0645-\u0627\u0644\u0631\u064a\u0627\u0636\u064a\u0629\/","og_locale":"ar_AR","og_type":"article","og_title":"Taybah La Marsa, Tunisie - disciplines sportives","og_description":"N'h\u00e9sitez pas \u00e0 inscrire votre enfant au Taybah Education Group, La Marsa, Tunisie. B\u00e9n\u00e9ficiez des diff\u00e9rentes disciplines sportives de la maternelle au lyc\u00e9e.","og_url":"https:\/\/www.taybah.tn\/ar\/\u0627\u0644\u0623\u0642\u0633\u0627\u0645-\u0627\u0644\u0631\u064a\u0627\u0636\u064a\u0629\/","og_site_name":"TAYBAH","article_modified_time":"2025-07-04T16:37:24+00:00","og_image":[{"width":1024,"height":347,"url":"https:\/\/www.taybah.tn\/wp-content\/uploads\/2025\/05\/1-pour-inscrivez-vous.jpg","type":"image\/jpeg"}],"twitter_card":"summary_large_image","twitter_misc":{"\u0648\u0642\u062a \u0627\u0644\u0642\u0631\u0627\u0621\u0629 \u0627\u0644\u0645\u064f\u0642\u062f\u0651\u0631":"3 \u062f\u0642\u0627\u0626\u0642"},"schema":{"@context":"https:\/\/schema.org","@graph":[{"@type":"WebPage","@id":"https:\/\/www.taybah.tn\/disciplines-sportives\/","url":"https:\/\/www.taybah.tn\/disciplines-sportives\/","name":"Taybah La Marsa, Tunisie - disciplines sportives","isPartOf":{"@id":"https:\/\/www.taybah.tn\/#website"},"primaryImageOfPage":{"@id":"https:\/\/www.taybah.tn\/disciplines-sportives\/#primaryimage"},"image":{"@id":"https:\/\/www.taybah.tn\/disciplines-sportives\/#primaryimage"},"thumbnailUrl":"https:\/\/www.taybah.tn\/wp-content\/uploads\/2025\/05\/1-pour-inscrivez-vous.jpg","datePublished":"2024-01-04T13:46:39+00:00","dateModified":"2025-07-04T16:37:24+00:00","description":"N'h\u00e9sitez pas \u00e0 inscrire votre enfant au Taybah Education Group, La Marsa, Tunisie. B\u00e9n\u00e9ficiez des diff\u00e9rentes disciplines sportives de la maternelle au lyc\u00e9e.","breadcrumb":{"@id":"https:\/\/www.taybah.tn\/disciplines-sportives\/#breadcrumb"},"inLanguage":"ar","potentialAction":[{"@type":"ReadAction","target":["https:\/\/www.taybah.tn\/disciplines-sportives\/"]}]},{"@type":"ImageObject","inLanguage":"ar","@id":"https:\/\/www.taybah.tn\/disciplines-sportives\/#primaryimage","url":"https:\/\/www.taybah.tn\/wp-content\/uploads\/2025\/05\/1-pour-inscrivez-vous.jpg","contentUrl":"https:\/\/www.taybah.tn\/wp-content\/uploads\/2025\/05\/1-pour-inscrivez-vous.jpg","width":1024,"height":347},{"@type":"BreadcrumbList","@id":"https:\/\/www.taybah.tn\/disciplines-sportives\/#breadcrumb","itemListElement":[{"@type":"ListItem","position":1,"name":"Accueil","item":"https:\/\/www.taybah.tn\/"},{"@type":"ListItem","position":2,"name":"Disciplines sportives"}]},{"@type":"WebSite","@id":"https:\/\/www.taybah.tn\/#website","url":"https:\/\/www.taybah.tn\/","name":"TAYBAH","description":"TAYBAH Education Group - \u00c9tablissement scolaire priv\u00e9 \u00e0 La Marsa, Tunis, Tunisie","publisher":{"@id":"https:\/\/www.taybah.tn\/#organization"},"potentialAction":[{"@type":"SearchAction","target":{"@type":"EntryPoint","urlTemplate":"https:\/\/www.taybah.tn\/?s={search_term_string}"},"query-input":{"@type":"PropertyValueSpecification","valueRequired":true,"valueName":"search_term_string"}}],"inLanguage":"ar"},{"@type":"Organization","@id":"https:\/\/www.taybah.tn\/#organization","name":"TAYBAH","url":"https:\/\/www.taybah.tn\/","logo":{"@type":"ImageObject","inLanguage":"ar","@id":"https:\/\/www.taybah.tn\/#\/schema\/logo\/image\/","url":"https:\/\/www.taybah.tn\/wp-content\/uploads\/2025\/05\/logo-TYb-for-site.png","contentUrl":"https:\/\/www.taybah.tn\/wp-content\/uploads\/2025\/05\/logo-TYb-for-site.png","width":287,"height":300,"caption":"TAYBAH"},"image":{"@id":"https:\/\/www.taybah.tn\/#\/schema\/logo\/image\/"}}]}},"_links":{"self":[{"href":"https:\/\/www.taybah.tn\/ar\/wp-json\/wp\/v2\/pages\/3801","targetHints":{"allow":["GET"]}}],"collection":[{"href":"https:\/\/www.taybah.tn\/ar\/wp-json\/wp\/v2\/pages"}],"about":[{"href":"https:\/\/www.taybah.tn\/ar\/wp-json\/wp\/v2\/types\/page"}],"author":[{"embeddable":true,"href":"https:\/\/www.taybah.tn\/ar\/wp-json\/wp\/v2\/users\/1"}],"replies":[{"embeddable":true,"href":"https:\/\/www.taybah.tn\/ar\/wp-json\/wp\/v2\/comments?post=3801"}],"version-history":[{"count":0,"href":"https:\/\/www.taybah.tn\/ar\/wp-json\/wp\/v2\/pages\/3801\/revisions"}],"wp:featuredmedia":[{"embeddable":true,"href":"https:\/\/www.taybah.tn\/ar\/wp-json\/wp\/v2\/media\/5534"}],"wp:attachment":[{"href":"https:\/\/www.taybah.tn\/ar\/wp-json\/wp\/v2\/media?parent=3801"}],"curies":[{"name":"wp","href":"https:\/\/api.w.org\/{rel}","templated":true}]}}