{"id":294,"date":"2020-04-21T03:53:08","date_gmt":"2020-04-21T03:53:08","guid":{"rendered":"https:\/\/taybahdev.digit-dev.com?page_id=294"},"modified":"2025-05-31T10:52:56","modified_gmt":"2025-05-31T08:52:56","slug":"page-faq","status":"publish","type":"page","link":"https:\/\/www.taybah.tn\/ar\/\u0627\u0644\u0623\u0633\u0626\u0644\u0629-\u0627\u0644\u0634\u0627\u0626\u0639\u0629\/","title":{"rendered":"\u0627\u0644\u0623\u0633\u0626\u0644\u0629 \u0627\u0644\u0634\u0627\u0626\u0639\u0629"},"content":{"rendered":"<div data-elementor-type=\"wp-page\" data-elementor-id=\"294\" class=\"elementor elementor-294\">\n\t\t\t\t\t\t<section class=\"elementor-section elementor-top-section elementor-element elementor-element-108942f elementor-section-stretched elementor-section-full_width elementor-section-height-default elementor-section-height-default\" data-id=\"108942f\" data-element_type=\"section\" data-settings=\"{&quot;stretch_section&quot;:&quot;section-stretched&quot;}\">\n\t\t\t\t\t\t<div class=\"elementor-container elementor-column-gap-default\">\n\t\t\t\t\t<div class=\"elementor-column elementor-col-100 elementor-top-column elementor-element elementor-element-7e6089e\" data-id=\"7e6089e\" data-element_type=\"column\">\n\t\t\t<div class=\"elementor-widget-wrap elementor-element-populated\">\n\t\t\t\t\n\n\n\t\t<div class=\"elementor-element elementor-element-2f60cc8 elementor-widget elementor-widget-faq_t\" data-id=\"2f60cc8\" data-element_type=\"widget\" data-widget_type=\"faq_t.default\">\n\t\t\t\t<div class=\"elementor-widget-container\">\n\t\t\t\t\t\t\t<section class=\"faq-page-section\">\n\t\t\t<div class=\"anim-icon\">\n\t\t\t\t<div class=\"icon icon-1 float-bob-y\"><\/div>\n\t\t\t<\/div>\n\t\t\t<div class=\"container\">\n\t\t\t\t<div class=\"row\">\n\t\t\t\t\t<div class=\"col-xl-6 col-lg-12 col-md-12 content-column\">\n\t\t\t\t\t\t<div class=\"content-box\">\n\t\t\t\t\t\t\t<div class=\"sec-title style-two\">\n\t\t\t\t\t\t\t\t<h5>\u0627\u0644\u0623\u0633\u0626\u0644\u0629 \u0627\u0644\u0634\u0627\u0626\u0639\u0629\n<\/h5>\n\t\t\t\t\t\t\t\t<h1>\u0623\u0646\u062a \u062a\u0633\u0623\u0644 \u0648\u0637\u064a\u0628\u0629 \u062a\u062c\u064a\u0628\n<\/h1>\n\t\t\t\t\t\t\t<\/div>\n\t\t\t\t\t\t\t<div class=\"text\">\n\t\t\t\t\t\t\t\t\u0645\u0631\u062d\u0628\u064b\u0627 \u0628\u0643 \u0641\u064a \u0642\u0633\u0645 \u0627\u0644\u0623\u0633\u0626\u0644\u0629 \u0627\u0644\u0634\u0627\u0626\u0639\u0629\u060c \u0647\u0646\u0627 \u0646\u062c\u064a\u0628 \u0639\u0644\u0649 \u0627\u0644\u0623\u0633\u0626\u0644\u0629 \u0627\u0644\u0623\u0643\u062b\u0631 \u0634\u064a\u0648\u0639\u064b\u0627 \u0645\u0646 \u0623\u0648\u0644\u064a\u0627\u0621 \u0627\u0644\u0623\u0645\u0648\u0631 \u0648\u0627\u0644\u0637\u0644\u0627\u0628 \u0648\u0623\u0639\u0636\u0627\u0621 \u0627\u0644\u0645\u062c\u062a\u0645\u0639 \u0627\u0644\u062a\u0639\u0644\u064a\u0645\u064a. \u0646\u062d\u0646 \u0646\u062f\u0631\u0643 \u0623\u0646 \u0627\u062e\u062a\u064a\u0627\u0631 \u0627\u0644\u0645\u062f\u0631\u0633\u0629 \u0644\u0637\u0641\u0644\u0643 \u0647\u0648 \u0642\u0631\u0627\u0631 \u0645\u0647\u0645\u060c \u0648\u0633\u062a\u062c\u062f \u0647\u0646\u0627 \u062c\u0645\u064a\u0639 \u0627\u0644\u0645\u0639\u0644\u0648\u0645\u0627\u062a \u0627\u0644\u062a\u064a \u062a\u062d\u062a\u0627\u062c\u0647\u0627. \u0627\u0637\u0644\u0639 \u0639\u0644\u0649 \u0647\u0630\u0647 \u0627\u0644\u0635\u0641\u062d\u0629 \u0644\u0644\u062d\u0635\u0648\u0644 \u0639\u0644\u0649 \u0625\u062c\u0627\u0628\u0627\u062a \u0644\u0623\u0633\u0626\u0644\u062a\u0643 \u0627\u0644\u0634\u0627\u0626\u0639\u0629 \u0648\u062a\u0639\u0631\u0641 \u0639\u0644\u0649 \u0645\u062f\u0649 \u0627\u0644\u062a\u0632\u0627\u0645 \u0645\u062f\u0631\u0633\u062a\u0646\u0627 \u0628\u062a\u0648\u0641\u064a\u0631 \u062a\u062c\u0631\u0628\u0629 \u062a\u0639\u0644\u064a\u0645\u064a\u0629 \u063a\u0646\u064a\u0629 \u0648\u0622\u0645\u0646\u0629 \u0648\u0645\u0644\u0647\u0645\u0629 \u0644\u0643\u0644 \u062a\u0644\u0645\u064a\u0630. \u0625\u0630\u0627 \u0644\u0645 \u062a\u062a\u0645\u0643\u0646 \u0645\u0646 \u0627\u0644\u0639\u062b\u0648\u0631 \u0639\u0644\u0649 \u0627\u0644\u0625\u062c\u0627\u0628\u0629 \u0627\u0644\u062a\u064a \u062a\u0628\u062d\u062b \u0639\u0646\u0647\u0627\u060c \u0641\u0644\u0627 \u062a\u062a\u0631\u062f\u062f \u0641\u064a \u0627\u0644\u0627\u062a\u0635\u0627\u0644 \u0628\u0646\u0627 \u0645\u0628\u0627\u0634\u0631\u0629. \u0634\u0643\u0631\u064b\u0627 \u0644\u0643\u0648\u0646\u0643 \u062c\u0632\u0621\u064b\u0627 \u0645\u0646 \u0645\u062c\u062a\u0645\u0639\u0646\u0627 \u0627\u0644\u062a\u0639\u0644\u064a\u0645\u064a \u0627\u0644\u0646\u0627\u0628\u0636 \u0628\u0627\u0644\u062d\u064a\u0627\u0629.\t\t\t\t\t\t\t<\/div>\n\t\t\t\t\t\t<\/div>\n\t\t\t\t\t<\/div>\n\t\t\t\t\t<div class=\"col-xl-6 col-lg-12 col-md-12 faq-column\">\n\t\t\t\t\t\t<div class=\"faq-content\">\n\t\t\t\t\t\t\t<ul class=\"accordion-box active-block\">\n\t\t\t\t\t\t\t\t\t\t\t\t\t\t\t<li class=\"accordion block active-block\">\n\t\t\t\t\t\t\t\t\t<div class=\"acc-btn active\">\n\t\t\t\t\t\t\t\t\t\t<div class=\"icon-outer\"><i class=\"fas fa-angle-down\"><\/i><\/div>\n\t\t\t\t\t\t\t\t\t\t<h4>\u06331: \u0645\u0627 \u0647\u064a \u0627\u0644\u0628\u0631\u0627\u0645\u062c \u0627\u0644\u0623\u0643\u0627\u062f\u064a\u0645\u064a\u0629 \u0627\u0644\u062a\u064a \u064a\u0642\u062f\u0645\u0647\u0627 \u0645\u0631\u0643\u0632\u0643\u0645 \u0627\u0644\u062a\u0631\u0628\u0648\u064a\u061f<\/h4>\n\t\t\t\t\t\t\t\t\t<\/div>\n\t\t\t\t\t\t\t\t\t<div class=\"acc-content current\">\n\t\t\t\t\t\t\t\t\t\t<div class=\"content\">\n\t\t\t\t\t\t\t\t\t\t\t<div class=\"text\"><strong>\u0627\u0644\u0625\u062c\u0627\u0628\u0629: <\/strong>\u0646\u062d\u0646 \u0646\u0642\u062f\u0645 \u0628\u0631\u0646\u0627\u0645\u062c\u064b\u0627 \u0634\u0627\u0645\u0644\u0627\u064b \u0645\u0646 \u0645\u0631\u062d\u0644\u0629 \u0631\u064a\u0627\u0636 \u0627\u0644\u0623\u0637\u0641\u0627\u0644 \u0625\u0644\u0649 \u0627\u0644\u0645\u062f\u0631\u0633\u0629 \u0627\u0644\u062b\u0627\u0646\u0648\u064a\u0629\u060c \u0645\u0639 \u0627\u0644\u062a\u0631\u0643\u064a\u0632 \u0628\u0634\u0643\u0644 \u062e\u0627\u0635 \u0639\u0644\u0649 \u0627\u0644\u0645\u0648\u0627\u062f \u0627\u0644\u0623\u0633\u0627\u0633\u064a\u0629 \u0648\u0627\u0644\u0644\u063a\u0627\u062a \u0648\u0627\u0644\u0639\u0644\u0648\u0645 \u0648\u0627\u0644\u0641\u0646\u0648\u0646 \u0648\u0627\u0644\u0623\u0646\u0634\u0637\u0629 \u0627\u0644\u0631\u064a\u0627\u0636\u064a\u0629. \u062a\u0645 \u062a\u0635\u0645\u064a\u0645 \u0628\u0631\u0627\u0645\u062c\u0646\u0627 \u0644\u062a\u0633\u062a\u062c\u064a\u0628 \u0627\u0644\u0628\u0631\u0627\u0645\u062c \u0627\u0644\u062a\u0639\u0644\u064a\u0645\u064a\u0629 \u0627\u0644\u062a\u0648\u0646\u0633\u064a\u0629.\n<\/div>\n\t\t\t\t\t\t\t\t\t\t<\/div>\n\t\t\t\t\t\t\t\t\t<\/div>\n\t\t\t\t\t\t\t\t<\/li>\n\t\t\t\t\t\t\t\t\t\t\t\t\t\t<li class=\"accordion block active\">\n\t\t\t\t\t\t\t\t\t<div class=\"acc-btn\">\n\t\t\t\t\t\t\t\t\t\t<div class=\"icon-outer\"><i class=\"fas fa-angle-down\"><\/i><\/div>\n\t\t\t\t\t\t\t\t\t\t<h4>\u06332: \u0645\u0627\u0630\u0627 \u062a\u0642\u062f\u0645\u0648\u0646 \u0643\u0623\u0646\u0634\u0637\u0629 \u0645\u0627 \u0628\u0639\u062f \u0627\u0644\u062f\u0631\u0627\u0633\u0629 \u061f<\/h4>\n\t\t\t\t\t\t\t\t\t<\/div>\n\t\t\t\t\t\t\t\t\t<div class=\"acc-content\">\n\t\t\t\t\t\t\t\t\t\t<div class=\"content\">\n\t\t\t\t\t\t\t\t\t\t\t<div class=\"text\"><strong>\u0627\u0644\u0625\u062c\u0627\u0628\u0629: <\/strong>\u062a\u0642\u062f\u0645 \u0645\u062f\u0631\u0633\u062a\u0646\u0627 \u0645\u062c\u0645\u0648\u0639\u0629 \u0645\u062a\u0646\u0648\u0639\u0629 \u0645\u0646 \u0627\u0644\u0623\u0646\u0634\u0637\u0629\u060c \u0628\u0645\u0627 \u0641\u064a \u0630\u0644\u0643 \u0627\u0644\u0646\u0648\u0627\u062f\u064a \u0628\u062c\u0645\u064a\u0639 \u0623\u0646\u0648\u0627\u0639\u0647\u0627 \u0631\u064a\u0627\u0636\u064a\u0629 \u0643\u0627\u0646\u062a \u0623\u0648 \u063a\u064a\u0631\u0647\u0627 \u0648\u0628\u0631\u0627\u0645\u062c \u0627\u0644\u0641\u0646\u0648\u0646 \u0648\u0627\u0644\u0641\u0639\u0627\u0644\u064a\u0627\u062a \u0627\u0644\u0645\u062c\u062a\u0645\u0639\u064a\u0629. \u0648\u062a\u0647\u062f\u0641 \u0647\u0630\u0647 \u0627\u0644\u0623\u0646\u0634\u0637\u0629 \u0625\u0644\u0649 \u0625\u062b\u0631\u0627\u0621 \u0627\u0644\u062a\u062c\u0631\u0628\u0629 \u0627\u0644\u062a\u0639\u0644\u064a\u0645\u064a\u0629 \u0648\u062a\u0646\u0645\u064a\u0629 \u0627\u0644\u0645\u0648\u0627\u0647\u0628 \u0627\u0644\u0641\u0631\u062f\u064a\u0629.<\/div>\n\t\t\t\t\t\t\t\t\t\t<\/div>\n\t\t\t\t\t\t\t\t\t<\/div>\n\t\t\t\t\t\t\t\t<\/li>\n\t\t\t\t\t\t\t\t\t\t\t\t\t\t<li class=\"accordion block active\">\n\t\t\t\t\t\t\t\t\t<div class=\"acc-btn\">\n\t\t\t\t\t\t\t\t\t\t<div class=\"icon-outer\"><i class=\"fas fa-angle-down\"><\/i><\/div>\n\t\t\t\t\t\t\t\t\t\t<h4>\u06333: \u0643\u064a\u0641 \u062a\u062a\u0645 \u0639\u0645\u0644\u064a\u0629 \u0627\u0644\u0642\u0628\u0648\u0644\u061f<\/h4>\n\t\t\t\t\t\t\t\t\t<\/div>\n\t\t\t\t\t\t\t\t\t<div class=\"acc-content\">\n\t\t\t\t\t\t\t\t\t\t<div class=\"content\">\n\t\t\t\t\t\t\t\t\t\t\t<div class=\"text\"><strong>\u0627\u0644\u0625\u062c\u0627\u0628\u0629: <\/strong>\u062a\u062a\u0636\u0645\u0646 \u0639\u0645\u0644\u064a\u0629 \u0627\u0644\u0642\u0628\u0648\u0644 \u0644\u062f\u064a\u0646\u0627 \u0639\u0645\u0648\u0645\u064b\u0627 \u062a\u0642\u062f\u064a\u0645 \u0637\u0644\u0628\u060c \u0648\u0627\u062e\u062a\u0628\u0627\u0631\u0627\u062a \u0627\u0644\u0643\u0641\u0627\u0621\u0629 \u0625\u0630\u0627 \u0644\u0632\u0645 \u0627\u0644\u0623\u0645\u0631\u060c \u0648\u0641\u064a \u0628\u0639\u0636 \u0627\u0644\u0623\u062d\u064a\u0627\u0646 \u0625\u062c\u0631\u0627\u0621 \u0645\u0642\u0627\u0628\u0644\u0627\u062a. \u0642\u062f \u062a\u062e\u062a\u0644\u0641 \u0627\u0644\u062a\u0641\u0627\u0635\u064a\u0644 \u0627\u0644\u0645\u062d\u062f\u062f\u0629 \u062d\u0633\u0628 \u0645\u0633\u062a\u0648\u0649 \u0627\u0644\u0635\u0641 \u0627\u0644\u062f\u0631\u0627\u0633\u064a.\n<\/div>\n\t\t\t\t\t\t\t\t\t\t<\/div>\n\t\t\t\t\t\t\t\t\t<\/div>\n\t\t\t\t\t\t\t\t<\/li>\n\t\t\t\t\t\t\t\t\t\t\t\t\t\t<li class=\"accordion block active\">\n\t\t\t\t\t\t\t\t\t<div class=\"acc-btn\">\n\t\t\t\t\t\t\t\t\t\t<div class=\"icon-outer\"><i class=\"fas fa-angle-down\"><\/i><\/div>\n\t\t\t\t\t\t\t\t\t\t<h4>\u06334: \u0643\u064a\u0641 \u064a\u0645\u0643\u0646 \u0644\u0644\u0648\u0627\u0644\u062f\u064a\u0646 \u0627\u0644\u0628\u0642\u0627\u0621 \u0639\u0644\u0649 \u0627\u0637\u0644\u0627\u0639 \u0628\u062a\u0642\u062f\u0645 \u0637\u0641\u0644\u0647\u0645\u0627\u061f<\/h4>\n\t\t\t\t\t\t\t\t\t<\/div>\n\t\t\t\t\t\t\t\t\t<div class=\"acc-content\">\n\t\t\t\t\t\t\t\t\t\t<div class=\"content\">\n\t\t\t\t\t\t\t\t\t\t\t<div class=\"text\"><strong>\u0627\u0644\u0625\u062c\u0627\u0628\u0629: <\/strong>\u0646\u062d\u0627\u0641\u0638 \u0639\u0644\u0649 \u0627\u0644\u062a\u0648\u0627\u0635\u0644 \u0627\u0644\u0645\u0641\u062a\u0648\u062d \u0645\u0639 \u0623\u0648\u0644\u064a\u0627\u0621 \u0627\u0644\u0623\u0645\u0648\u0631 \u0645\u0646 \u062e\u0644\u0627\u0644 \u0627\u0644\u0627\u062c\u062a\u0645\u0627\u0639\u0627\u062a \u0627\u0644\u0645\u0646\u062a\u0638\u0645\u0629 \u0648\u0627\u0644\u0646\u0634\u0631\u0627\u062a \u0627\u0644\u0625\u062e\u0628\u0627\u0631\u064a\u0629 \u0648\u0627\u0644\u0648\u0635\u0648\u0644 \u0639\u0628\u0631 \u0627\u0644\u0625\u0646\u062a\u0631\u0646\u062a \u0625\u0644\u0649 \u0627\u0644\u0646\u062a\u0627\u0626\u062c \u0627\u0644\u0623\u0643\u0627\u062f\u064a\u0645\u064a\u0629. \u0627\u0644\u0645\u0639\u0644\u0645\u0648\u0646 \u0645\u062a\u0627\u062d\u0648\u0646 \u0623\u064a\u0636\u064b\u0627 \u0644\u0644\u0627\u062c\u062a\u0645\u0627\u0639\u0627\u062a \u0627\u0644\u0641\u0631\u062f\u064a\u0629.\n<\/div>\n\t\t\t\t\t\t\t\t\t\t<\/div>\n\t\t\t\t\t\t\t\t\t<\/div>\n\t\t\t\t\t\t\t\t<\/li>\n\t\t\t\t\t\t\t\t\t\t\t\t\t\t<li class=\"accordion block active\">\n\t\t\t\t\t\t\t\t\t<div class=\"acc-btn\">\n\t\t\t\t\t\t\t\t\t\t<div class=\"icon-outer\"><i class=\"fas fa-angle-down\"><\/i><\/div>\n\t\t\t\t\t\t\t\t\t\t<h4>\u06335: \u0643\u064a\u0641 \u064a\u062a\u0645 \u0636\u0645\u0627\u0646 \u0633\u0644\u0627\u0645\u0629 \u0648\u0631\u0641\u0627\u0647\u064a\u0629 \u0627\u0644\u0637\u0644\u0627\u0628 \u0641\u064a \u0627\u0644\u062d\u0631\u0645 \u0627\u0644\u062c\u0627\u0645\u0639\u064a\u061f<\/h4>\n\t\t\t\t\t\t\t\t\t<\/div>\n\t\t\t\t\t\t\t\t\t<div class=\"acc-content\">\n\t\t\t\t\t\t\t\t\t\t<div class=\"content\">\n\t\t\t\t\t\t\t\t\t\t\t<div class=\"text\"><strong>\u0627\u0644\u0625\u062c\u0627\u0628\u0629: <\/strong>\u0633\u0644\u0627\u0645\u0629 \u062a\u0644\u0627\u0645\u064a\u0630\u0646\u0627 \u062a\u0643\u062a\u0633\u064a \u0644\u062f\u064a\u0646\u0627 \u0623\u0648\u0644\u0648\u064a\u0629 \u0642\u0635\u0648\u0649. \u0644\u062f\u064a\u0646\u0627 \u0625\u062c\u0631\u0627\u0621\u0627\u062a \u0635\u0627\u0631\u0645\u0629\u060c \u0628\u0645\u0627 \u0641\u064a \u0630\u0644\u0643 \u0627\u0644\u0645\u0631\u0627\u0642\u0628\u0629 \u0627\u0644\u0645\u0633\u062a\u0645\u0631\u0629 \u0648\u0628\u0631\u0648\u062a\u0648\u0643\u0648\u0644\u0627\u062a \u0627\u0644\u0637\u0648\u0627\u0631\u0626 \u0648\u0627\u0644\u0645\u0631\u0627\u0641\u0642 \u0627\u0644\u0622\u0645\u0646\u0629. \u0643\u0645\u0627 \u0623\u0646\u0647 \u064a\u062a\u0645 \u0623\u062e\u0630 \u0633\u0644\u0627\u0645\u0629 \u0627\u0644\u062a\u0644\u0627\u0645\u064a\u0630 \u0627\u0644\u0646\u0641\u0633\u064a\u0629 \u0641\u064a \u0627\u0644\u0627\u0639\u062a\u0628\u0627\u0631\u060c \u0645\u0639 \u062a\u0648\u0641\u0631 \u0645\u0633\u062a\u0634\u0627\u0631\u064a\u0646 \u0646\u0641\u0633\u064a\u064a\u0646 \u0639\u0644\u0649 \u0639\u064a\u0646 \u0627\u0644\u0645\u0643\u0627\u0646 \u0644\u0644\u062f\u0639\u0645.\n<\/div>\n\t\t\t\t\t\t\t\t\t\t<\/div>\n\t\t\t\t\t\t\t\t\t<\/div>\n\t\t\t\t\t\t\t\t<\/li>\n\t\t\t\t\t\t \n\t\t\t\t\t\t\t<\/ul>\n\t\t\t\t\t\t<\/div>\n\t\t\t\t\t<\/div>\n\t\t\t\t<\/div>\n\t\t\t<\/div>\n\t\t<\/section>\n\t\t\t\t\t\t<\/div>\n\t\t\t\t<\/div>\n\t\t\t\t\t<\/div>\n\t\t<\/div>\n\t\t\t\t\t<\/div>\n\t\t<\/section>\n\t\t\t\t<\/div>","protected":false},"excerpt":{"rendered":"<p>FAQ Questions fr\u00e9quemment pos\u00e9es Bienvenue dans la section FAQ [&hellip;]<\/p>","protected":false},"author":1,"featured_media":147,"parent":0,"menu_order":0,"comment_status":"closed","ping_status":"closed","template":"elementor_header_footer","meta":{"inline_featured_image":false,"footnotes":""},"class_list":["post-294","page","type-page","status-publish","has-post-thumbnail","hentry"],"yoast_head":"<!-- This site is optimized with the Yoast SEO plugin v26.9 - https:\/\/yoast.com\/product\/yoast-seo-wordpress\/ -->\n<title>FAQ Parents autour de Taybah - TPS la Marsa, Tunisie<\/title>\n<meta name=\"description\" content=\"Retrouvez ici toutes les r\u00e9ponses \u00e0 vos questions fr\u00e9quemment pos\u00e9es FAQ autour de nos \u00e9tablissements de la Maternelle au Coll\u00e8ge &amp; Lyc\u00e9e TPS\" \/>\n<meta name=\"robots\" content=\"index, follow, max-snippet:-1, max-image-preview:large, max-video-preview:-1\" \/>\n<link rel=\"canonical\" href=\"https:\/\/www.taybah.tn\/ar\/\u0627\u0644\u0623\u0633\u0626\u0644\u0629-\u0627\u0644\u0634\u0627\u0626\u0639\u0629\/\" \/>\n<meta property=\"og:locale\" content=\"ar_AR\" \/>\n<meta property=\"og:type\" content=\"article\" \/>\n<meta property=\"og:title\" content=\"FAQ Parents autour de Taybah - TPS la Marsa, Tunisie\" \/>\n<meta property=\"og:description\" content=\"Retrouvez ici toutes les r\u00e9ponses \u00e0 vos questions fr\u00e9quemment pos\u00e9es FAQ autour de nos \u00e9tablissements de la Maternelle au Coll\u00e8ge &amp; Lyc\u00e9e TPS\" \/>\n<meta property=\"og:url\" content=\"https:\/\/www.taybah.tn\/ar\/\u0627\u0644\u0623\u0633\u0626\u0644\u0629-\u0627\u0644\u0634\u0627\u0626\u0639\u0629\/\" \/>\n<meta property=\"og:site_name\" content=\"TAYBAH\" \/>\n<meta property=\"article:modified_time\" content=\"2025-05-31T08:52:56+00:00\" \/>\n<meta property=\"og:image\" content=\"https:\/\/www.taybah.tn\/wp-content\/uploads\/2020\/04\/page-title.jpg\" \/>\n\t<meta property=\"og:image:width\" content=\"1920\" \/>\n\t<meta property=\"og:image:height\" content=\"650\" \/>\n\t<meta property=\"og:image:type\" content=\"image\/jpeg\" \/>\n<meta name=\"twitter:card\" content=\"summary_large_image\" \/>\n<meta name=\"twitter:label1\" content=\"\u0648\u0642\u062a \u0627\u0644\u0642\u0631\u0627\u0621\u0629 \u0627\u0644\u0645\u064f\u0642\u062f\u0651\u0631\" \/>\n\t<meta name=\"twitter:data1\" content=\"\u062f\u0642\u064a\u0642\u062a\u0627\u0646\" \/>\n<script type=\"application\/ld+json\" class=\"yoast-schema-graph\">{\"@context\":\"https:\/\/schema.org\",\"@graph\":[{\"@type\":\"WebPage\",\"@id\":\"https:\/\/www.taybah.tn\/page-faq\/\",\"url\":\"https:\/\/www.taybah.tn\/page-faq\/\",\"name\":\"FAQ Parents autour de Taybah - TPS la Marsa, Tunisie\",\"isPartOf\":{\"@id\":\"https:\/\/www.taybah.tn\/#website\"},\"primaryImageOfPage\":{\"@id\":\"https:\/\/www.taybah.tn\/page-faq\/#primaryimage\"},\"image\":{\"@id\":\"https:\/\/www.taybah.tn\/page-faq\/#primaryimage\"},\"thumbnailUrl\":\"https:\/\/www.taybah.tn\/wp-content\/uploads\/2020\/04\/page-title.jpg\",\"datePublished\":\"2020-04-21T03:53:08+00:00\",\"dateModified\":\"2025-05-31T08:52:56+00:00\",\"description\":\"Retrouvez ici toutes les r\u00e9ponses \u00e0 vos questions fr\u00e9quemment pos\u00e9es FAQ autour de nos \u00e9tablissements de la Maternelle au Coll\u00e8ge & Lyc\u00e9e TPS\",\"breadcrumb\":{\"@id\":\"https:\/\/www.taybah.tn\/page-faq\/#breadcrumb\"},\"inLanguage\":\"ar\",\"potentialAction\":[{\"@type\":\"ReadAction\",\"target\":[\"https:\/\/www.taybah.tn\/page-faq\/\"]}]},{\"@type\":\"ImageObject\",\"inLanguage\":\"ar\",\"@id\":\"https:\/\/www.taybah.tn\/page-faq\/#primaryimage\",\"url\":\"https:\/\/www.taybah.tn\/wp-content\/uploads\/2020\/04\/page-title.jpg\",\"contentUrl\":\"https:\/\/www.taybah.tn\/wp-content\/uploads\/2020\/04\/page-title.jpg\",\"width\":1920,\"height\":650},{\"@type\":\"BreadcrumbList\",\"@id\":\"https:\/\/www.taybah.tn\/page-faq\/#breadcrumb\",\"itemListElement\":[{\"@type\":\"ListItem\",\"position\":1,\"name\":\"Accueil\",\"item\":\"https:\/\/www.taybah.tn\/\"},{\"@type\":\"ListItem\",\"position\":2,\"name\":\"Page FAQ\"}]},{\"@type\":\"WebSite\",\"@id\":\"https:\/\/www.taybah.tn\/#website\",\"url\":\"https:\/\/www.taybah.tn\/\",\"name\":\"TAYBAH\",\"description\":\"TAYBAH Education Group - \u00c9tablissement scolaire priv\u00e9 \u00e0 La Marsa, Tunis, Tunisie\",\"publisher\":{\"@id\":\"https:\/\/www.taybah.tn\/#organization\"},\"potentialAction\":[{\"@type\":\"SearchAction\",\"target\":{\"@type\":\"EntryPoint\",\"urlTemplate\":\"https:\/\/www.taybah.tn\/?s={search_term_string}\"},\"query-input\":{\"@type\":\"PropertyValueSpecification\",\"valueRequired\":true,\"valueName\":\"search_term_string\"}}],\"inLanguage\":\"ar\"},{\"@type\":\"Organization\",\"@id\":\"https:\/\/www.taybah.tn\/#organization\",\"name\":\"TAYBAH\",\"url\":\"https:\/\/www.taybah.tn\/\",\"logo\":{\"@type\":\"ImageObject\",\"inLanguage\":\"ar\",\"@id\":\"https:\/\/www.taybah.tn\/#\/schema\/logo\/image\/\",\"url\":\"https:\/\/www.taybah.tn\/wp-content\/uploads\/2025\/05\/logo-TYb-for-site.png\",\"contentUrl\":\"https:\/\/www.taybah.tn\/wp-content\/uploads\/2025\/05\/logo-TYb-for-site.png\",\"width\":287,\"height\":300,\"caption\":\"TAYBAH\"},\"image\":{\"@id\":\"https:\/\/www.taybah.tn\/#\/schema\/logo\/image\/\"}}]}<\/script>\n<!-- \/ Yoast SEO plugin. -->","yoast_head_json":{"title":"FAQ Parents autour de Taybah - TPS la Marsa, Tunisie","description":"Retrouvez ici toutes les r\u00e9ponses \u00e0 vos questions fr\u00e9quemment pos\u00e9es FAQ autour de nos \u00e9tablissements de la Maternelle au Coll\u00e8ge & Lyc\u00e9e TPS","robots":{"index":"index","follow":"follow","max-snippet":"max-snippet:-1","max-image-preview":"max-image-preview:large","max-video-preview":"max-video-preview:-1"},"canonical":"https:\/\/www.taybah.tn\/ar\/\u0627\u0644\u0623\u0633\u0626\u0644\u0629-\u0627\u0644\u0634\u0627\u0626\u0639\u0629\/","og_locale":"ar_AR","og_type":"article","og_title":"FAQ Parents autour de Taybah - TPS la Marsa, Tunisie","og_description":"Retrouvez ici toutes les r\u00e9ponses \u00e0 vos questions fr\u00e9quemment pos\u00e9es FAQ autour de nos \u00e9tablissements de la Maternelle au Coll\u00e8ge & Lyc\u00e9e TPS","og_url":"https:\/\/www.taybah.tn\/ar\/\u0627\u0644\u0623\u0633\u0626\u0644\u0629-\u0627\u0644\u0634\u0627\u0626\u0639\u0629\/","og_site_name":"TAYBAH","article_modified_time":"2025-05-31T08:52:56+00:00","og_image":[{"width":1920,"height":650,"url":"https:\/\/www.taybah.tn\/wp-content\/uploads\/2020\/04\/page-title.jpg","type":"image\/jpeg"}],"twitter_card":"summary_large_image","twitter_misc":{"\u0648\u0642\u062a \u0627\u0644\u0642\u0631\u0627\u0621\u0629 \u0627\u0644\u0645\u064f\u0642\u062f\u0651\u0631":"\u062f\u0642\u064a\u0642\u062a\u0627\u0646"},"schema":{"@context":"https:\/\/schema.org","@graph":[{"@type":"WebPage","@id":"https:\/\/www.taybah.tn\/page-faq\/","url":"https:\/\/www.taybah.tn\/page-faq\/","name":"FAQ Parents autour de Taybah - TPS la Marsa, Tunisie","isPartOf":{"@id":"https:\/\/www.taybah.tn\/#website"},"primaryImageOfPage":{"@id":"https:\/\/www.taybah.tn\/page-faq\/#primaryimage"},"image":{"@id":"https:\/\/www.taybah.tn\/page-faq\/#primaryimage"},"thumbnailUrl":"https:\/\/www.taybah.tn\/wp-content\/uploads\/2020\/04\/page-title.jpg","datePublished":"2020-04-21T03:53:08+00:00","dateModified":"2025-05-31T08:52:56+00:00","description":"Retrouvez ici toutes les r\u00e9ponses \u00e0 vos questions fr\u00e9quemment pos\u00e9es FAQ autour de nos \u00e9tablissements de la Maternelle au Coll\u00e8ge & Lyc\u00e9e TPS","breadcrumb":{"@id":"https:\/\/www.taybah.tn\/page-faq\/#breadcrumb"},"inLanguage":"ar","potentialAction":[{"@type":"ReadAction","target":["https:\/\/www.taybah.tn\/page-faq\/"]}]},{"@type":"ImageObject","inLanguage":"ar","@id":"https:\/\/www.taybah.tn\/page-faq\/#primaryimage","url":"https:\/\/www.taybah.tn\/wp-content\/uploads\/2020\/04\/page-title.jpg","contentUrl":"https:\/\/www.taybah.tn\/wp-content\/uploads\/2020\/04\/page-title.jpg","width":1920,"height":650},{"@type":"BreadcrumbList","@id":"https:\/\/www.taybah.tn\/page-faq\/#breadcrumb","itemListElement":[{"@type":"ListItem","position":1,"name":"Accueil","item":"https:\/\/www.taybah.tn\/"},{"@type":"ListItem","position":2,"name":"Page FAQ"}]},{"@type":"WebSite","@id":"https:\/\/www.taybah.tn\/#website","url":"https:\/\/www.taybah.tn\/","name":"TAYBAH","description":"TAYBAH Education Group - \u00c9tablissement scolaire priv\u00e9 \u00e0 La Marsa, Tunis, Tunisie","publisher":{"@id":"https:\/\/www.taybah.tn\/#organization"},"potentialAction":[{"@type":"SearchAction","target":{"@type":"EntryPoint","urlTemplate":"https:\/\/www.taybah.tn\/?s={search_term_string}"},"query-input":{"@type":"PropertyValueSpecification","valueRequired":true,"valueName":"search_term_string"}}],"inLanguage":"ar"},{"@type":"Organization","@id":"https:\/\/www.taybah.tn\/#organization","name":"TAYBAH","url":"https:\/\/www.taybah.tn\/","logo":{"@type":"ImageObject","inLanguage":"ar","@id":"https:\/\/www.taybah.tn\/#\/schema\/logo\/image\/","url":"https:\/\/www.taybah.tn\/wp-content\/uploads\/2025\/05\/logo-TYb-for-site.png","contentUrl":"https:\/\/www.taybah.tn\/wp-content\/uploads\/2025\/05\/logo-TYb-for-site.png","width":287,"height":300,"caption":"TAYBAH"},"image":{"@id":"https:\/\/www.taybah.tn\/#\/schema\/logo\/image\/"}}]}},"_links":{"self":[{"href":"https:\/\/www.taybah.tn\/ar\/wp-json\/wp\/v2\/pages\/294","targetHints":{"allow":["GET"]}}],"collection":[{"href":"https:\/\/www.taybah.tn\/ar\/wp-json\/wp\/v2\/pages"}],"about":[{"href":"https:\/\/www.taybah.tn\/ar\/wp-json\/wp\/v2\/types\/page"}],"author":[{"embeddable":true,"href":"https:\/\/www.taybah.tn\/ar\/wp-json\/wp\/v2\/users\/1"}],"replies":[{"embeddable":true,"href":"https:\/\/www.taybah.tn\/ar\/wp-json\/wp\/v2\/comments?post=294"}],"version-history":[{"count":0,"href":"https:\/\/www.taybah.tn\/ar\/wp-json\/wp\/v2\/pages\/294\/revisions"}],"wp:featuredmedia":[{"embeddable":true,"href":"https:\/\/www.taybah.tn\/ar\/wp-json\/wp\/v2\/media\/147"}],"wp:attachment":[{"href":"https:\/\/www.taybah.tn\/ar\/wp-json\/wp\/v2\/media?parent=294"}],"curies":[{"name":"wp","href":"https:\/\/api.w.org\/{rel}","templated":true}]}}