{"id":1432,"date":"2023-10-25T16:44:22","date_gmt":"2023-10-25T14:44:22","guid":{"rendered":"https:\/\/taybahdev.digit-dev.com\/?page_id=1432"},"modified":"2025-08-16T16:12:50","modified_gmt":"2025-08-16T14:12:50","slug":"themes-periodiques","status":"publish","type":"page","link":"https:\/\/www.taybah.tn\/ar\/\u0627\u0644\u0645\u0648\u0627\u0636\u064a\u0639-\u0627\u0644\u062f\u0648\u0631\u064a\u0629\/","title":{"rendered":"\u0627\u0644\u0645\u0648\u0627\u0636\u064a\u0639 \u0627\u0644\u062f\u0648\u0631\u064a\u0629"},"content":{"rendered":"<div data-elementor-type=\"wp-page\" data-elementor-id=\"1432\" class=\"elementor elementor-1432\">\n\t\t\t\t\t\t<section class=\"elementor-section elementor-top-section elementor-element elementor-element-e69aaf0 elementor-section-stretched elementor-section-full_width elementor-section-height-default elementor-section-height-default\" data-id=\"e69aaf0\" data-element_type=\"section\" data-settings=\"{&quot;stretch_section&quot;:&quot;section-stretched&quot;}\">\n\t\t\t\t\t\t<div class=\"elementor-container elementor-column-gap-default\">\n\t\t\t\t\t<div class=\"elementor-column elementor-col-100 elementor-top-column elementor-element elementor-element-52c312c\" data-id=\"52c312c\" data-element_type=\"column\">\n\t\t\t<div class=\"elementor-widget-wrap elementor-element-populated\">\n\t\t\t\t\n\n\n\t\t<div class=\"elementor-element elementor-element-888d327 elementor-widget elementor-widget-about_us_four\" data-id=\"888d327\" data-element_type=\"widget\" data-widget_type=\"about_us_four.default\">\n\t\t\t\t<div class=\"elementor-widget-container\">\n\t\t\t\t\t\t<section class=\"about-section style-two\">\n\t\t<div class=\"anim-icon\">\n\t\t\t<div class=\"icon icon-1 float-bob-x\"><\/div>\n\t\t\t<div class=\"icon icon-3\"><\/div>\n\t\t<\/div>\n\t\t<div class=\"container\">\n\t\t\t<div class=\"row\">\n\t\t\t\t<div class=\"col-lg-6 col-md-12 col-sm-12 content-column\">\n\t\t\t\t\t<div class=\"content-box\">\n\t\t\t\t\t\t<div class=\"sec-title style-two\">\n\t\t\t\t\t\t\t<h5><h1 style=\"font-size: 2.5em; color: #00C3A4; font-weight: bold; line-height: 1.5;\">\n    \n\u0627\u0644\u0645\u0648\u0627\u0636\u064a\u0639 \u0627\u0644\u062f\u0648\u0631\u064a\u0629 \u0641\u064a \u0637\u064a\u0628\u0629: \u0627\u0644\u062a\u0633\u062c\u064a\u0644 \u0641\u064a \u0627\u0644\u0645\u062f\u0631\u0633\u0629 \u0627\u0644\u0627\u0628\u062a\u062f\u0627\u0626\u064a\u0629 \u0641\u064a \u0627\u0644\u0645\u0631\u0633\u0649\n<\/h1>\n\n\n<\/h5>\n\t\t\t\t\t\t\t<h1><\/h1>\n\t\t\t\t\t\t<\/div>\n\t\t\t\t\t\t<div class=\"bold-text\"><p  style=\" color: #000000; text-align:justify;\" >\u0641\u064a \u0645\u062f\u0631\u0633\u0629 \u0637\u064a\u0628\u0629\u060c \u0642\u0645\u0646\u0627 \u0628\u062a\u0646\u0641\u064a\u0630 \u0628\u0631\u0646\u0627\u0645\u062c \u0645\u0645\u064a\u0651\u0632 \u0648 \u062b\u0631\u064a \u0645\u0646 \u0627\u0644\u0645\u0648\u0627\u0636\u064a\u0639 \u0627\u0644\u062f\u0648\u0631\u064a\u0629 \u0627\u0644\u062a\u064a \u062a\u0648\u062c\u0647 \u0627\u0644\u0623\u0646\u0634\u0637\u0629 \u0648\u0627\u0644\u0645\u0634\u0627\u0631\u064a\u0639 \u062e\u0627\u0631\u062c \u0627\u0644\u0635\u0641 \u0627\u0644\u062f\u0631\u0627\u0633\u064a. \u062a\u0647\u062f\u0641 \u0647\u0630\u0647 \u0627\u0644\u0645\u0648\u0627\u0636\u064a\u0639 \u0625\u0644\u0649 \u0625\u0639\u062f\u0627\u062f \u0627\u0644\u062a\u0644\u0627\u0645\u064a\u0630 \u0644\u062d\u064a\u0627\u0629 \u0645\u0633\u062a\u0642\u0628\u0644\u064a\u0629 \u063a\u0646\u064a\u0629 \u0648\u0645\u0632\u062f\u0647\u0631\u0629. \u062a\u0645 \u062a\u0635\u0645\u064a\u0645 \u0647\u0630\u0647 \u0627\u0644\u0645\u0648\u0627\u0636\u064a\u0639 \u0628\u0639\u0646\u0627\u064a\u0629 \u0644\u062a\u0634\u0645\u0644 \u0645\u062c\u0645\u0648\u0639\u0629 \u0645\u062a\u0646\u0648\u0639\u0629 \u0645\u0646 \u0627\u0644\u0645\u062c\u0627\u0644\u0627\u062a \u0628\u062f\u0621\u064b\u0627 \u0645\u0646 \u0627\u0644\u0645\u0639\u0631\u0641\u0629 \u0627\u0644\u0639\u0627\u0645\u0629 \u0648\u062d\u062a\u0649 \u0627\u0644\u0625\u0639\u062f\u0627\u062f \u0644\u0644\u062d\u064a\u0627\u0629 \u0627\u0644\u0645\u0647\u0646\u064a\u0629\u060c \u0628\u0645\u0627 \u0641\u064a \u0630\u0644\u0643 \u0645\u0628\u0627\u062f\u0626 \u0627\u0644\u0645\u0648\u0627\u0637\u0646\u0629 \u0648\u0627\u0644\u0645\u0647\u0646 \u0627\u0644\u0645\u0633\u062a\u0642\u0628\u0644\u064a\u0629 \u0648\u0623\u0647\u062f\u0627\u0641 \u0627\u0644\u062a\u0646\u0645\u064a\u0629 \u0627\u0644\u0645\u0633\u062a\u062f\u0627\u0645\u0629. \u0648\u0645\u0646 \u062e\u0644\u0627\u0644 \u0647\u0630\u0647 \u0627\u0644\u0645\u0648\u0627\u0636\u064a\u0639\u060c \u064a\u0643\u062a\u0633\u0628 \u0637\u0644\u0627\u0628\u0646\u0627 \u0627\u0644\u0645\u0639\u0631\u0641\u0629 \u0648\u0627\u0644\u0645\u0647\u0627\u0631\u0627\u062a \u0627\u0644\u0623\u0633\u0627\u0633\u064a\u0629 \u0644\u0644\u0646\u062c\u0627\u062d \u0641\u064a \u0639\u0627\u0644\u0645 \u0645\u062a\u063a\u064a\u0631 \u0628\u0627\u0633\u062a\u0645\u0631\u0627\u0631. \u0643\u0645\u0627 \u064a\u0633\u0627\u0639\u062f\u0647\u0645 \u0630\u0644\u0643 \u0639\u0644\u0649 \u0623\u0646 \u064a\u0635\u0628\u062d\u0648\u0627 \u0645\u0648\u0627\u0637\u0646\u064a\u0646 \u0645\u0633\u0624\u0648\u0644\u064a\u0646\u060c \u0648\u0623\u0646 \u064a\u0641\u0647\u0645\u0648\u0627 \u0627\u0644\u0642\u0636\u0627\u064a\u0627 \u0627\u0644\u0639\u0627\u0644\u0645\u064a\u0629\u060c \u0648\u0623\u0646 \u064a\u0633\u062a\u0639\u062f\u0648\u0627 \u0644\u0644\u0645\u0647\u0646 \u0627\u0644\u0645\u0633\u062a\u0642\u0628\u0644\u064a\u0629. \u062a\u0639\u0645\u0644 \u0645\u0648\u0636\u0648\u0639\u0627\u062a\u0646\u0627 \u0627\u0644\u062f\u0648\u0631\u064a\u0629 \u0623\u064a\u0636\u064b\u0627 \u0639\u0644\u0649 \u062a\u0639\u0632\u064a\u0632 \u0645\u0634\u0627\u0631\u0643\u0629 \u0637\u0644\u0627\u0628\u0646\u0627 \u0641\u064a \u0627\u0644\u062a\u0639\u0644\u0645\u060c \u0648\u0625\u0644\u0647\u0627\u0645\u0647\u0645 \u0644\u0644\u0627\u0633\u062a\u0643\u0634\u0627\u0641 \u0648\u0627\u0644\u062a\u0633\u0627\u0624\u0644 \u0648\u0627\u0644\u0625\u0628\u062f\u0627\u0639\u060c \u0645\u0639 \u062a\u0646\u0645\u064a\u0629 \u0641\u0636\u0648\u0644\u0647\u0645 \u0648\u0634\u063a\u0641\u0647\u0645 \u0628\u0627\u0644\u062a\u0639\u0644\u064a\u0645. <\/p><\/div>\n\t\t\t\t\t\t<div class=\"text\">\n\t\t\t\t\t\t\t<p><\/p>\n\t\t\t\t\t\t<\/div>\n\t\t\t\t\t\t<div class=\"btn-box\">\n\t\t\t\t\t\t\n\t\t\t\t\t<a href=\"\" target=\"_blank\" rel=\"nofollow\" class=\"theme-btn\">  <\/a>\t\t\t\t\t\t<\/div>\n\t\t\t\t\t<\/div>\n\t\t\t\t<\/div>\n\t\t\t\t<div class=\"col-lg-6 col-md-12 col-sm-12 image-column\">\n\t\t\t\t\t<div class=\"image-box wow fadeInRight animated\" data-wow-delay=\"0ms\" data-wow-duration=\"1500ms\" style=\"visibility: visible; animation-duration: 1500ms; animation-delay: 0ms; animation-name: fadeInRight;\">\n\t\t\t\t\t\t<figure class=\"image image-1\"><img decoding=\"async\" src=\"https:\/\/www.taybah.tn\/wp-content\/uploads\/2023\/10\/themes2.jpg\" alt=\"\" loading=\"lazy\"><\/figure>\n\t\t\t\t\t\t<figure class=\"image image-2\"><img decoding=\"async\" src=\"https:\/\/www.taybah.tn\/wp-content\/uploads\/2023\/10\/themes1-min.jpg\" alt=\"\" loading=\"lazy\"><\/figure>\n\t\t\t\t\t<\/div>\n\t\t\t\t<\/div>\n\t\t\t<\/div>\n\t\t<\/div>\n\t<\/section> \n\t\t\t\t\t\t<\/div>\n\t\t\t\t<\/div>\n\t\t\t\t\t<\/div>\n\t\t<\/div>\n\t\t\t\t\t<\/div>\n\t\t<\/section>\n\t\t\t\t<section class=\"elementor-section elementor-top-section elementor-element elementor-element-3001d36 elementor-section-full_width elementor-section-height-default elementor-section-height-default\" data-id=\"3001d36\" data-element_type=\"section\">\n\t\t\t\t\t\t<div class=\"elementor-container elementor-column-gap-default\">\n\t\t\t\t\t<div class=\"elementor-column elementor-col-100 elementor-top-column elementor-element elementor-element-28afcf8\" data-id=\"28afcf8\" data-element_type=\"column\">\n\t\t\t<div class=\"elementor-widget-wrap elementor-element-populated\">\n\t\t\t\t\t\t<div class=\"elementor-element elementor-element-ffcfce0 exple-periodique elementor-widget elementor-widget-benefits_two\" data-id=\"ffcfce0\" data-element_type=\"widget\" data-widget_type=\"benefits_two.default\">\n\t\t\t\t<div class=\"elementor-widget-container\">\n\t\t\t\t\t \n\t\t<section class=\"offer-section sec-pad centred\">\n\t\t\t<div class=\"anim-icon\">\n\t\t\t\t<div class=\"icon icon-1\"><\/div>\n\t\t\t<\/div>\n\t\t\t<div class=\"container\">\n\t\t\t\t<div class=\"sec-title\">\n\t\t\t\t\t<h5>\n<h2 style=\"font-size: 2em; color: #E23B5A; font-weight: bold; line-height: 1.5;\">\n    \t\u0623\u0645\u062b\u0644\u0629 \u0639\u0644\u0649 \u0627\u0644\u0645\u0648\u0627\u0636\u064a\u0639 \u0627\u0644\u062f\u0648\u0631\u064a\u0629 \u0641\u064a \u0637\u064a\u0628\u0629\u060c \u0627\u0644\u0645\u0631\u0633\u0649<\/h2>\n<\/h5>\n\t\t\t\t\t<p class=\"offer\"><\/p>\n\t\t\t\t<\/div>\n\t\t\t\t<div class=\"row\">\n\t\t\t\t\t\t\t\t\t\t\t <div class=\"col-lg-3 col-md-6 col-sm-12 block-column\">\n\t\t\t\t\t\t\t<div class=\"single-offer-block wow fadeInUp\" data-wow-delay=\"0ms\" data-wow-duration=\"1500ms\">\n\t\t\t\t\t\t\t\t<div class=\"icon-box\"><i aria-hidden=\"true\" class=\"far fa-handshake\"><\/i><\/div>\n\t\t\t\t\t\t\t\t<h3><a href=\"\">\u0627\u0644\u0645\u0648\u0627\u0637\u0646\u0629<\/a><\/h3>\n\t\t\t\t\t\t\t<\/div>\n\t\t\t\t\t\t<\/div> \n\t\t\t\t\t\t\t\t\t\t\t <div class=\"col-lg-3 col-md-6 col-sm-12 block-column\">\n\t\t\t\t\t\t\t<div class=\"single-offer-block wow fadeInUp\" data-wow-delay=\"0ms\" data-wow-duration=\"1500ms\">\n\t\t\t\t\t\t\t\t<div class=\"icon-box\"><i aria-hidden=\"true\" class=\"fas fa-briefcase\"><\/i><\/div>\n\t\t\t\t\t\t\t\t<h3><a href=\"\">\u0627\u0644\u0645\u0647\u0646<\/a><\/h3>\n\t\t\t\t\t\t\t<\/div>\n\t\t\t\t\t\t<\/div> \n\t\t\t\t\t\t\t\t\t\t\t <div class=\"col-lg-3 col-md-6 col-sm-12 block-column\">\n\t\t\t\t\t\t\t<div class=\"single-offer-block wow fadeInUp\" data-wow-delay=\"0ms\" data-wow-duration=\"1500ms\">\n\t\t\t\t\t\t\t\t<div class=\"icon-box\"><i aria-hidden=\"true\" class=\"fas fa-globe-africa\"><\/i><\/div>\n\t\t\t\t\t\t\t\t<h3><a href=\"\">\u062d\u0648\u0644 \u0627\u0644\u0639\u0627\u0644\u0645 \u0641\u064a 60 \u064a\u0648\u0645\u064b\u0627<\/a><\/h3>\n\t\t\t\t\t\t\t<\/div>\n\t\t\t\t\t\t<\/div> \n\t\t\t\t\t\t\t\t\t\t\t <div class=\"col-lg-3 col-md-6 col-sm-12 block-column\">\n\t\t\t\t\t\t\t<div class=\"single-offer-block wow fadeInUp\" data-wow-delay=\"0ms\" data-wow-duration=\"1500ms\">\n\t\t\t\t\t\t\t\t<div class=\"icon-box\"><i aria-hidden=\"true\" class=\"fas fa-space-shuttle\"><\/i><\/div>\n\t\t\t\t\t\t\t\t<h3><a href=\"\">\u0639\u0644\u0648\u0645 \u0627\u0644\u0641\u0644\u0643<\/a><\/h3>\n\t\t\t\t\t\t\t<\/div>\n\t\t\t\t\t\t<\/div> \n\t\t\t\t\t\t\t\t\t\t\t <div class=\"col-lg-3 col-md-6 col-sm-12 block-column\">\n\t\t\t\t\t\t\t<div class=\"single-offer-block wow fadeInUp\" data-wow-delay=\"0ms\" data-wow-duration=\"1500ms\">\n\t\t\t\t\t\t\t\t<div class=\"icon-box\"><i aria-hidden=\"true\" class=\"far fa-images\"><\/i><\/div>\n\t\t\t\t\t\t\t\t<h3><a href=\"\">\u0627\u0644\u0625\u0639\u0644\u0627\u0645 \u0641\u064a \u0627\u0644\u0645\u062f\u0631\u0633\u0629<\/a><\/h3>\n\t\t\t\t\t\t\t<\/div>\n\t\t\t\t\t\t<\/div> \n\t\t\t\t\t\t\t\t\t\t\t <div class=\"col-lg-3 col-md-6 col-sm-12 block-column\">\n\t\t\t\t\t\t\t<div class=\"single-offer-block wow fadeInUp\" data-wow-delay=\"0ms\" data-wow-duration=\"1500ms\">\n\t\t\t\t\t\t\t\t<div class=\"icon-box\"><i aria-hidden=\"true\" class=\"fas fa-seedling\"><\/i><\/div>\n\t\t\t\t\t\t\t\t<h3><a href=\"\">\u0639\u0644\u0648\u0645 \u0627\u0644\u0628\u064a\u0626\u0629<\/a><\/h3>\n\t\t\t\t\t\t\t<\/div>\n\t\t\t\t\t\t<\/div> \n\t\t\t\t\t\t\t\t\t<\/div>\n\t\t\t<\/div>\n\t\t<\/section> \n\t\t\t\t\t\t<\/div>\n\t\t\t\t<\/div>\n\t\t\t\t\t<\/div>\n\t\t<\/div>\n\t\t\t\t\t<\/div>\n\t\t<\/section>\n\t\t\t\t<\/div>","protected":false},"excerpt":{"rendered":"<p>Th\u00e8mes p\u00e9riodiques \u00e0 Taybah : Inscription \u00e9cole primaire, La [&hellip;]<\/p>","protected":false},"author":1,"featured_media":5534,"parent":0,"menu_order":0,"comment_status":"closed","ping_status":"closed","template":"elementor_header_footer","meta":{"inline_featured_image":false,"footnotes":""},"class_list":["post-1432","page","type-page","status-publish","has-post-thumbnail","hentry"],"yoast_head":"<!-- This site is optimized with the Yoast SEO plugin v26.9 - https:\/\/yoast.com\/product\/yoast-seo-wordpress\/ -->\n<title>Th\u00e8mes p\u00e9riodiques Educatives | Activit\u00e9s mensuelles \u00e0 Taybah<\/title>\n<meta name=\"description\" content=\"Explorez les th\u00e8mes p\u00e9riodiques avec Taybah Education Group. Nous cr\u00e9ons des activit\u00e9s ludiques mensuelles afin de stimuler la curiosit\u00e9 de nos enfants !\" \/>\n<meta name=\"robots\" content=\"index, follow, max-snippet:-1, max-image-preview:large, max-video-preview:-1\" \/>\n<link rel=\"canonical\" href=\"https:\/\/www.taybah.tn\/ar\/\u0627\u0644\u0645\u0648\u0627\u0636\u064a\u0639-\u0627\u0644\u062f\u0648\u0631\u064a\u0629\/\" \/>\n<meta property=\"og:locale\" content=\"ar_AR\" \/>\n<meta property=\"og:type\" content=\"article\" \/>\n<meta property=\"og:title\" content=\"Th\u00e8mes p\u00e9riodiques Educatives | Activit\u00e9s mensuelles \u00e0 Taybah\" \/>\n<meta property=\"og:description\" content=\"Explorez les th\u00e8mes p\u00e9riodiques avec Taybah Education Group. Nous cr\u00e9ons des activit\u00e9s ludiques mensuelles afin de stimuler la curiosit\u00e9 de nos enfants !\" \/>\n<meta property=\"og:url\" content=\"https:\/\/www.taybah.tn\/ar\/\u0627\u0644\u0645\u0648\u0627\u0636\u064a\u0639-\u0627\u0644\u062f\u0648\u0631\u064a\u0629\/\" \/>\n<meta property=\"og:site_name\" content=\"TAYBAH\" \/>\n<meta property=\"article:modified_time\" content=\"2025-08-16T14:12:50+00:00\" \/>\n<meta property=\"og:image\" content=\"https:\/\/www.taybah.tn\/wp-content\/uploads\/2025\/05\/1-pour-inscrivez-vous.jpg\" \/>\n\t<meta property=\"og:image:width\" content=\"1024\" \/>\n\t<meta property=\"og:image:height\" content=\"347\" \/>\n\t<meta property=\"og:image:type\" content=\"image\/jpeg\" \/>\n<meta name=\"twitter:card\" content=\"summary_large_image\" \/>\n<meta name=\"twitter:label1\" content=\"\u0648\u0642\u062a \u0627\u0644\u0642\u0631\u0627\u0621\u0629 \u0627\u0644\u0645\u064f\u0642\u062f\u0651\u0631\" \/>\n\t<meta name=\"twitter:data1\" content=\"\u062f\u0642\u064a\u0642\u062a\u0627\u0646\" \/>\n<script type=\"application\/ld+json\" class=\"yoast-schema-graph\">{\"@context\":\"https:\/\/schema.org\",\"@graph\":[{\"@type\":\"WebPage\",\"@id\":\"https:\/\/www.taybah.tn\/themes-periodiques\/\",\"url\":\"https:\/\/www.taybah.tn\/themes-periodiques\/\",\"name\":\"Th\u00e8mes p\u00e9riodiques Educatives | Activit\u00e9s mensuelles \u00e0 Taybah\",\"isPartOf\":{\"@id\":\"https:\/\/www.taybah.tn\/#website\"},\"primaryImageOfPage\":{\"@id\":\"https:\/\/www.taybah.tn\/themes-periodiques\/#primaryimage\"},\"image\":{\"@id\":\"https:\/\/www.taybah.tn\/themes-periodiques\/#primaryimage\"},\"thumbnailUrl\":\"https:\/\/www.taybah.tn\/wp-content\/uploads\/2025\/05\/1-pour-inscrivez-vous.jpg\",\"datePublished\":\"2023-10-25T14:44:22+00:00\",\"dateModified\":\"2025-08-16T14:12:50+00:00\",\"description\":\"Explorez les th\u00e8mes p\u00e9riodiques avec Taybah Education Group. Nous cr\u00e9ons des activit\u00e9s ludiques mensuelles afin de stimuler la curiosit\u00e9 de nos enfants !\",\"breadcrumb\":{\"@id\":\"https:\/\/www.taybah.tn\/themes-periodiques\/#breadcrumb\"},\"inLanguage\":\"ar\",\"potentialAction\":[{\"@type\":\"ReadAction\",\"target\":[\"https:\/\/www.taybah.tn\/themes-periodiques\/\"]}]},{\"@type\":\"ImageObject\",\"inLanguage\":\"ar\",\"@id\":\"https:\/\/www.taybah.tn\/themes-periodiques\/#primaryimage\",\"url\":\"https:\/\/www.taybah.tn\/wp-content\/uploads\/2025\/05\/1-pour-inscrivez-vous.jpg\",\"contentUrl\":\"https:\/\/www.taybah.tn\/wp-content\/uploads\/2025\/05\/1-pour-inscrivez-vous.jpg\",\"width\":1024,\"height\":347},{\"@type\":\"BreadcrumbList\",\"@id\":\"https:\/\/www.taybah.tn\/themes-periodiques\/#breadcrumb\",\"itemListElement\":[{\"@type\":\"ListItem\",\"position\":1,\"name\":\"Accueil\",\"item\":\"https:\/\/www.taybah.tn\/\"},{\"@type\":\"ListItem\",\"position\":2,\"name\":\"Th\u00e8mes p\u00e9riodiques\"}]},{\"@type\":\"WebSite\",\"@id\":\"https:\/\/www.taybah.tn\/#website\",\"url\":\"https:\/\/www.taybah.tn\/\",\"name\":\"TAYBAH\",\"description\":\"TAYBAH Education Group - \u00c9tablissement scolaire priv\u00e9 \u00e0 La Marsa, Tunis, Tunisie\",\"publisher\":{\"@id\":\"https:\/\/www.taybah.tn\/#organization\"},\"potentialAction\":[{\"@type\":\"SearchAction\",\"target\":{\"@type\":\"EntryPoint\",\"urlTemplate\":\"https:\/\/www.taybah.tn\/?s={search_term_string}\"},\"query-input\":{\"@type\":\"PropertyValueSpecification\",\"valueRequired\":true,\"valueName\":\"search_term_string\"}}],\"inLanguage\":\"ar\"},{\"@type\":\"Organization\",\"@id\":\"https:\/\/www.taybah.tn\/#organization\",\"name\":\"TAYBAH\",\"url\":\"https:\/\/www.taybah.tn\/\",\"logo\":{\"@type\":\"ImageObject\",\"inLanguage\":\"ar\",\"@id\":\"https:\/\/www.taybah.tn\/#\/schema\/logo\/image\/\",\"url\":\"https:\/\/www.taybah.tn\/wp-content\/uploads\/2025\/05\/logo-TYb-for-site.png\",\"contentUrl\":\"https:\/\/www.taybah.tn\/wp-content\/uploads\/2025\/05\/logo-TYb-for-site.png\",\"width\":287,\"height\":300,\"caption\":\"TAYBAH\"},\"image\":{\"@id\":\"https:\/\/www.taybah.tn\/#\/schema\/logo\/image\/\"}}]}<\/script>\n<!-- \/ Yoast SEO plugin. -->","yoast_head_json":{"title":"Th\u00e8mes p\u00e9riodiques Educatives | Activit\u00e9s mensuelles \u00e0 Taybah","description":"Explorez les th\u00e8mes p\u00e9riodiques avec Taybah Education Group. Nous cr\u00e9ons des activit\u00e9s ludiques mensuelles afin de stimuler la curiosit\u00e9 de nos enfants !","robots":{"index":"index","follow":"follow","max-snippet":"max-snippet:-1","max-image-preview":"max-image-preview:large","max-video-preview":"max-video-preview:-1"},"canonical":"https:\/\/www.taybah.tn\/ar\/\u0627\u0644\u0645\u0648\u0627\u0636\u064a\u0639-\u0627\u0644\u062f\u0648\u0631\u064a\u0629\/","og_locale":"ar_AR","og_type":"article","og_title":"Th\u00e8mes p\u00e9riodiques Educatives | Activit\u00e9s mensuelles \u00e0 Taybah","og_description":"Explorez les th\u00e8mes p\u00e9riodiques avec Taybah Education Group. Nous cr\u00e9ons des activit\u00e9s ludiques mensuelles afin de stimuler la curiosit\u00e9 de nos enfants !","og_url":"https:\/\/www.taybah.tn\/ar\/\u0627\u0644\u0645\u0648\u0627\u0636\u064a\u0639-\u0627\u0644\u062f\u0648\u0631\u064a\u0629\/","og_site_name":"TAYBAH","article_modified_time":"2025-08-16T14:12:50+00:00","og_image":[{"width":1024,"height":347,"url":"https:\/\/www.taybah.tn\/wp-content\/uploads\/2025\/05\/1-pour-inscrivez-vous.jpg","type":"image\/jpeg"}],"twitter_card":"summary_large_image","twitter_misc":{"\u0648\u0642\u062a \u0627\u0644\u0642\u0631\u0627\u0621\u0629 \u0627\u0644\u0645\u064f\u0642\u062f\u0651\u0631":"\u062f\u0642\u064a\u0642\u062a\u0627\u0646"},"schema":{"@context":"https:\/\/schema.org","@graph":[{"@type":"WebPage","@id":"https:\/\/www.taybah.tn\/themes-periodiques\/","url":"https:\/\/www.taybah.tn\/themes-periodiques\/","name":"Th\u00e8mes p\u00e9riodiques Educatives | Activit\u00e9s mensuelles \u00e0 Taybah","isPartOf":{"@id":"https:\/\/www.taybah.tn\/#website"},"primaryImageOfPage":{"@id":"https:\/\/www.taybah.tn\/themes-periodiques\/#primaryimage"},"image":{"@id":"https:\/\/www.taybah.tn\/themes-periodiques\/#primaryimage"},"thumbnailUrl":"https:\/\/www.taybah.tn\/wp-content\/uploads\/2025\/05\/1-pour-inscrivez-vous.jpg","datePublished":"2023-10-25T14:44:22+00:00","dateModified":"2025-08-16T14:12:50+00:00","description":"Explorez les th\u00e8mes p\u00e9riodiques avec Taybah Education Group. Nous cr\u00e9ons des activit\u00e9s ludiques mensuelles afin de stimuler la curiosit\u00e9 de nos enfants !","breadcrumb":{"@id":"https:\/\/www.taybah.tn\/themes-periodiques\/#breadcrumb"},"inLanguage":"ar","potentialAction":[{"@type":"ReadAction","target":["https:\/\/www.taybah.tn\/themes-periodiques\/"]}]},{"@type":"ImageObject","inLanguage":"ar","@id":"https:\/\/www.taybah.tn\/themes-periodiques\/#primaryimage","url":"https:\/\/www.taybah.tn\/wp-content\/uploads\/2025\/05\/1-pour-inscrivez-vous.jpg","contentUrl":"https:\/\/www.taybah.tn\/wp-content\/uploads\/2025\/05\/1-pour-inscrivez-vous.jpg","width":1024,"height":347},{"@type":"BreadcrumbList","@id":"https:\/\/www.taybah.tn\/themes-periodiques\/#breadcrumb","itemListElement":[{"@type":"ListItem","position":1,"name":"Accueil","item":"https:\/\/www.taybah.tn\/"},{"@type":"ListItem","position":2,"name":"Th\u00e8mes p\u00e9riodiques"}]},{"@type":"WebSite","@id":"https:\/\/www.taybah.tn\/#website","url":"https:\/\/www.taybah.tn\/","name":"TAYBAH","description":"TAYBAH Education Group - \u00c9tablissement scolaire priv\u00e9 \u00e0 La Marsa, Tunis, Tunisie","publisher":{"@id":"https:\/\/www.taybah.tn\/#organization"},"potentialAction":[{"@type":"SearchAction","target":{"@type":"EntryPoint","urlTemplate":"https:\/\/www.taybah.tn\/?s={search_term_string}"},"query-input":{"@type":"PropertyValueSpecification","valueRequired":true,"valueName":"search_term_string"}}],"inLanguage":"ar"},{"@type":"Organization","@id":"https:\/\/www.taybah.tn\/#organization","name":"TAYBAH","url":"https:\/\/www.taybah.tn\/","logo":{"@type":"ImageObject","inLanguage":"ar","@id":"https:\/\/www.taybah.tn\/#\/schema\/logo\/image\/","url":"https:\/\/www.taybah.tn\/wp-content\/uploads\/2025\/05\/logo-TYb-for-site.png","contentUrl":"https:\/\/www.taybah.tn\/wp-content\/uploads\/2025\/05\/logo-TYb-for-site.png","width":287,"height":300,"caption":"TAYBAH"},"image":{"@id":"https:\/\/www.taybah.tn\/#\/schema\/logo\/image\/"}}]}},"_links":{"self":[{"href":"https:\/\/www.taybah.tn\/ar\/wp-json\/wp\/v2\/pages\/1432","targetHints":{"allow":["GET"]}}],"collection":[{"href":"https:\/\/www.taybah.tn\/ar\/wp-json\/wp\/v2\/pages"}],"about":[{"href":"https:\/\/www.taybah.tn\/ar\/wp-json\/wp\/v2\/types\/page"}],"author":[{"embeddable":true,"href":"https:\/\/www.taybah.tn\/ar\/wp-json\/wp\/v2\/users\/1"}],"replies":[{"embeddable":true,"href":"https:\/\/www.taybah.tn\/ar\/wp-json\/wp\/v2\/comments?post=1432"}],"version-history":[{"count":0,"href":"https:\/\/www.taybah.tn\/ar\/wp-json\/wp\/v2\/pages\/1432\/revisions"}],"wp:featuredmedia":[{"embeddable":true,"href":"https:\/\/www.taybah.tn\/ar\/wp-json\/wp\/v2\/media\/5534"}],"wp:attachment":[{"href":"https:\/\/www.taybah.tn\/ar\/wp-json\/wp\/v2\/media?parent=1432"}],"curies":[{"name":"wp","href":"https:\/\/api.w.org\/{rel}","templated":true}]}}