{"id":1374,"date":"2023-10-25T10:52:24","date_gmt":"2023-10-25T08:52:24","guid":{"rendered":"https:\/\/taybahdev.digit-dev.com\/?page_id=1374"},"modified":"2025-08-16T16:07:24","modified_gmt":"2025-08-16T14:07:24","slug":"encadrement-des-eleves","status":"publish","type":"page","link":"https:\/\/www.taybah.tn\/ar\/\u0627\u0644\u0645\u0631\u0627\u0641\u0642\u0629-\u0648\u0627\u0644\u0625\u0634\u0631\u0627\u0641\/","title":{"rendered":"\u0627\u0644\u0645\u0631\u0627\u0641\u0642\u0629 \u0648\u0627\u0644\u0625\u0634\u0631\u0627\u0641"},"content":{"rendered":"<div data-elementor-type=\"wp-page\" data-elementor-id=\"1374\" class=\"elementor elementor-1374\">\n\t\t\t\t\t\t<section class=\"elementor-section elementor-top-section elementor-element elementor-element-e69aaf0 elementor-section-stretched elementor-section-full_width elementor-section-height-default elementor-section-height-default\" data-id=\"e69aaf0\" data-element_type=\"section\" data-settings=\"{&quot;stretch_section&quot;:&quot;section-stretched&quot;}\">\n\t\t\t\t\t\t<div class=\"elementor-container elementor-column-gap-default\">\n\t\t\t\t\t<div class=\"elementor-column elementor-col-100 elementor-top-column elementor-element elementor-element-52c312c\" data-id=\"52c312c\" data-element_type=\"column\">\n\t\t\t<div class=\"elementor-widget-wrap elementor-element-populated\">\n\t\t\t\t\n\n\n\t\t<div class=\"elementor-element elementor-element-888d327 elementor-widget elementor-widget-about_us_four\" data-id=\"888d327\" data-element_type=\"widget\" data-widget_type=\"about_us_four.default\">\n\t\t\t\t<div class=\"elementor-widget-container\">\n\t\t\t\t\t\t<section class=\"about-section style-two\">\n\t\t<div class=\"anim-icon\">\n\t\t\t<div class=\"icon icon-1 float-bob-x\"><\/div>\n\t\t\t<div class=\"icon icon-3\"><\/div>\n\t\t<\/div>\n\t\t<div class=\"container\">\n\t\t\t<div class=\"row\">\n\t\t\t\t<div class=\"col-lg-6 col-md-12 col-sm-12 content-column\">\n\t\t\t\t\t<div class=\"content-box\">\n\t\t\t\t\t\t<div class=\"sec-title style-two\">\n\t\t\t\t\t\t\t<h5><h1 style=\"font-size: 2.5em; color: #00C3A4; font-weight: bold; line-height: 1.5;\">\n  \u062a\u0623\u0637\u064a\u0631 \u0627\u0644\u062a\u0644\u0627\u0645\u064a\u0630 \u0641\u064a \u0637\u064a\u0628\u0629  : \u0645\u0631\u0627\u0641\u0642\u0629 \u0645\u0646 \u0631\u0648\u0636\u0629 \u0627\u0644\u0623\u0637\u0641\u0627\u0644 \u0625\u0644\u0649 \u0627\u0644\u062b\u0627\u0646\u0648\u064a\u0629<\/h1><\/h5>\n\t\t\t\t\t\t\t<h1><\/h1>\n\t\t\t\t\t\t<\/div>\n\t\t\t\t\t\t<div class=\"bold-text\"><p  style=\" color: #000; text-align:justify;\" >\u062a\u0648\u0644\u064a \u0645\u0624\u0633\u0633\u0627\u062a \u0637\u064a\u0628\u0629 \u0627\u0644\u062a\u0631\u0628\u0648\u064a\u0629 \u0623\u0647\u0645\u064a\u0629 \u0643\u0628\u0631\u0649 \u0644\u0644\u062d\u064a\u0627\u0629 \u0627\u0644\u0645\u062f\u0631\u0633\u064a\u0629\u060c \u0648\u062a\u0639\u062a\u0628\u0631 \u0631\u0643\u064a\u0632\u0629 \u0623\u0633\u0627\u0633\u064a\u0629 \u0644\u0644\u062a\u0639\u0644\u0651\u0645. \u0625\u0630 \u0623\u0646 \u0643\u0644 \u0644\u062d\u0638\u0629 \u064a\u0642\u0636\u064a\u0647\u0627 \u0627\u0644\u0637\u0641\u0644 \u062f\u0627\u062e\u0644 \u0627\u0644\u0645\u0624\u0633\u0633\u0629 \u0647\u064a \u0641\u0631\u0635\u0629 \u0644\u0647 \u0644\u0627\u0643\u062a\u0633\u0627\u0628 \u0645\u0639\u0627\u0631\u0641 \u062c\u062f\u064a\u062f\u0629 \u0648\u062a\u0646\u0645\u064a\u0629 \u0645\u0648\u0627\u0647\u0628\u0647 \u0648\u0625\u0645\u0643\u0627\u0646\u0627\u062a\u0647. \u0637\u064a\u0628\u0629 \u0647\u064a \u0645\u062f\u0631\u0633\u0629 \u062d\u064a\u0627\u0629 \u062d\u0642\u064a\u0642\u064a\u0629 \u0648\u0647\u064a \u0646\u0627\u0641\u0630\u0629 \u0639\u0644\u0649 \u0627\u0644\u0639\u0627\u0644\u0645 \u062a\u062a\u064a\u062d \u0644\u0644\u0637\u0641\u0644 \u0627\u0643\u062a\u0634\u0627\u0641 \u0642\u062f\u0631\u0627\u062a\u0647 \u0627\u0644\u0641\u0637\u0631\u064a\u0629 \u0645\u0646 \u062e\u0644\u0627\u0644 \u0627\u0644\u0623\u0646\u062f\u064a\u0629 \u0648\u0627\u0644\u0645\u0634\u0627\u0631\u064a\u0639 \u0627\u0644\u0634\u0647\u0631\u064a\u0629 \u0648\u0627\u0644\u0633\u0646\u0648\u064a\u0629 \u0648\u0627\u0644\u0645\u0646\u0627\u0633\u0628\u0627\u062a \u0627\u0644\u062e\u0627\u0635\u0629 \u0627\u0644\u0645\u062a\u0646\u0648\u0639\u0629.<\/p><\/div>\n\t\t\t\t\t\t<div class=\"text\">\n\t\t\t\t\t\t\t<p><\/p>\n\t\t\t\t\t\t<\/div>\n\t\t\t\t\t\t<div class=\"btn-box\">\n\t\t\t\t\t\t\n\t\t\t\t\t<a href=\"\" target=\"_blank\" rel=\"nofollow\" class=\"theme-btn\"> \u062a\u0648\u0627\u0635\u0644 \u0645\u0639\u0646\u0627 <\/a>\t\t\t\t\t\t<\/div>\n\t\t\t\t\t<\/div>\n\t\t\t\t<\/div>\n\t\t\t\t<div class=\"col-lg-6 col-md-12 col-sm-12 image-column\">\n\t\t\t\t\t<div class=\"image-box wow fadeInRight animated\" data-wow-delay=\"0ms\" data-wow-duration=\"1500ms\" style=\"visibility: visible; animation-duration: 1500ms; animation-delay: 0ms; animation-name: fadeInRight;\">\n\t\t\t\t\t\t<figure class=\"image image-1\"><img decoding=\"async\" src=\"https:\/\/www.taybah.tn\/wp-content\/uploads\/2023\/10\/encadrement-min-1.jpg\" alt=\"\" loading=\"lazy\"><\/figure>\n\t\t\t\t\t\t<figure class=\"image image-2\"><img decoding=\"async\" src=\"https:\/\/www.taybah.tn\/wp-content\/uploads\/2023\/11\/img5-1-scaled-min.jpg\" alt=\"\" loading=\"lazy\"><\/figure>\n\t\t\t\t\t<\/div>\n\t\t\t\t<\/div>\n\t\t\t<\/div>\n\t\t<\/div>\n\t<\/section> \n\t\t\t\t\t\t<\/div>\n\t\t\t\t<\/div>\n\t\t\t\t\t<\/div>\n\t\t<\/div>\n\t\t\t\t\t<\/div>\n\t\t<\/section>\n\t\t\t\t<\/div>","protected":false},"excerpt":{"rendered":"<p>Vie scolaire | Encadrement Des \u00c9l\u00e8ves Taybah Education Group [&hellip;]<\/p>","protected":false},"author":1,"featured_media":5534,"parent":0,"menu_order":0,"comment_status":"closed","ping_status":"closed","template":"elementor_header_footer","meta":{"inline_featured_image":false,"footnotes":""},"class_list":["post-1374","page","type-page","status-publish","has-post-thumbnail","hentry"],"yoast_head":"<!-- This site is optimized with the Yoast SEO plugin v26.9 - https:\/\/yoast.com\/product\/yoast-seo-wordpress\/ -->\n<title>Encadrement d&#039;excellence - \u00c9cole Taybah, Coll\u00e8ge &amp; Lyc\u00e9e<\/title>\n<meta name=\"description\" content=\"Offrez \u00e0 votre enfant un encadrement personnalis\u00e9 d&#039;excellence \u00e0 Taybah La Marsa dans notre \u00e9cole priv\u00e9e, coll\u00e8ge &amp; lyc\u00e9e pour une r\u00e9ussite garantie !\" \/>\n<meta name=\"robots\" content=\"index, follow, max-snippet:-1, max-image-preview:large, max-video-preview:-1\" \/>\n<link rel=\"canonical\" href=\"https:\/\/www.taybah.tn\/ar\/\u0627\u0644\u0645\u0631\u0627\u0641\u0642\u0629-\u0648\u0627\u0644\u0625\u0634\u0631\u0627\u0641\/\" \/>\n<meta property=\"og:locale\" content=\"ar_AR\" \/>\n<meta property=\"og:type\" content=\"article\" \/>\n<meta property=\"og:title\" content=\"Encadrement d&#039;excellence - \u00c9cole Taybah, Coll\u00e8ge &amp; Lyc\u00e9e\" \/>\n<meta property=\"og:description\" content=\"Offrez \u00e0 votre enfant un encadrement personnalis\u00e9 d&#039;excellence \u00e0 Taybah La Marsa dans notre \u00e9cole priv\u00e9e, coll\u00e8ge &amp; lyc\u00e9e pour une r\u00e9ussite garantie !\" \/>\n<meta property=\"og:url\" content=\"https:\/\/www.taybah.tn\/ar\/\u0627\u0644\u0645\u0631\u0627\u0641\u0642\u0629-\u0648\u0627\u0644\u0625\u0634\u0631\u0627\u0641\/\" \/>\n<meta property=\"og:site_name\" content=\"TAYBAH\" \/>\n<meta property=\"article:modified_time\" content=\"2025-08-16T14:07:24+00:00\" \/>\n<meta property=\"og:image\" content=\"https:\/\/www.taybah.tn\/wp-content\/uploads\/2025\/05\/1-pour-inscrivez-vous.jpg\" \/>\n\t<meta property=\"og:image:width\" content=\"1024\" \/>\n\t<meta property=\"og:image:height\" content=\"347\" \/>\n\t<meta property=\"og:image:type\" content=\"image\/jpeg\" \/>\n<meta name=\"twitter:card\" content=\"summary_large_image\" \/>\n<meta name=\"twitter:label1\" content=\"\u0648\u0642\u062a \u0627\u0644\u0642\u0631\u0627\u0621\u0629 \u0627\u0644\u0645\u064f\u0642\u062f\u0651\u0631\" \/>\n\t<meta name=\"twitter:data1\" content=\"\u062f\u0642\u064a\u0642\u0629 \u0648\u0627\u062d\u062f\u0629\" \/>\n<script type=\"application\/ld+json\" class=\"yoast-schema-graph\">{\"@context\":\"https:\/\/schema.org\",\"@graph\":[{\"@type\":\"WebPage\",\"@id\":\"https:\/\/www.taybah.tn\/encadrement-des-eleves\/\",\"url\":\"https:\/\/www.taybah.tn\/encadrement-des-eleves\/\",\"name\":\"Encadrement d'excellence - \u00c9cole Taybah, Coll\u00e8ge & Lyc\u00e9e\",\"isPartOf\":{\"@id\":\"https:\/\/www.taybah.tn\/#website\"},\"primaryImageOfPage\":{\"@id\":\"https:\/\/www.taybah.tn\/encadrement-des-eleves\/#primaryimage\"},\"image\":{\"@id\":\"https:\/\/www.taybah.tn\/encadrement-des-eleves\/#primaryimage\"},\"thumbnailUrl\":\"https:\/\/www.taybah.tn\/wp-content\/uploads\/2025\/05\/1-pour-inscrivez-vous.jpg\",\"datePublished\":\"2023-10-25T08:52:24+00:00\",\"dateModified\":\"2025-08-16T14:07:24+00:00\",\"description\":\"Offrez \u00e0 votre enfant un encadrement personnalis\u00e9 d'excellence \u00e0 Taybah La Marsa dans notre \u00e9cole priv\u00e9e, coll\u00e8ge & lyc\u00e9e pour une r\u00e9ussite garantie !\",\"breadcrumb\":{\"@id\":\"https:\/\/www.taybah.tn\/encadrement-des-eleves\/#breadcrumb\"},\"inLanguage\":\"ar\",\"potentialAction\":[{\"@type\":\"ReadAction\",\"target\":[\"https:\/\/www.taybah.tn\/encadrement-des-eleves\/\"]}]},{\"@type\":\"ImageObject\",\"inLanguage\":\"ar\",\"@id\":\"https:\/\/www.taybah.tn\/encadrement-des-eleves\/#primaryimage\",\"url\":\"https:\/\/www.taybah.tn\/wp-content\/uploads\/2025\/05\/1-pour-inscrivez-vous.jpg\",\"contentUrl\":\"https:\/\/www.taybah.tn\/wp-content\/uploads\/2025\/05\/1-pour-inscrivez-vous.jpg\",\"width\":1024,\"height\":347},{\"@type\":\"BreadcrumbList\",\"@id\":\"https:\/\/www.taybah.tn\/encadrement-des-eleves\/#breadcrumb\",\"itemListElement\":[{\"@type\":\"ListItem\",\"position\":1,\"name\":\"Accueil\",\"item\":\"https:\/\/www.taybah.tn\/\"},{\"@type\":\"ListItem\",\"position\":2,\"name\":\"Encadrement des \u00e9l\u00e8ves\"}]},{\"@type\":\"WebSite\",\"@id\":\"https:\/\/www.taybah.tn\/#website\",\"url\":\"https:\/\/www.taybah.tn\/\",\"name\":\"TAYBAH\",\"description\":\"TAYBAH Education Group - \u00c9tablissement scolaire priv\u00e9 \u00e0 La Marsa, Tunis, Tunisie\",\"publisher\":{\"@id\":\"https:\/\/www.taybah.tn\/#organization\"},\"potentialAction\":[{\"@type\":\"SearchAction\",\"target\":{\"@type\":\"EntryPoint\",\"urlTemplate\":\"https:\/\/www.taybah.tn\/?s={search_term_string}\"},\"query-input\":{\"@type\":\"PropertyValueSpecification\",\"valueRequired\":true,\"valueName\":\"search_term_string\"}}],\"inLanguage\":\"ar\"},{\"@type\":\"Organization\",\"@id\":\"https:\/\/www.taybah.tn\/#organization\",\"name\":\"TAYBAH\",\"url\":\"https:\/\/www.taybah.tn\/\",\"logo\":{\"@type\":\"ImageObject\",\"inLanguage\":\"ar\",\"@id\":\"https:\/\/www.taybah.tn\/#\/schema\/logo\/image\/\",\"url\":\"https:\/\/www.taybah.tn\/wp-content\/uploads\/2025\/05\/logo-TYb-for-site.png\",\"contentUrl\":\"https:\/\/www.taybah.tn\/wp-content\/uploads\/2025\/05\/logo-TYb-for-site.png\",\"width\":287,\"height\":300,\"caption\":\"TAYBAH\"},\"image\":{\"@id\":\"https:\/\/www.taybah.tn\/#\/schema\/logo\/image\/\"}}]}<\/script>\n<!-- \/ Yoast SEO plugin. -->","yoast_head_json":{"title":"Encadrement d'excellence - \u00c9cole Taybah, Coll\u00e8ge & Lyc\u00e9e","description":"Offrez \u00e0 votre enfant un encadrement personnalis\u00e9 d'excellence \u00e0 Taybah La Marsa dans notre \u00e9cole priv\u00e9e, coll\u00e8ge & lyc\u00e9e pour une r\u00e9ussite garantie !","robots":{"index":"index","follow":"follow","max-snippet":"max-snippet:-1","max-image-preview":"max-image-preview:large","max-video-preview":"max-video-preview:-1"},"canonical":"https:\/\/www.taybah.tn\/ar\/\u0627\u0644\u0645\u0631\u0627\u0641\u0642\u0629-\u0648\u0627\u0644\u0625\u0634\u0631\u0627\u0641\/","og_locale":"ar_AR","og_type":"article","og_title":"Encadrement d'excellence - \u00c9cole Taybah, Coll\u00e8ge & Lyc\u00e9e","og_description":"Offrez \u00e0 votre enfant un encadrement personnalis\u00e9 d'excellence \u00e0 Taybah La Marsa dans notre \u00e9cole priv\u00e9e, coll\u00e8ge & lyc\u00e9e pour une r\u00e9ussite garantie !","og_url":"https:\/\/www.taybah.tn\/ar\/\u0627\u0644\u0645\u0631\u0627\u0641\u0642\u0629-\u0648\u0627\u0644\u0625\u0634\u0631\u0627\u0641\/","og_site_name":"TAYBAH","article_modified_time":"2025-08-16T14:07:24+00:00","og_image":[{"width":1024,"height":347,"url":"https:\/\/www.taybah.tn\/wp-content\/uploads\/2025\/05\/1-pour-inscrivez-vous.jpg","type":"image\/jpeg"}],"twitter_card":"summary_large_image","twitter_misc":{"\u0648\u0642\u062a \u0627\u0644\u0642\u0631\u0627\u0621\u0629 \u0627\u0644\u0645\u064f\u0642\u062f\u0651\u0631":"\u062f\u0642\u064a\u0642\u0629 \u0648\u0627\u062d\u062f\u0629"},"schema":{"@context":"https:\/\/schema.org","@graph":[{"@type":"WebPage","@id":"https:\/\/www.taybah.tn\/encadrement-des-eleves\/","url":"https:\/\/www.taybah.tn\/encadrement-des-eleves\/","name":"Encadrement d'excellence - \u00c9cole Taybah, Coll\u00e8ge & Lyc\u00e9e","isPartOf":{"@id":"https:\/\/www.taybah.tn\/#website"},"primaryImageOfPage":{"@id":"https:\/\/www.taybah.tn\/encadrement-des-eleves\/#primaryimage"},"image":{"@id":"https:\/\/www.taybah.tn\/encadrement-des-eleves\/#primaryimage"},"thumbnailUrl":"https:\/\/www.taybah.tn\/wp-content\/uploads\/2025\/05\/1-pour-inscrivez-vous.jpg","datePublished":"2023-10-25T08:52:24+00:00","dateModified":"2025-08-16T14:07:24+00:00","description":"Offrez \u00e0 votre enfant un encadrement personnalis\u00e9 d'excellence \u00e0 Taybah La Marsa dans notre \u00e9cole priv\u00e9e, coll\u00e8ge & lyc\u00e9e pour une r\u00e9ussite garantie !","breadcrumb":{"@id":"https:\/\/www.taybah.tn\/encadrement-des-eleves\/#breadcrumb"},"inLanguage":"ar","potentialAction":[{"@type":"ReadAction","target":["https:\/\/www.taybah.tn\/encadrement-des-eleves\/"]}]},{"@type":"ImageObject","inLanguage":"ar","@id":"https:\/\/www.taybah.tn\/encadrement-des-eleves\/#primaryimage","url":"https:\/\/www.taybah.tn\/wp-content\/uploads\/2025\/05\/1-pour-inscrivez-vous.jpg","contentUrl":"https:\/\/www.taybah.tn\/wp-content\/uploads\/2025\/05\/1-pour-inscrivez-vous.jpg","width":1024,"height":347},{"@type":"BreadcrumbList","@id":"https:\/\/www.taybah.tn\/encadrement-des-eleves\/#breadcrumb","itemListElement":[{"@type":"ListItem","position":1,"name":"Accueil","item":"https:\/\/www.taybah.tn\/"},{"@type":"ListItem","position":2,"name":"Encadrement des \u00e9l\u00e8ves"}]},{"@type":"WebSite","@id":"https:\/\/www.taybah.tn\/#website","url":"https:\/\/www.taybah.tn\/","name":"TAYBAH","description":"TAYBAH Education Group - \u00c9tablissement scolaire priv\u00e9 \u00e0 La Marsa, Tunis, Tunisie","publisher":{"@id":"https:\/\/www.taybah.tn\/#organization"},"potentialAction":[{"@type":"SearchAction","target":{"@type":"EntryPoint","urlTemplate":"https:\/\/www.taybah.tn\/?s={search_term_string}"},"query-input":{"@type":"PropertyValueSpecification","valueRequired":true,"valueName":"search_term_string"}}],"inLanguage":"ar"},{"@type":"Organization","@id":"https:\/\/www.taybah.tn\/#organization","name":"TAYBAH","url":"https:\/\/www.taybah.tn\/","logo":{"@type":"ImageObject","inLanguage":"ar","@id":"https:\/\/www.taybah.tn\/#\/schema\/logo\/image\/","url":"https:\/\/www.taybah.tn\/wp-content\/uploads\/2025\/05\/logo-TYb-for-site.png","contentUrl":"https:\/\/www.taybah.tn\/wp-content\/uploads\/2025\/05\/logo-TYb-for-site.png","width":287,"height":300,"caption":"TAYBAH"},"image":{"@id":"https:\/\/www.taybah.tn\/#\/schema\/logo\/image\/"}}]}},"_links":{"self":[{"href":"https:\/\/www.taybah.tn\/ar\/wp-json\/wp\/v2\/pages\/1374","targetHints":{"allow":["GET"]}}],"collection":[{"href":"https:\/\/www.taybah.tn\/ar\/wp-json\/wp\/v2\/pages"}],"about":[{"href":"https:\/\/www.taybah.tn\/ar\/wp-json\/wp\/v2\/types\/page"}],"author":[{"embeddable":true,"href":"https:\/\/www.taybah.tn\/ar\/wp-json\/wp\/v2\/users\/1"}],"replies":[{"embeddable":true,"href":"https:\/\/www.taybah.tn\/ar\/wp-json\/wp\/v2\/comments?post=1374"}],"version-history":[{"count":0,"href":"https:\/\/www.taybah.tn\/ar\/wp-json\/wp\/v2\/pages\/1374\/revisions"}],"wp:featuredmedia":[{"embeddable":true,"href":"https:\/\/www.taybah.tn\/ar\/wp-json\/wp\/v2\/media\/5534"}],"wp:attachment":[{"href":"https:\/\/www.taybah.tn\/ar\/wp-json\/wp\/v2\/media?parent=1374"}],"curies":[{"name":"wp","href":"https:\/\/api.w.org\/{rel}","templated":true}]}}