{"id":1043,"date":"2023-09-25T12:12:20","date_gmt":"2023-09-25T10:12:20","guid":{"rendered":"https:\/\/taybahdev.digit-dev.com\/?page_id=1043"},"modified":"2025-07-04T15:50:08","modified_gmt":"2025-07-04T13:50:08","slug":"notre-maternelle","status":"publish","type":"page","link":"https:\/\/www.taybah.tn\/ar\/\u0631\u0648\u0636\u0629-\u0627\u0644\u0623\u0637\u0641\u0627\u0644\/","title":{"rendered":"\u0631\u0648\u0636\u0629 \u0627\u0644\u0623\u0637\u0641\u0627\u0644"},"content":{"rendered":"<div data-elementor-type=\"wp-page\" data-elementor-id=\"1043\" class=\"elementor elementor-1043\">\n\t\t\t\t\t\t<section class=\"elementor-section elementor-top-section elementor-element elementor-element-e69aaf0 elementor-section-stretched elementor-section-full_width elementor-section-height-default elementor-section-height-default\" data-id=\"e69aaf0\" data-element_type=\"section\" data-settings=\"{&quot;stretch_section&quot;:&quot;section-stretched&quot;}\">\n\t\t\t\t\t\t<div class=\"elementor-container elementor-column-gap-default\">\n\t\t\t\t\t<div class=\"elementor-column elementor-col-100 elementor-top-column elementor-element elementor-element-52c312c\" data-id=\"52c312c\" data-element_type=\"column\">\n\t\t\t<div class=\"elementor-widget-wrap elementor-element-populated\">\n\t\t\t\t\n\n\n\t\t<div class=\"elementor-element elementor-element-888d327 elementor-widget elementor-widget-about_us_four\" data-id=\"888d327\" data-element_type=\"widget\" id=\"content-maternelle\" data-widget_type=\"about_us_four.default\">\n\t\t\t\t<div class=\"elementor-widget-container\">\n\t\t\t\t\t\t<section class=\"about-section style-two\">\n\t\t<div class=\"anim-icon\">\n\t\t\t<div class=\"icon icon-1 float-bob-x\"><\/div>\n\t\t\t<div class=\"icon icon-3\"><\/div>\n\t\t<\/div>\n\t\t<div class=\"container\">\n\t\t\t<div class=\"row\">\n\t\t\t\t<div class=\"col-lg-6 col-md-12 col-sm-12 content-column\">\n\t\t\t\t\t<div class=\"content-box\">\n\t\t\t\t\t\t<div class=\"sec-title style-two\">\n\t\t\t\t\t\t\t<h5><h1 style=\"font-size: 2.5em; color: #00C3A4; font-weight: bold; line-height: 1.5; \"\">\n\n\u0631\u0648\u0636\u0629 \u0623\u0637\u0641\u0627\u0644 \u0637\u064a\u0628\u0629\u060c \u0627\u0644\u0645\u0631\u0633\u0649 : \u0641\u062a\u062d \u0628\u0627\u0628 \u0627\u0644\u062a\u0633\u062c\u064a\u0644 \u0644\u0644\u0633\u0646\u0629 \u0627\u0644\u062f\u0631\u0627\u0633\u064a\u0629 2025-2026<\/h1> <br><br>\n\n<\/h5>\n\t\t\t\t\t\t\t<h1><h2 style=\"font-size: 2em; color: #E23B5A; font-weight: bold; line-height: 1.5; \"\">\n     \n \t\n\u062a\u0639\u0631\u064a\u0641 \u0631\u0648\u0636\u0629 \u0623\u0637\u0641\u0627\u0644 \u0637\u064a\u0628\u0629 \u0641\u064a \u0627\u0644\u0645\u0631\u0643\u0632 \u0627\u0644\u062a\u0631\u0628\u0648\u064a\u060c \u0627\u0644\u0645\u0631\u0633\u0649\t<\/h2>\n<\/h1>\n\t\t\t\t\t\t<\/div>\n\t\t\t\t\t\t<div class=\"bold-text\"><p  style=\" color: #000; text-align:justify;\" >\u0645\u0646 \u062e\u0644\u0627\u0644 \u0631\u0624\u064a\u0629 \u0645\u0628\u062a\u0643\u0631\u0629 \u0648\u0641\u0631\u064a\u062f\u0629 \u0645\u0646 \u0646\u0648\u0639\u0647\u0627\u060c \u062a\u062a\u0645\u062b\u0644 \u0627\u0644\u0645\u0647\u0645\u0629 \u0627\u0644\u0631\u0626\u064a\u0633\u064a\u0629 \u0644\u0631\u0648\u0636\u0629 \u0627\u0644\u0623\u0637\u0641\u0627\u0644 \u0644\u062f\u064a\u0646\u0627 \u0641\u064a \u062c\u0639\u0644 \u0627\u0644\u0623\u0637\u0641\u0627\u0644 \u064a\u0631\u063a\u0628\u0648\u0646 \u0641\u064a \u0627\u0644\u0630\u0647\u0627\u0628 \u0625\u0644\u0649 \u0627\u0644\u0645\u062f\u0631\u0633\u0629 \u0644\u0644\u062a\u0639\u0644\u0645 \u0648\u062a\u0623\u0643\u064a\u062f \u0623\u0646\u0641\u0633\u0647\u0645 \u0648\u0627\u0644\u0627\u0632\u062f\u0647\u0627\u0631. \n\u0625\u0630 \u064a\u0633\u0639\u0649 \u0627\u0644\u0625\u0637\u0627\u0631 \u0627\u0644\u0642\u0627\u0626\u0645 \u0639\u0644\u0649 \u0631\u0648\u0636\u0629 \u0627\u0644\u0623\u0637\u0641\u0627\u0644 \u0625\u0644\u0649 \u0627\u0633\u062a\u0643\u0645\u0627\u0644 \u062f\u0648\u0631 \u0627\u0644\u0623\u0633\u0631\u0629 \u0641\u064a \u062a\u0646\u0645\u064a\u0629 \u0642\u062f\u0631\u0627\u062a \u0627\u0644\u0637\u0641\u0644 \u0627\u0644\u0646\u0641\u0633\u064a\u0629 \u0648\u0627\u0644\u0627\u062c\u062a\u0645\u0627\u0639\u064a\u0629 \u0648\u0628\u0646\u0627\u0621 \u0645\u0639\u0627\u0631\u0641\u0647 \u0627\u0644\u0639\u0642\u0644\u064a\u0629 \u0648\u0627\u0644\u0644\u063a\u0648\u064a\u0629 \u0648\u062a\u0646\u0645\u064a\u0629 \u0645\u0647\u0627\u0631\u0627\u062a\u0647 \u0628\u0645\u0627 \u064a\u062a\u0646\u0627\u0633\u0628 \u0645\u0639 \u0642\u062f\u0631\u0627\u062a\u0647.\n\u0641\u064a \u0631\u0648\u0636\u0629 \u0627\u0644\u0623\u0637\u0641\u0627\u0644 \u0627\u0644\u0645\u0633\u0627\u062d\u0627\u062a \u0648\u0627\u0644\u062a\u062c\u0647\u064a\u0632\u0627\u062a \u0645\u0635\u0645\u0645\u0629 \u0628\u0645\u0627 \u064a\u062e\u062f\u0645 \u062a\u0639\u0644\u0645 \u0627\u0644\u0637\u0641\u0644 \u0648\u064a\u0644\u0628\u064a \u0627\u062d\u062a\u064a\u0627\u062c\u0627\u062a\u0647 \u0645\u0639 \u0627\u0644\u062d\u0631\u0635 \u0639\u0644\u0649 \u0627\u062a\u0628\u0627\u0639 \u0623\u0641\u0636\u0644 \u0645\u0639\u0627\u064a\u064a\u0631 \u0627\u0644\u0633\u0644\u0627\u0645\u0629.\n<\/p><\/div>\n\t\t\t\t\t\t<div class=\"text\">\n\t\t\t\t\t\t\t<p><\/p>\n\t\t\t\t\t\t<\/div>\n\t\t\t\t\t\t<div class=\"btn-box\">\n\t\t\t\t\t\t\n\t\t\t\t\t<a href=\"\" target=\"_blank\" rel=\"nofollow\" class=\"theme-btn\"> contacter nous <\/a>\t\t\t\t\t\t<\/div>\n\t\t\t\t\t<\/div>\n\t\t\t\t<\/div>\n\t\t\t\t<div class=\"col-lg-6 col-md-12 col-sm-12 image-column\">\n\t\t\t\t\t<div class=\"image-box wow fadeInRight animated\" data-wow-delay=\"0ms\" data-wow-duration=\"1500ms\" style=\"visibility: visible; animation-duration: 1500ms; animation-delay: 0ms; animation-name: fadeInRight;\">\n\t\t\t\t\t\t<figure class=\"image image-1\"><img decoding=\"async\" src=\"https:\/\/www.taybah.tn\/wp-content\/uploads\/2023\/12\/presentation-taybah-min1.jpg\" alt=\"\" loading=\"lazy\"><\/figure>\n\t\t\t\t\t\t<figure class=\"image image-2\"><img decoding=\"async\" src=\"\" alt=\"\"><\/figure>\n\t\t\t\t\t<\/div>\n\t\t\t\t<\/div>\n\t\t\t<\/div>\n\t\t<\/div>\n\t<\/section> \n\t\t\t\t\t\t<\/div>\n\t\t\t\t<\/div>\n\t\t\t\t\t<\/div>\n\t\t<\/div>\n\t\t\t\t\t<\/div>\n\t\t<\/section>\n\t\t\t\t<section class=\"elementor-section elementor-top-section elementor-element elementor-element-05a0caa elementor-section-full_width elementor-section-height-default elementor-section-height-default\" data-id=\"05a0caa\" data-element_type=\"section\">\n\t\t\t\t\t\t<div class=\"elementor-container elementor-column-gap-default\">\n\t\t\t\t\t<div class=\"elementor-column elementor-col-100 elementor-top-column elementor-element elementor-element-78c4b73\" data-id=\"78c4b73\" data-element_type=\"column\">\n\t\t\t<div class=\"elementor-widget-wrap elementor-element-populated\">\n\t\t\t\t\t\t<div class=\"elementor-element elementor-element-d7fb6b6 con-p elementor-widget elementor-widget-about_us_one\" data-id=\"d7fb6b6\" data-element_type=\"widget\" id=\"liste-maternelle\" data-widget_type=\"about_us_one.default\">\n\t\t\t\t<div class=\"elementor-widget-container\">\n\t\t\t\t\t\t\t<section class=\"about-section\">\n\t\t\t\t\t<div class=\"container\">\n\t\t\t\t<div class=\"row\">\n\t\t\t\t\t<div class=\"col-lg-6 col-md-12 col-sm-12 image-column\">\n\t\t\t\t\t\t<div class=\"image-box wow fadeInLeft\" data-wow-delay=\"0ms\" data-wow-duration=\"1500ms\">\n\t\t\t\t\t\t\t<figure class=\"image image-1\"><img decoding=\"async\" src=\"https:\/\/www.taybah.tn\/wp-content\/uploads\/2023\/12\/maternelle-2-min1-scaled.jpg\" alt=\"\" loading=\"lazy\"><\/figure>\n\t\t\t\t\t\t\t<figure class=\"image image-2\"><img decoding=\"async\" src=\"https:\/\/www.taybah.tn\/wp-content\/uploads\/2023\/12\/maternelle-3-min-scaled.jpg\" alt=\"\" loading=\"lazy\"><\/figure>\n\t\t\t\t\t\t<\/div>\n\t\t\t\t\t<\/div>\n\t\t\t\t\t<div class=\"col-lg-6 col-md-12 col-sm-12 content-column\">\n\t\t\t\t\t\t<div class=\"content-box\">\n\t\t\t\t\t\t\t<div class=\"sec-title style-two\">\n\t\t\t\t\t\t\t\t<h5><\/h5>\n\t\t\t\t\t\t\t\t<p class=\"about_us\"><h2 style=\"font-size: 2 em; color: #E23B5A; font-weight: bold; line-height: 1.5;\">\u0627\u0644\u062a\u0635\u0645\u064a\u0645 \u0627\u0644\u0628\u064a\u062f\u0627\u063a\u0648\u062c\u064a \u0644\u0628\u0631\u0646\u0627\u0645\u062c \u0631\u0648\u0636\u0629 \u0627\u0644\u0623\u0637\u0641\u0627\u0644 \u0637\u064a\u0628\u0629\u060c \u062a\u0648\u0646\u0633<\/h2><\/p>\n\t\t\t\t\t\t\t<\/div>\n\t\t\t\t\t\t\t<div class=\"bold-text\"><ul>\n<li> <span  style=\" color: #000; text-align:justify;\" >\u0627\u0644\u0625\u064a\u0645\u0627\u0646 \u0628\u0627\u0644\u0645\u0648\u0647\u0628\u0629 \u0627\u0644\u0641\u0637\u0631\u064a\u0629 \u0644\u0643\u0644 \u0637\u0641\u0644 \u0648\u0627\u0644\u0633\u0639\u064a \u0648\u0631\u0627\u0621 \u062a\u0637\u0648\u064a\u0631\u0647\u0627\u060c \u0648\u0623\u0646 \u0627\u0644\u0630\u0643\u0627\u0621 \u064a\u062e\u062a\u0644\u0641 \u0645\u0646 \u0637\u0641\u0644 \u0625\u0644\u0649 \u0622\u062e\u0631.<\/span><\/li> \n<li> <span  style=\" color: #000; text-align:justify;\" >\u062a\u0648\u0641\u064a\u0631 \u0628\u064a\u0626\u0629 \u0645\u0646\u0627\u0633\u0628\u0629 \u0644\u062a\u0646\u0645\u064a\u0629 \u0627\u0644\u0630\u0643\u0627\u0621\u0627\u062a \u0627\u0644\u0645\u062a\u0639\u062f\u062f\u0629 \u0644\u062f\u0649 \u0627\u0644\u0645\u062a\u0639\u0644\u0645\u064a\u0646.<\/span><\/li> \n<li> <span  style=\" color: #000; text-align:justify;\" >\u062a\u0648\u0641\u064a\u0631 \u0628\u064a\u0626\u0629 \u0625\u064a\u062c\u0627\u0628\u064a\u0629 \u062a\u0639\u0632\u0632 \u0642\u062f\u0631\u0627\u062a \u0627\u0644\u0637\u0641\u0644<\/span><\/li>\n<li> <span  style=\" color: #000; text-align:justify;\" >\u062a\u062f\u0631\u064a\u0628 \u0627\u0644\u0637\u0641\u0644 \u0639\u0644\u0649 \u0627\u0644\u0627\u0646\u062f\u0645\u0627\u062c \u0641\u064a \u0645\u062c\u0645\u0648\u0639\u0629.<\/span><\/li>\n<li> <span  style=\" color: #000; text-align:justify;\" >\u062a\u0639\u0644\u064a\u0645 \u0627\u0644\u0642\u0631\u0622\u0646 \u0627\u0644\u0643\u0631\u064a\u0645 \u0628\u0637\u0631\u064a\u0642\u0629 \u0645\u062d\u0641\u0632\u0629.<\/span><\/li>\n<li> <span  style=\" color: #000; text-align:justify;\" >\u063a\u0631\u0633 \u0627\u0644\u0642\u064a\u0645 \u0627\u0644\u0623\u062e\u0644\u0627\u0642\u064a\u0629 \u0644\u062f\u0649 \u0627\u0644\u0637\u0641\u0644 \u0645\u0646 \u062e\u0644\u0627\u0644 \u0627\u0644\u0645\u0645\u0627\u0631\u0633\u0629 \u0648\u0627\u0644\u0642\u062f\u0648\u0629 \u0627\u0644\u062d\u0633\u0646\u0629.\n<li> <span  style=\" color: #000; text-align:justify;\" >\u062a\u0648\u0641\u064a\u0631 \u0645\u0633\u0627\u062d\u0627\u062a \u0648\u0627\u0633\u0639\u0629\u060c \u0644\u0644\u0627\u0633\u062a\u0645\u062a\u0627\u0639 \u0627\u0644\u062d\u0631\u0643\u064a \u0648\u0623\u0646\u0634\u0637\u0629 \u062d\u0633\u064a\u0629 \u062a\u0644\u0628\u064a \u0627\u062d\u062a\u064a\u0627\u062c\u0627\u062a \u0627\u0644\u0637\u0641\u0644 \u0627\u0644\u062d\u0631\u0643\u064a\u0629\u060c \u0648\u0628\u0627\u0644\u062a\u0627\u0644\u064a \u062a\u0639\u0632\u0632 \u0627\u0644\u0646\u0645\u0648 \u0627\u0644\u0628\u062f\u0646\u064a \u0627\u0644\u0645\u062a\u0646\u0627\u063a\u0645.<\/span><\/li>\n<li> <span  style=\" color: #000; text-align:justify;\" >\u062a\u062f\u0631\u064a\u0628 \u0627\u0644\u0637\u0641\u0644 \u0639\u0644\u0649 \u0627\u0644\u062a\u0648\u0627\u0635\u0644 \u0628\u0627\u0644\u0644\u063a\u0629 \u0627\u0644\u0639\u0631\u0628\u064a\u0629 \u0627\u0644\u0635\u062d\u064a\u062d\u0629 \u0645\u0646 \u062e\u0644\u0627\u0644 \u062c\u0644\u0633\u0627\u062a \u0627\u0644\u062a\u0639\u0628\u064a\u0631 \u0627\u0644\u0634\u0641\u0627\u0647\u064a \u0648\u0645\u0645\u0627\u0631\u0633\u0629 \u0627\u0644\u0645\u0633\u0631\u062d.<\/span><\/li>\n<li><span  style=\" color: #000; text-align:justify;\" > \u062a\u0639\u0644\u064a\u0645 \u0627\u0644\u0644\u063a\u0629 \u0627\u0644\u0641\u0631\u0646\u0633\u064a\u0629 (\u0627\u0644\u0642\u0631\u0627\u0621\u0629 \u0645\u0646 3 \u0633\u0646\u0648\u0627\u062a \u0648\u0627\u0644\u0643\u062a\u0627\u0628\u0629 \u0645\u0639 \u0627\u0644\u0633\u0646\u0629 \u0627\u0644\u062a\u062d\u0636\u064a\u0631\u064a\u0629)<\/span><\/li>\n<li><span  style=\" color: #000; text-align:justify;\" >\u0646\u0634\u062c\u0639 \u0627\u0644\u0637\u0641\u0644 \u0639\u0644\u0649 \u0627\u0644\u0627\u0643\u062a\u0634\u0627\u0641.<\/span><\/li>\n<\/ul>\n<\/div>\n\t\t\t\t\t\t\t<div class=\"text\">\n\t\t\t\t\t\t\t\t<p><\/p>\n\t\t\t\t\t\t\t<\/div>\n\t\t\t\t\t\t\t<div class=\"btn-box\"><a href=\"\" class=\"theme-btn\"><\/a><\/div>\n\t\t\t\t\t\t<\/div>\n\t\t\t\t\t<\/div>\n\t\t\t\t<\/div>\n\t\t\t<\/div>\n\t\t<\/section>\n\t\t\t\t\t\t<\/div>\n\t\t\t\t<\/div>\n\t\t\t\t\t<\/div>\n\t\t<\/div>\n\t\t\t\t\t<\/div>\n\t\t<\/section>\n\t\t\t\t<\/div>","protected":false},"excerpt":{"rendered":"<p>Pr\u00e9sentation de notre Ecole Maternelle au centre Taybah, La [&hellip;]<\/p>","protected":false},"author":1,"featured_media":6344,"parent":0,"menu_order":0,"comment_status":"closed","ping_status":"closed","template":"elementor_header_footer","meta":{"inline_featured_image":false,"footnotes":""},"class_list":["post-1043","page","type-page","status-publish","has-post-thumbnail","hentry"],"yoast_head":"<!-- This site is optimized with the Yoast SEO plugin v26.9 - https:\/\/yoast.com\/product\/yoast-seo-wordpress\/ -->\n<title>Maternelle Priv\u00e9e Taybah, La Marsa - \u00c9veil &amp; Bienveillance<\/title>\n<meta name=\"description\" content=\"Inscrivez votre enfant dans la meilleure Maternelle \u00e0 La Marsa, Tunisie. \u00c0 Taybah, il s&#039;\u00e9panouit et grandit dans un environnement s\u00e9curis\u00e9 &amp; moderne !\" \/>\n<meta name=\"robots\" content=\"index, follow, max-snippet:-1, max-image-preview:large, max-video-preview:-1\" \/>\n<link rel=\"canonical\" href=\"https:\/\/www.taybah.tn\/ar\/\u0631\u0648\u0636\u0629-\u0627\u0644\u0623\u0637\u0641\u0627\u0644\/\" \/>\n<meta property=\"og:locale\" content=\"ar_AR\" \/>\n<meta property=\"og:type\" content=\"article\" \/>\n<meta property=\"og:title\" content=\"Maternelle Priv\u00e9e Taybah, La Marsa - \u00c9veil &amp; Bienveillance\" \/>\n<meta property=\"og:description\" content=\"Inscrivez votre enfant dans la meilleure Maternelle \u00e0 La Marsa, Tunisie. \u00c0 Taybah, il s&#039;\u00e9panouit et grandit dans un environnement s\u00e9curis\u00e9 &amp; moderne !\" \/>\n<meta property=\"og:url\" content=\"https:\/\/www.taybah.tn\/ar\/\u0631\u0648\u0636\u0629-\u0627\u0644\u0623\u0637\u0641\u0627\u0644\/\" \/>\n<meta property=\"og:site_name\" content=\"TAYBAH\" \/>\n<meta property=\"article:modified_time\" content=\"2025-07-04T13:50:08+00:00\" \/>\n<meta property=\"og:image\" content=\"https:\/\/www.taybah.tn\/wp-content\/uploads\/2025\/06\/Maternelle-2.png\" \/>\n\t<meta property=\"og:image:width\" content=\"1024\" \/>\n\t<meta property=\"og:image:height\" content=\"347\" \/>\n\t<meta property=\"og:image:type\" content=\"image\/png\" \/>\n<meta name=\"twitter:card\" content=\"summary_large_image\" \/>\n<meta name=\"twitter:label1\" content=\"\u0648\u0642\u062a \u0627\u0644\u0642\u0631\u0627\u0621\u0629 \u0627\u0644\u0645\u064f\u0642\u062f\u0651\u0631\" \/>\n\t<meta name=\"twitter:data1\" content=\"3 \u062f\u0642\u0627\u0626\u0642\" \/>\n<script type=\"application\/ld+json\" class=\"yoast-schema-graph\">{\"@context\":\"https:\/\/schema.org\",\"@graph\":[{\"@type\":\"WebPage\",\"@id\":\"https:\/\/www.taybah.tn\/notre-maternelle\/\",\"url\":\"https:\/\/www.taybah.tn\/notre-maternelle\/\",\"name\":\"Maternelle Priv\u00e9e Taybah, La Marsa - \u00c9veil & Bienveillance\",\"isPartOf\":{\"@id\":\"https:\/\/www.taybah.tn\/#website\"},\"primaryImageOfPage\":{\"@id\":\"https:\/\/www.taybah.tn\/notre-maternelle\/#primaryimage\"},\"image\":{\"@id\":\"https:\/\/www.taybah.tn\/notre-maternelle\/#primaryimage\"},\"thumbnailUrl\":\"https:\/\/www.taybah.tn\/wp-content\/uploads\/2025\/06\/Maternelle-2.png\",\"datePublished\":\"2023-09-25T10:12:20+00:00\",\"dateModified\":\"2025-07-04T13:50:08+00:00\",\"description\":\"Inscrivez votre enfant dans la meilleure Maternelle \u00e0 La Marsa, Tunisie. \u00c0 Taybah, il s'\u00e9panouit et grandit dans un environnement s\u00e9curis\u00e9 & moderne !\",\"breadcrumb\":{\"@id\":\"https:\/\/www.taybah.tn\/notre-maternelle\/#breadcrumb\"},\"inLanguage\":\"ar\",\"potentialAction\":[{\"@type\":\"ReadAction\",\"target\":[\"https:\/\/www.taybah.tn\/notre-maternelle\/\"]}]},{\"@type\":\"ImageObject\",\"inLanguage\":\"ar\",\"@id\":\"https:\/\/www.taybah.tn\/notre-maternelle\/#primaryimage\",\"url\":\"https:\/\/www.taybah.tn\/wp-content\/uploads\/2025\/06\/Maternelle-2.png\",\"contentUrl\":\"https:\/\/www.taybah.tn\/wp-content\/uploads\/2025\/06\/Maternelle-2.png\",\"width\":1024,\"height\":347},{\"@type\":\"BreadcrumbList\",\"@id\":\"https:\/\/www.taybah.tn\/notre-maternelle\/#breadcrumb\",\"itemListElement\":[{\"@type\":\"ListItem\",\"position\":1,\"name\":\"Accueil\",\"item\":\"https:\/\/www.taybah.tn\/\"},{\"@type\":\"ListItem\",\"position\":2,\"name\":\"Notre maternelle\"}]},{\"@type\":\"WebSite\",\"@id\":\"https:\/\/www.taybah.tn\/#website\",\"url\":\"https:\/\/www.taybah.tn\/\",\"name\":\"TAYBAH\",\"description\":\"TAYBAH Education Group - \u00c9tablissement scolaire priv\u00e9 \u00e0 La Marsa, Tunis, Tunisie\",\"publisher\":{\"@id\":\"https:\/\/www.taybah.tn\/#organization\"},\"potentialAction\":[{\"@type\":\"SearchAction\",\"target\":{\"@type\":\"EntryPoint\",\"urlTemplate\":\"https:\/\/www.taybah.tn\/?s={search_term_string}\"},\"query-input\":{\"@type\":\"PropertyValueSpecification\",\"valueRequired\":true,\"valueName\":\"search_term_string\"}}],\"inLanguage\":\"ar\"},{\"@type\":\"Organization\",\"@id\":\"https:\/\/www.taybah.tn\/#organization\",\"name\":\"TAYBAH\",\"url\":\"https:\/\/www.taybah.tn\/\",\"logo\":{\"@type\":\"ImageObject\",\"inLanguage\":\"ar\",\"@id\":\"https:\/\/www.taybah.tn\/#\/schema\/logo\/image\/\",\"url\":\"https:\/\/www.taybah.tn\/wp-content\/uploads\/2025\/05\/logo-TYb-for-site.png\",\"contentUrl\":\"https:\/\/www.taybah.tn\/wp-content\/uploads\/2025\/05\/logo-TYb-for-site.png\",\"width\":287,\"height\":300,\"caption\":\"TAYBAH\"},\"image\":{\"@id\":\"https:\/\/www.taybah.tn\/#\/schema\/logo\/image\/\"}}]}<\/script>\n<!-- \/ Yoast SEO plugin. -->","yoast_head_json":{"title":"Maternelle Priv\u00e9e Taybah, La Marsa - \u00c9veil & Bienveillance","description":"Inscrivez votre enfant dans la meilleure Maternelle \u00e0 La Marsa, Tunisie. \u00c0 Taybah, il s'\u00e9panouit et grandit dans un environnement s\u00e9curis\u00e9 & moderne !","robots":{"index":"index","follow":"follow","max-snippet":"max-snippet:-1","max-image-preview":"max-image-preview:large","max-video-preview":"max-video-preview:-1"},"canonical":"https:\/\/www.taybah.tn\/ar\/\u0631\u0648\u0636\u0629-\u0627\u0644\u0623\u0637\u0641\u0627\u0644\/","og_locale":"ar_AR","og_type":"article","og_title":"Maternelle Priv\u00e9e Taybah, La Marsa - \u00c9veil & Bienveillance","og_description":"Inscrivez votre enfant dans la meilleure Maternelle \u00e0 La Marsa, Tunisie. \u00c0 Taybah, il s'\u00e9panouit et grandit dans un environnement s\u00e9curis\u00e9 & moderne !","og_url":"https:\/\/www.taybah.tn\/ar\/\u0631\u0648\u0636\u0629-\u0627\u0644\u0623\u0637\u0641\u0627\u0644\/","og_site_name":"TAYBAH","article_modified_time":"2025-07-04T13:50:08+00:00","og_image":[{"width":1024,"height":347,"url":"https:\/\/www.taybah.tn\/wp-content\/uploads\/2025\/06\/Maternelle-2.png","type":"image\/png"}],"twitter_card":"summary_large_image","twitter_misc":{"\u0648\u0642\u062a \u0627\u0644\u0642\u0631\u0627\u0621\u0629 \u0627\u0644\u0645\u064f\u0642\u062f\u0651\u0631":"3 \u062f\u0642\u0627\u0626\u0642"},"schema":{"@context":"https:\/\/schema.org","@graph":[{"@type":"WebPage","@id":"https:\/\/www.taybah.tn\/notre-maternelle\/","url":"https:\/\/www.taybah.tn\/notre-maternelle\/","name":"Maternelle Priv\u00e9e Taybah, La Marsa - \u00c9veil & Bienveillance","isPartOf":{"@id":"https:\/\/www.taybah.tn\/#website"},"primaryImageOfPage":{"@id":"https:\/\/www.taybah.tn\/notre-maternelle\/#primaryimage"},"image":{"@id":"https:\/\/www.taybah.tn\/notre-maternelle\/#primaryimage"},"thumbnailUrl":"https:\/\/www.taybah.tn\/wp-content\/uploads\/2025\/06\/Maternelle-2.png","datePublished":"2023-09-25T10:12:20+00:00","dateModified":"2025-07-04T13:50:08+00:00","description":"Inscrivez votre enfant dans la meilleure Maternelle \u00e0 La Marsa, Tunisie. \u00c0 Taybah, il s'\u00e9panouit et grandit dans un environnement s\u00e9curis\u00e9 & moderne !","breadcrumb":{"@id":"https:\/\/www.taybah.tn\/notre-maternelle\/#breadcrumb"},"inLanguage":"ar","potentialAction":[{"@type":"ReadAction","target":["https:\/\/www.taybah.tn\/notre-maternelle\/"]}]},{"@type":"ImageObject","inLanguage":"ar","@id":"https:\/\/www.taybah.tn\/notre-maternelle\/#primaryimage","url":"https:\/\/www.taybah.tn\/wp-content\/uploads\/2025\/06\/Maternelle-2.png","contentUrl":"https:\/\/www.taybah.tn\/wp-content\/uploads\/2025\/06\/Maternelle-2.png","width":1024,"height":347},{"@type":"BreadcrumbList","@id":"https:\/\/www.taybah.tn\/notre-maternelle\/#breadcrumb","itemListElement":[{"@type":"ListItem","position":1,"name":"Accueil","item":"https:\/\/www.taybah.tn\/"},{"@type":"ListItem","position":2,"name":"Notre maternelle"}]},{"@type":"WebSite","@id":"https:\/\/www.taybah.tn\/#website","url":"https:\/\/www.taybah.tn\/","name":"TAYBAH","description":"TAYBAH Education Group - \u00c9tablissement scolaire priv\u00e9 \u00e0 La Marsa, Tunis, Tunisie","publisher":{"@id":"https:\/\/www.taybah.tn\/#organization"},"potentialAction":[{"@type":"SearchAction","target":{"@type":"EntryPoint","urlTemplate":"https:\/\/www.taybah.tn\/?s={search_term_string}"},"query-input":{"@type":"PropertyValueSpecification","valueRequired":true,"valueName":"search_term_string"}}],"inLanguage":"ar"},{"@type":"Organization","@id":"https:\/\/www.taybah.tn\/#organization","name":"TAYBAH","url":"https:\/\/www.taybah.tn\/","logo":{"@type":"ImageObject","inLanguage":"ar","@id":"https:\/\/www.taybah.tn\/#\/schema\/logo\/image\/","url":"https:\/\/www.taybah.tn\/wp-content\/uploads\/2025\/05\/logo-TYb-for-site.png","contentUrl":"https:\/\/www.taybah.tn\/wp-content\/uploads\/2025\/05\/logo-TYb-for-site.png","width":287,"height":300,"caption":"TAYBAH"},"image":{"@id":"https:\/\/www.taybah.tn\/#\/schema\/logo\/image\/"}}]}},"_links":{"self":[{"href":"https:\/\/www.taybah.tn\/ar\/wp-json\/wp\/v2\/pages\/1043","targetHints":{"allow":["GET"]}}],"collection":[{"href":"https:\/\/www.taybah.tn\/ar\/wp-json\/wp\/v2\/pages"}],"about":[{"href":"https:\/\/www.taybah.tn\/ar\/wp-json\/wp\/v2\/types\/page"}],"author":[{"embeddable":true,"href":"https:\/\/www.taybah.tn\/ar\/wp-json\/wp\/v2\/users\/1"}],"replies":[{"embeddable":true,"href":"https:\/\/www.taybah.tn\/ar\/wp-json\/wp\/v2\/comments?post=1043"}],"version-history":[{"count":0,"href":"https:\/\/www.taybah.tn\/ar\/wp-json\/wp\/v2\/pages\/1043\/revisions"}],"wp:featuredmedia":[{"embeddable":true,"href":"https:\/\/www.taybah.tn\/ar\/wp-json\/wp\/v2\/media\/6344"}],"wp:attachment":[{"href":"https:\/\/www.taybah.tn\/ar\/wp-json\/wp\/v2\/media?parent=1043"}],"curies":[{"name":"wp","href":"https:\/\/api.w.org\/{rel}","templated":true}]}}